{"id":152873,"date":"2021-01-15T12:33:16","date_gmt":"2021-01-15T12:33:16","guid":{"rendered":"https:\/\/codengine3.ch\/?product=import-placeholder-for-206235"},"modified":"2021-01-15T14:47:27","modified_gmt":"2021-01-15T14:47:27","slug":"schweiz-3d-digital","status":"publish","type":"product","link":"https:\/\/pizbube.ch\/en\/shop\/schweiz-3d-digital\/","title":{"rendered":"Schweiz 3D digital"},"content":{"rendered":"<p>Die ganze Schweiz auf einer digitalen Karte?<br \/>\nKOMPASS macht\u2019s m\u00f6glich. Einfach die KOMPASS DVD &#8218;Schweiz 3D digital&#8216; ins<br \/>\nLaufwerk einlegen und schon erscheint die detaillierte Karte am Bildschirm.<br \/>\nWahlweise kann die Karte f\u00fcr eine noch komfortablere \u2013 schnellere \u2013 Bedienung<br \/>\nauch auf der Festplatte installiert werden. Hunderte T\u00e4ler, Orte und Gebirge<br \/>\nladen dabei zu Outdooraktivit\u00e4ten ein.<br \/>\nDas Handling ist kinderleicht: Man plant in aller Ruhe, misst Entfernungen und<br \/>\nerstellt H\u00f6henprofile. Anschlie\u00dfend druckt man den gew\u00fcnschten Tourenbereich<br \/>\nganz einfach aus \u2013 so oft man will. Desweiteren erm\u00f6glicht die Suchfunktion<br \/>\ndas rasche Auffinden von Orten, Gipfeln usw.<br \/>\nKOMPASS &#038; 3D<br \/>\nUm ein noch eindrucksvolleres Bild der Region vermittelt zu bekommen,<br \/>\nerm\u00f6glicht die KOMPASS DVD eine Darstellung der Landschaft im 3D Modus. Lassen<br \/>\nSie sich von der faszinierenden M\u00f6glichkeit durch T\u00e4ler und \u00fcber Berggipfel zu<br \/>\nfliegen begeistern!  <\/p>\n<p>KOMPASS &#038; GPS<br \/>\nDie digitale KOMPASS Outdoorkarte Schweiz 3D digital ist ideal f\u00fcr GPS-Fans.<br \/>\nMit ihrer Hilfe lassen sich GPS-Tracks und Wegpunkte m\u00fchelos erstellen,<br \/>\nverwalten und bearbeiten. Mittels GPS aufgezeichnete Daten k\u00f6nnen auf die<br \/>\nKarte \u00fcberspielt werden \u2013 damit ist ein einfacher Vergleich zwischen geplanten<br \/>\nund tats\u00e4chlich zur\u00fcckgelegten Strecken m\u00f6glich.<br \/>\nPer Mouseklick ist ein Up- und Download von Tracks und Wegpunkten auf alle<br \/>\nGarmin Outdoorger\u00e4te m\u00f6glich.  <\/p>\n<p>KOMPASS &#038; PDA &#038; Handy<br \/>\nWer die digitale Karte auch im Gel\u00e4nde nicht aus den Augen verlieren m\u00f6chte<br \/>\nund seine Position immer anschaulich am Kartendisplay erkennen will, kann dies<br \/>\nsehr einfach mit einem PDA oder einem Handy idealerweise mit integrierter GPS<br \/>\nAntenne oder GPS-Maus, realisieren. Die auf der KOMPASS DVD enthaltene gratis<br \/>\nPDA und Handy Software erm\u00f6glichen den Transfer von beliebigen<br \/>\nKartenausschnitten auf das externe Ger\u00e4t und eine leichte Navigation im<br \/>\nGel\u00e4nde. Ihre digitale KOMPASS Karte beinhaltet noch keine PDA und keine Handy<br \/>\nSoftware? Einfach aktuelles Software Update gratis downloaden!  <\/p>\n<p>Durch die Kooperation mit Fugawi, TTQV, OziExplorer, MagicMaps, CompeGPS und<br \/>\nApeMap ist auch eine Darstellung der KOMPASS Karten in deren Softwareprodukten<br \/>\ngarantiert!<\/p>","protected":false},"excerpt":{"rendered":"<ul>\n<li><b>INFO: Vergriffen, keine Neuauflage<b><\/li>\n<\/ul>","protected":false},"featured_media":35208,"template":"","meta":[],"product_brand":[],"product_cat":[21628],"product_tag":[],"class_list":{"0":"post-152873","1":"product","2":"type-product","3":"status-publish","4":"has-post-thumbnail","6":"product_cat-video-dvd-multimedia","7":"pa_autor-kompass","8":"pa_erscheinungsjahr-21830","9":"pa_region-schweiz","10":"pa_sprache-de","12":"first","13":"outofstock","14":"taxable","15":"shipping-taxable","16":"purchasable","17":"product-type-simple"},"_links":{"self":[{"href":"https:\/\/pizbube.ch\/en\/wp-json\/wp\/v2\/product\/152873","targetHints":{"allow":["GET"]}}],"collection":[{"href":"https:\/\/pizbube.ch\/en\/wp-json\/wp\/v2\/product"}],"about":[{"href":"https:\/\/pizbube.ch\/en\/wp-json\/wp\/v2\/types\/product"}],"wp:featuredmedia":[{"embeddable":true,"href":"https:\/\/pizbube.ch\/en\/wp-json\/wp\/v2\/media\/35208"}],"wp:attachment":[{"href":"https:\/\/pizbube.ch\/en\/wp-json\/wp\/v2\/media?parent=152873"}],"wp:term":[{"taxonomy":"product_brand","embeddable":true,"href":"https:\/\/pizbube.ch\/en\/wp-json\/wp\/v2\/product_brand?post=152873"},{"taxonomy":"product_cat","embeddable":true,"href":"https:\/\/pizbube.ch\/en\/wp-json\/wp\/v2\/product_cat?post=152873"},{"taxonomy":"product_tag","embeddable":true,"href":"https:\/\/pizbube.ch\/en\/wp-json\/wp\/v2\/product_tag?post=152873"}],"curies":[{"name":"wp","href":"https:\/\/api.w.org\/{rel}","templated":true}]}}