{"id":152874,"date":"2021-01-15T12:33:16","date_gmt":"2021-01-15T12:33:16","guid":{"rendered":"https:\/\/codengine3.ch\/?product=import-placeholder-for-206457"},"modified":"2021-01-15T14:49:06","modified_gmt":"2021-01-15T14:49:06","slug":"das-grosse-gipfelhandbuch","status":"publish","type":"product","link":"https:\/\/pizbube.ch\/en\/shop\/das-grosse-gipfelhandbuch\/","title":{"rendered":"Das gro\u00dfe Gipfelhandbuch"},"content":{"rendered":"<p>Die 125 sch\u00f6nsten Bergziele der Alpen  <\/p>\n<p>Die sch\u00f6nsten Ziele f\u00fcr Gipfelst\u00fcrmer<br \/>\nDie Alpen: Mit ihren Tausenden von Bergen bieten sie unz\u00e4hlige M\u00f6glichkeiten<br \/>\nf\u00fcr Gipfeltouren. 150 der sch\u00f6nsten Gipfelziele in diesem Buch: von ber\u00fchmt<br \/>\nbis Geheimtipp, von den bayerischen Voralpen bis in die West- und S\u00fcdalpen.<br \/>\nNeben den besten Routen zum Gipfelkreuz finden Sie Infos von Erstbesteigungen,<br \/>\nBergsteigererfolg und -misserfolg und zu geologischen oder botanischen<br \/>\nBesonderheiten. Ein Buch f\u00fcr alle, die die Faszination &#8218;Gipfel&#8216; teilen.<br \/>\n336 Seiten, ca. 280 Abbildungen, Format 19,1 x 25,3 cm, Hardcover  <\/p>","protected":false},"excerpt":{"rendered":"<p>Die 125 sch\u00f6nsten Bergziele der Alpen Die sch\u00f6nsten Ziele f\u00fcr Gipfelst\u00fcrmer Die Alpen: Mit ihren Tausenden von Bergen bieten sie unz\u00e4hlige M\u00f6glichkeiten f\u00fcr Gipfeltouren. 150 der sch\u00f6nsten Gipfelziele in diesem Buch: von ber\u00fchmt bis Geheimtipp, von den bayerischen Voralpen bis in die West- und S\u00fcdalpen. Neben den besten Routen zum Gipfelkreuz finden Sie Infos von [&#8230;]\n","protected":false},"featured_media":35502,"template":"","meta":[],"product_brand":[],"product_cat":[21542],"product_tag":[],"class_list":{"0":"post-152874","1":"product","2":"type-product","3":"status-publish","4":"has-post-thumbnail","6":"product_cat-sachbuecher-dokumentationen","7":"pa_autor-hoefler","8":"pa_erscheinungsjahr-21610","9":"pa_region-schweiz","10":"pa_sprache-de","12":"first","13":"instock","14":"taxable","15":"shipping-taxable","16":"purchasable","17":"product-type-simple"},"_links":{"self":[{"href":"https:\/\/pizbube.ch\/en\/wp-json\/wp\/v2\/product\/152874","targetHints":{"allow":["GET"]}}],"collection":[{"href":"https:\/\/pizbube.ch\/en\/wp-json\/wp\/v2\/product"}],"about":[{"href":"https:\/\/pizbube.ch\/en\/wp-json\/wp\/v2\/types\/product"}],"wp:featuredmedia":[{"embeddable":true,"href":"https:\/\/pizbube.ch\/en\/wp-json\/wp\/v2\/media\/35502"}],"wp:attachment":[{"href":"https:\/\/pizbube.ch\/en\/wp-json\/wp\/v2\/media?parent=152874"}],"wp:term":[{"taxonomy":"product_brand","embeddable":true,"href":"https:\/\/pizbube.ch\/en\/wp-json\/wp\/v2\/product_brand?post=152874"},{"taxonomy":"product_cat","embeddable":true,"href":"https:\/\/pizbube.ch\/en\/wp-json\/wp\/v2\/product_cat?post=152874"},{"taxonomy":"product_tag","embeddable":true,"href":"https:\/\/pizbube.ch\/en\/wp-json\/wp\/v2\/product_tag?post=152874"}],"curies":[{"name":"wp","href":"https:\/\/api.w.org\/{rel}","templated":true}]}}