{"id":152875,"date":"2021-01-15T12:33:16","date_gmt":"2021-01-15T12:33:16","guid":{"rendered":"https:\/\/codengine3.ch\/?product=import-placeholder-for-202380"},"modified":"2021-01-15T12:35:48","modified_gmt":"2021-01-15T12:35:48","slug":"muenchner-hausberge","status":"publish","type":"product","link":"https:\/\/pizbube.ch\/en\/shop\/muenchner-hausberge\/","title":{"rendered":"M\u00fcnchner Hausberge"},"content":{"rendered":"<p>DAS Original unter den Wanderb\u00fcchern f\u00fcr die bayerischen Alpen, die M\u00fcnchner<br \/>\nHausberge &#8211; Die klassischen Ziele, in kompletter Neubearbeitung von Michael<br \/>\nPause erschienen. Der Bergjournalist stellt darin 68 Touren zwischen dem<br \/>\nHochgern \u00fcber dem Chiemsee und dem S\u00e4uling \u00fcber Neuschwanstein vor.<\/p>\n<p>Dieser Klassiker der Bergliteratur ver\u00f6ffentlichte sein Vater Walter Pause<br \/>\nerstmals Ende der 60er-Jahre. Anl\u00e4sslich des 100. Geburtstags 2007 von Walter<br \/>\nPause wurde nun jede der Touren mit Ausz\u00fcgen aus den Originaltexten erg\u00e4nzt &#8211;<br \/>\nBeschreibungen von literarischer Qualit\u00e4t, die Millionen von Lesern einst den<br \/>\nZauber der Berge n\u00e4her brachte. Diese Faszination der Berge wird in der<br \/>\nNeuauflage f\u00f6rmlich greifbar, denn zahlreiche Bilder zeigen die wundervolle<br \/>\nNatur und machen Lust sofort den Rucksack zu packen und die Bergschuhe zu<br \/>\nschn\u00fcren.  <\/p>\n<p>Bergwanderer und Bergsteiger finden m\u00fchelos die f\u00fcr sie passenden Routen, da<br \/>\ndie unterschiedlichen Schwierigkeitsgrade (Wanderung, Bergtour, leichte<br \/>\nKletterei) farblich gekennzeichnet sind. Zu jeder Tour wurden die wichtigsten<br \/>\nInformationen inklusive Einkehrm\u00f6glichkeiten \u00fcbersichtlich zusammengefasst und<br \/>\nmit einer topografischen Karte versehen.<\/p>\n<p>So erf\u00e4hrt man mit einen Blick die Gehzeiten, den Schwierigkeitsgrad oder auch<br \/>\nwelche Tour als Winterwanderung geeignet ist. Familien finden zu jedem Ziel<br \/>\neine Angabe, ab welchem Alter Kinder die Wanderung bew\u00e4ltigen k\u00f6nnen. Michael<br \/>\nPauses M\u00fcnchner Hausberge ist ein Klassiker wie die Berge, die dieser<br \/>\nvielf\u00e4ltige Wanderf\u00fchrer beschreibt: ein Muss f\u00fcr alle Bergfreunde, die im<br \/>\ns\u00fcddeutschen Raum leben oder f\u00fcr die, die dort ihren Urlaub verbringen<br \/>\nm\u00f6chten.  <\/p>","protected":false},"excerpt":{"rendered":"<p>DAS Original unter den Wanderb\u00fcchern f\u00fcr die bayerischen Alpen, die M\u00fcnchner Hausberge &#8211; Die klassischen Ziele, in kompletter Neubearbeitung von Michael Pause erschienen. Der Bergjournalist stellt darin 68 Touren zwischen dem Hochgern \u00fcber dem Chiemsee und dem S\u00e4uling \u00fcber Neuschwanstein vor. Dieser Klassiker der Bergliteratur ver\u00f6ffentlichte sein Vater Walter Pause erstmals Ende der 60er-Jahre. Anl\u00e4sslich [&#8230;]\n","protected":false},"featured_media":26291,"template":"","meta":[],"product_brand":[],"product_cat":[21544],"product_tag":[],"class_list":{"0":"post-152875","1":"product","2":"type-product","3":"status-publish","4":"has-post-thumbnail","6":"product_cat-fuehrerliteratur-alpin-sommer","7":"pa_autor-pause","8":"pa_erscheinungsjahr-21621","9":"pa_region-deutschland","10":"pa_sprache-de","12":"first","13":"instock","14":"taxable","15":"shipping-taxable","16":"purchasable","17":"product-type-simple"},"_links":{"self":[{"href":"https:\/\/pizbube.ch\/en\/wp-json\/wp\/v2\/product\/152875","targetHints":{"allow":["GET"]}}],"collection":[{"href":"https:\/\/pizbube.ch\/en\/wp-json\/wp\/v2\/product"}],"about":[{"href":"https:\/\/pizbube.ch\/en\/wp-json\/wp\/v2\/types\/product"}],"wp:featuredmedia":[{"embeddable":true,"href":"https:\/\/pizbube.ch\/en\/wp-json\/wp\/v2\/media\/26291"}],"wp:attachment":[{"href":"https:\/\/pizbube.ch\/en\/wp-json\/wp\/v2\/media?parent=152875"}],"wp:term":[{"taxonomy":"product_brand","embeddable":true,"href":"https:\/\/pizbube.ch\/en\/wp-json\/wp\/v2\/product_brand?post=152875"},{"taxonomy":"product_cat","embeddable":true,"href":"https:\/\/pizbube.ch\/en\/wp-json\/wp\/v2\/product_cat?post=152875"},{"taxonomy":"product_tag","embeddable":true,"href":"https:\/\/pizbube.ch\/en\/wp-json\/wp\/v2\/product_tag?post=152875"}],"curies":[{"name":"wp","href":"https:\/\/api.w.org\/{rel}","templated":true}]}}