{"id":152876,"date":"2021-01-15T12:33:17","date_gmt":"2021-01-15T12:33:17","guid":{"rendered":"https:\/\/codengine3.ch\/?product=import-placeholder-for-204592"},"modified":"2021-01-15T14:34:42","modified_gmt":"2021-01-15T14:34:42","slug":"tegernseer-und-schlierseer-berge-52-touren","status":"publish","type":"product","link":"https:\/\/pizbube.ch\/en\/shop\/tegernseer-und-schlierseer-berge-52-touren\/","title":{"rendered":"Tegernseer und Schlierseer Berge &#8211; 52 Touren"},"content":{"rendered":"<p>\nDie Region um Tegernsee, Schliersee und Spitzingsee gilt vielen als Inbegriff<br \/>\nder bayerischen Voralpenlandschaft. Seen, bewaldete H\u00fcgel und erste felsige<br \/>\nGipfel inmitten von b\u00e4uerlichem Kulturland gehen eine harmonische Verbindung<br \/>\nein. Bewirtschaftete Almen und die meist leicht erreichbaren aussichtsreichen<br \/>\nGipfel machen die Tegernseer und Schlierseer Berge zu einer beliebten<br \/>\nWandergegend.  <\/p>\n<p>Der Rother Wanderf\u00fchrer \u00bbTegernseer und Schlierseer Berge\u00ab stellt 52<br \/>\nabwechslungsreiche Touren unterschiedlichen Schwierigkeitsgrads vor: Ein<br \/>\nausgedehntes, gepflegtes Wirtschafts- und Wanderwegenetz bietet<br \/>\nabwechslungsreiche Tourenm\u00f6glichkeiten. Seilbahnen, zum Beispiel auf den<br \/>\nWendelstein und den Wallberg, bringen die Wanderer zu luftigen Ausgangspunkten<br \/>\nf\u00fcr unbeschwerte Ausfl\u00fcge und Spazierg\u00e4nge. Und schlie\u00dflich kann man in den<br \/>\nTegernseer und Schlierseer Bergen fast das ganze Jahr \u00fcber wandern!  <\/p>\n<p>Autor Heinrich Bauregger hat f\u00fcr diesen Rother Wanderf\u00fchrer 52 Touren<br \/>\nausgew\u00e4hlt \u2013 leichte Talspazierg\u00e4nge, reizvolle Almwanderungen, anspruchsvolle<br \/>\nGipfeltouren und genussvolle Mehrtagestouren. \u00dcbersichtliche Kurzinfos mit<br \/>\nallen wichtigen Angaben, farbige Wanderk\u00e4rtchen mit eingetragenem<br \/>\nRoutenverlauf, aussagekr\u00e4ftige H\u00f6henprofile und genaue Wegbeschreibungen zu<br \/>\njeder Tour erleichtern die Vorbereitung und die Orientierung vor Ort. Au\u00dferdem<br \/>\nstehen GPS-Tracks zu allen Touren zum Download bereit.  <\/p>\n<p>8. Auflage 2016; 152 Seiten mit 75 Farbabbildungen<br \/>\n52 H\u00f6henprofile, 54 Wanderk\u00e4rtchen im Ma\u00dfstab 1:50.000 und 1:75.000, zwei<br \/>\n\u00dcbersichtskarte im Ma\u00dfstab 1:200.000 und 1:500.000  <\/p>","protected":false},"excerpt":{"rendered":"<ul>\n<li><a href=\"https:\/\/pizbube.ch\/wp-content\/uploads\/attachments\/a_015\/54E1E81CF7660DD4045A63D79FE29544.pdf\" target=\"_blank\" rel=\"noopener\">PDF: Inhaltsverzeichnis_Tegernsee<\/a><\/li>\n<\/ul>","protected":false},"featured_media":32742,"template":"","meta":[],"product_brand":[],"product_cat":[21605],"product_tag":[],"class_list":{"0":"post-152876","1":"product","2":"type-product","3":"status-publish","4":"has-post-thumbnail","6":"product_cat-wanderfuehrer-trekking","7":"pa_autor-bauregger","8":"pa_erscheinungsjahr-21571","9":"pa_region-deutschland","10":"pa_sprache-de","12":"first","13":"instock","14":"taxable","15":"shipping-taxable","16":"purchasable","17":"product-type-simple"},"_links":{"self":[{"href":"https:\/\/pizbube.ch\/en\/wp-json\/wp\/v2\/product\/152876","targetHints":{"allow":["GET"]}}],"collection":[{"href":"https:\/\/pizbube.ch\/en\/wp-json\/wp\/v2\/product"}],"about":[{"href":"https:\/\/pizbube.ch\/en\/wp-json\/wp\/v2\/types\/product"}],"wp:featuredmedia":[{"embeddable":true,"href":"https:\/\/pizbube.ch\/en\/wp-json\/wp\/v2\/media\/32742"}],"wp:attachment":[{"href":"https:\/\/pizbube.ch\/en\/wp-json\/wp\/v2\/media?parent=152876"}],"wp:term":[{"taxonomy":"product_brand","embeddable":true,"href":"https:\/\/pizbube.ch\/en\/wp-json\/wp\/v2\/product_brand?post=152876"},{"taxonomy":"product_cat","embeddable":true,"href":"https:\/\/pizbube.ch\/en\/wp-json\/wp\/v2\/product_cat?post=152876"},{"taxonomy":"product_tag","embeddable":true,"href":"https:\/\/pizbube.ch\/en\/wp-json\/wp\/v2\/product_tag?post=152876"}],"curies":[{"name":"wp","href":"https:\/\/api.w.org\/{rel}","templated":true}]}}