{"id":152877,"date":"2021-01-15T12:33:17","date_gmt":"2021-01-15T12:33:17","guid":{"rendered":"https:\/\/codengine3.ch\/?product=import-placeholder-for-204896"},"modified":"2025-10-18T10:29:14","modified_gmt":"2025-10-18T08:29:14","slug":"parc-ela","status":"publish","type":"product","link":"https:\/\/pizbube.ch\/en\/shop\/parc-ela\/","title":{"rendered":"Parc Ela"},"content":{"rendered":"<p>Wanderlesebuch; Albulatal &#8211; Surses<\/p>\n<p>Das Gebiet des gr\u00f6ssten Naturparks der Schweiz liegt zwischen Davos und dem<br \/>\nOberengadin, zwischen der Regio Viamala und dem Bergell. Es umfasst die T\u00e4ler<br \/>\nAlbula und Surses und ihre Umgebung. Die drei wichtigen P\u00e4ssen Albula, Julier<br \/>\nund Septimer beschenkten die Durchgangst\u00e4ler mit einer reichen Kulturf\u00fclle:<br \/>\nSt. Peter Mistail, eine der \u00e4ltesten Drei-Apsiden-Kirchen der Schweiz und<br \/>\nspanische Barock-Kirchen im Surses sind nur einige Beispiele. Das Albulatal<br \/>\nwird von der Rh\u00e4tischen Bahn erschlossen; die Albulalinie mit ihren Viadukten,<br \/>\nTunnels und Kehrtunnels ist Kandidatin f\u00fcr das Welterbe der Unesco und gilt<br \/>\nals eine der spektakul\u00e4rsten Bahnlinien der Welt.<\/p>\n<p>In seinem reich illustrierten Wanderlesebuch schl\u00e4gt Peter Donatsch 13<br \/>\nWanderungen durch den Parc Ela vor. Aber vor allem erz\u00e4hlt er auch<br \/>\nGeschichten: Von einer ermordeten Wirtin und einem lebendigen Kulturhaus, vom<br \/>\nErfinder des Zwiebacks, einem mutigen Gemeindepr\u00e4sidenten und einer noch<br \/>\nmutigeren Frau und von vielem mehr.<\/p>","protected":false},"excerpt":{"rendered":"<p>Wanderlesebuch; Albulatal &#8211; Surses Das Gebiet des gr\u00f6ssten Naturparks der Schweiz liegt zwischen Davos und dem Oberengadin, zwischen der Regio Viamala und dem Bergell. Es umfasst die T\u00e4ler Albula und Surses und ihre Umgebung. Die drei wichtigen P\u00e4ssen Albula, Julier und Septimer beschenkten die Durchgangst\u00e4ler mit einer reichen Kulturf\u00fclle: St. Peter Mistail, eine der \u00e4ltesten [&#8230;]\n","protected":false},"featured_media":181805,"template":"","meta":[],"product_brand":[],"product_cat":[21605],"product_tag":[],"class_list":{"0":"post-152877","1":"product","2":"type-product","3":"status-publish","4":"has-post-thumbnail","6":"product_cat-wanderfuehrer-trekking","7":"pa_autor-donatsch","8":"pa_erscheinungsjahr-21842","9":"pa_region-schweiz","10":"pa_sprache-de","12":"first","13":"instock","14":"taxable","15":"shipping-taxable","16":"purchasable","17":"product-type-simple"},"_links":{"self":[{"href":"https:\/\/pizbube.ch\/en\/wp-json\/wp\/v2\/product\/152877","targetHints":{"allow":["GET"]}}],"collection":[{"href":"https:\/\/pizbube.ch\/en\/wp-json\/wp\/v2\/product"}],"about":[{"href":"https:\/\/pizbube.ch\/en\/wp-json\/wp\/v2\/types\/product"}],"wp:featuredmedia":[{"embeddable":true,"href":"https:\/\/pizbube.ch\/en\/wp-json\/wp\/v2\/media\/181805"}],"wp:attachment":[{"href":"https:\/\/pizbube.ch\/en\/wp-json\/wp\/v2\/media?parent=152877"}],"wp:term":[{"taxonomy":"product_brand","embeddable":true,"href":"https:\/\/pizbube.ch\/en\/wp-json\/wp\/v2\/product_brand?post=152877"},{"taxonomy":"product_cat","embeddable":true,"href":"https:\/\/pizbube.ch\/en\/wp-json\/wp\/v2\/product_cat?post=152877"},{"taxonomy":"product_tag","embeddable":true,"href":"https:\/\/pizbube.ch\/en\/wp-json\/wp\/v2\/product_tag?post=152877"}],"curies":[{"name":"wp","href":"https:\/\/api.w.org\/{rel}","templated":true}]}}