{"id":152878,"date":"2021-01-15T12:33:17","date_gmt":"2021-01-15T12:33:17","guid":{"rendered":"https:\/\/codengine3.ch\/?product=import-placeholder-for-206047"},"modified":"2021-01-15T14:45:56","modified_gmt":"2021-01-15T14:45:56","slug":"parc-ela-2","status":"publish","type":"product","link":"https:\/\/pizbube.ch\/en\/shop\/parc-ela-2\/","title":{"rendered":"Parc Ela"},"content":{"rendered":"<p>Ein Wegweiser zu Natur und Kultur im Albulatal und Surses  <\/p>\n<p>Der Parc Ela ist reich an Natur- und Kultursch\u00e4tzen. Doch viele dieser Sch\u00e4tze<br \/>\nliegen noch im Verborgenen, weil sie f\u00fcr den Laien nicht erkennbar sind. Das<br \/>\nwill der neue, handliche, informative und attraktiv aufgemachte F\u00fchrer zur<br \/>\nNatur und Kultur im Parc Ela \u00e4ndern. Auf rund 200 Seiten \u00f6ffnet der F\u00fchrer die<br \/>\nAugen f\u00fcr die Vorg\u00e4nge in der Natur, weist auf Ereignisse in der Geschichte<br \/>\nund ihre Spuren in der Landschaft und in Siedlungen hin. Das Werk zeigt vor<br \/>\nallem auf, wie die Menschen seit Jahrhunderten die Landschaft pr\u00e4gen und<br \/>\nmitgestalten. 8 Wege zum Staunen laden dazu ein, sich Themen im Park auf den<br \/>\neigenen F\u00fcssen zu erwandern und der Serviceteil bietet Hilfe beim Erkunden des<br \/>\nParks.  <\/p>","protected":false},"excerpt":{"rendered":"<p>Ein Wegweiser zu Natur und Kultur im Albulatal und Surses Der Parc Ela ist reich an Natur- und Kultursch\u00e4tzen. Doch viele dieser Sch\u00e4tze liegen noch im Verborgenen, weil sie f\u00fcr den Laien nicht erkennbar sind. Das will der neue, handliche, informative und attraktiv aufgemachte F\u00fchrer zur Natur und Kultur im Parc Ela \u00e4ndern. Auf rund [&#8230;]\n","protected":false},"featured_media":34941,"template":"","meta":[],"product_brand":[],"product_cat":[21605],"product_tag":[],"class_list":{"0":"post-152878","1":"product","2":"type-product","3":"status-publish","4":"has-post-thumbnail","6":"product_cat-wanderfuehrer-trekking","7":"pa_autor-gredig","8":"pa_erscheinungsjahr-21693","9":"pa_region-schweiz","10":"pa_sprache-de","12":"first","13":"instock","14":"taxable","15":"shipping-taxable","16":"purchasable","17":"product-type-simple"},"_links":{"self":[{"href":"https:\/\/pizbube.ch\/en\/wp-json\/wp\/v2\/product\/152878","targetHints":{"allow":["GET"]}}],"collection":[{"href":"https:\/\/pizbube.ch\/en\/wp-json\/wp\/v2\/product"}],"about":[{"href":"https:\/\/pizbube.ch\/en\/wp-json\/wp\/v2\/types\/product"}],"wp:featuredmedia":[{"embeddable":true,"href":"https:\/\/pizbube.ch\/en\/wp-json\/wp\/v2\/media\/34941"}],"wp:attachment":[{"href":"https:\/\/pizbube.ch\/en\/wp-json\/wp\/v2\/media?parent=152878"}],"wp:term":[{"taxonomy":"product_brand","embeddable":true,"href":"https:\/\/pizbube.ch\/en\/wp-json\/wp\/v2\/product_brand?post=152878"},{"taxonomy":"product_cat","embeddable":true,"href":"https:\/\/pizbube.ch\/en\/wp-json\/wp\/v2\/product_cat?post=152878"},{"taxonomy":"product_tag","embeddable":true,"href":"https:\/\/pizbube.ch\/en\/wp-json\/wp\/v2\/product_tag?post=152878"}],"curies":[{"name":"wp","href":"https:\/\/api.w.org\/{rel}","templated":true}]}}