{"id":152879,"date":"2021-01-15T12:33:17","date_gmt":"2021-01-15T12:33:17","guid":{"rendered":"https:\/\/codengine3.ch\/?product=import-placeholder-for-206898"},"modified":"2021-01-15T14:53:08","modified_gmt":"2021-01-15T14:53:08","slug":"der-septimer","status":"publish","type":"product","link":"https:\/\/pizbube.ch\/en\/shop\/der-septimer\/","title":{"rendered":"Der Septimer"},"content":{"rendered":"<p>\nWahrnehmung und Darstellung eines Alpenpasses im Mittelalter  <\/p>\n<p>Die vorliegende Studie besch\u00e4ftigt sich mit der Wahrnehmung und Darstellung<br \/>\neines in Mittelalter und Neuzeit sehr bekannten B\u00fcndner Alpenpasses, des<br \/>\nSeptimer, auf 2310m H\u00f6he am Alpenhauptkamm gelegen, und auch mit der \u00fcber ihn<br \/>\nf\u00fchrenden Strasse von Chur nach Chiavenna, wie sie in mittelalterlichen<br \/>\nReiseberichten und anderen Reisenotizen, literarischen, geographisch-<br \/>\nkartographischen Quellen und Rechtstexten begegnen.<br \/>\nUnter den literarischen Quellen finden sich bekanntere wie Gottfrieds von<br \/>\nStrassburg Versroman von Tristan und Isold, aber auch weniger bekannte wie der<br \/>\nhebr\u00e4ische Josippon aus dem 10. Jahrhundert und ein Schulbuch f\u00fcr den<br \/>\nElementarunterricht an Kloster- und Stiftsschulen, das sog. Summarium Heinrici<br \/>\nnoch aus dem 11. Jahrhundert, ferner sp\u00e4tmittelalterliche Passionsspiele, die<br \/>\nf\u00fcr ein breiteres Publikum gedacht waren.<\/p>\n<p>In einigen Quellen f\u00e4llt auf, dass die Vorstellung der Menschen, ihr<br \/>\nErfahrungs- und Bildungswissen, nicht mit der Wirklichkeit \u00fcbereinstimmt,<br \/>\nvielmehr der Septimerpass, obgleich keineswegs der h\u00f6chste Berg der Alpen, die<br \/>\nAura von unfassbarer Gr\u00f6sse, von Unendlichkeit hat bzw. im Verbund mit dem<br \/>\nGrossen St. Bernhard im Westen als Metapher f\u00fcr die Alpen schlechthin steht.<br \/>\nW\u00e4hrend beide P\u00e4sse in der ber\u00fchmten Ebstorfer Weltkarte des 13. Jahrhunderts<br \/>\nin einen heilsgeschichtlichen Kontext eingebettet sind, wird der Septimerpass<br \/>\nim Sp\u00e4tmittelalter in Itineraren und Karten zum realen geographischen Punkt.<br \/>\nDoch sind diese Karten noch nicht die n\u00fcchternen Produkte wissenschaftlicher<br \/>\nVermessung moderner Zeit, wenn sie auch schon Ans\u00e4tze dazu zeigen; vielmehr<br \/>\nhaftet ihnen ein ganz eigener Reiz an, besonders ausgepr\u00e4gt in einer<br \/>\nBearbeitung der verlorenen Cusanus-Karte aus dem sp\u00e4ten 15. Jahrhundert, in<br \/>\nwelcher die Berge wie Jakobsmuscheln oder Napfkuchen wirken.  <\/p>\n<p>Ebenso erlangte der Septimerpass im Mittelalter als vermeintlicher<br \/>\nHauptquellort des Rheins bzw. als wichtige Wasserscheide der Alpen und als<br \/>\nh\u00e4ufig &#8211; besonders in den Landfrieden des 14. Jahrhunderts &#8211; fixierter<br \/>\nGrenzpunkt Ber\u00fchmtheit, w\u00e4hrend er heute ziemlich unbekannt ist. Doch selbst<br \/>\ndie grossz\u00fcgige Sanierung des (gepflasterten) Passweges zwischen Bivio und<br \/>\nCasaccia, dessen \u00dcberreste vermutlich vom Strassenbau des Bergellers Jakob von<br \/>\nCastelmur aus dem sp\u00e4ten 14. Jahrhundert herr\u00fchren, durch das Inventar<br \/>\nhistorischer Verkehrswege der Schweiz in den 1990er-Jahren vermochte den einst<br \/>\nso ber\u00fchmten Alpen\u00fcbergang nicht aus seiner Nische zu holen: Er bleibt ein<br \/>\neinsamer Pass, der Wanderer und Skil\u00e4ufer an eine grosse Vergangenheit<br \/>\nerinnern kann.  <\/p>\n<p>452 Seiten mit Illustrationen  <\/p>","protected":false},"excerpt":{"rendered":"<p>Wahrnehmung und Darstellung eines Alpenpasses im Mittelalter Die vorliegende Studie besch\u00e4ftigt sich mit der Wahrnehmung und Darstellung eines in Mittelalter und Neuzeit sehr bekannten B\u00fcndner Alpenpasses, des Septimer, auf 2310m H\u00f6he am Alpenhauptkamm gelegen, und auch mit der \u00fcber ihn f\u00fchrenden Strasse von Chur nach Chiavenna, wie sie in mittelalterlichen Reiseberichten und anderen Reisenotizen, literarischen, [&#8230;]\n","protected":false},"featured_media":36369,"template":"","meta":[],"product_brand":[],"product_cat":[21542],"product_tag":[],"class_list":{"0":"post-152879","1":"product","2":"type-product","3":"status-publish","4":"has-post-thumbnail","6":"product_cat-sachbuecher-dokumentationen","7":"pa_autor-ringel","8":"pa_erscheinungsjahr-21610","9":"pa_region-schweiz","10":"pa_sprache-de","12":"first","13":"instock","14":"taxable","15":"shipping-taxable","16":"purchasable","17":"product-type-simple"},"_links":{"self":[{"href":"https:\/\/pizbube.ch\/en\/wp-json\/wp\/v2\/product\/152879","targetHints":{"allow":["GET"]}}],"collection":[{"href":"https:\/\/pizbube.ch\/en\/wp-json\/wp\/v2\/product"}],"about":[{"href":"https:\/\/pizbube.ch\/en\/wp-json\/wp\/v2\/types\/product"}],"wp:featuredmedia":[{"embeddable":true,"href":"https:\/\/pizbube.ch\/en\/wp-json\/wp\/v2\/media\/36369"}],"wp:attachment":[{"href":"https:\/\/pizbube.ch\/en\/wp-json\/wp\/v2\/media?parent=152879"}],"wp:term":[{"taxonomy":"product_brand","embeddable":true,"href":"https:\/\/pizbube.ch\/en\/wp-json\/wp\/v2\/product_brand?post=152879"},{"taxonomy":"product_cat","embeddable":true,"href":"https:\/\/pizbube.ch\/en\/wp-json\/wp\/v2\/product_cat?post=152879"},{"taxonomy":"product_tag","embeddable":true,"href":"https:\/\/pizbube.ch\/en\/wp-json\/wp\/v2\/product_tag?post=152879"}],"curies":[{"name":"wp","href":"https:\/\/api.w.org\/{rel}","templated":true}]}}