{"id":152882,"date":"2021-01-15T12:33:17","date_gmt":"2021-01-15T12:33:17","guid":{"rendered":"https:\/\/codengine3.ch\/?product=import-placeholder-for-205067"},"modified":"2024-08-13T12:41:33","modified_gmt":"2024-08-13T10:41:33","slug":"cevennen-ardeche","status":"publish","type":"product","link":"https:\/\/pizbube.ch\/en\/shop\/cevennen-ardeche\/","title":{"rendered":"Cevennen &#8211; Ard\u00e8che"},"content":{"rendered":"<p class=\"mt-3\">Mit Grands Causses, Aigoual-Massiv und Mont Loz\u00e8re<\/p>\n<p><span class=\"value\">Gr\u00fcne Berge, karge Hochfl\u00e4chen, eine s\u00fcdliche Flora und tiefe Schluchten mit wilden Fl\u00fcssen, die immer wieder zum Baden einladen: Die Cevennen und die Ard\u00e8che im S\u00fcden Frankreichs begeistern mit ihrer einzigartigen Landschaft. Zum Wandern bieten die Berge und Schluchten fantastische M\u00f6glichkeiten. Der Rother Wanderf\u00fchrer \u00bbCevennen \u2013 Ard\u00e8che\u00ab stellt 56 abwechslungsreiche Touren vor, mit denen sich der Urlaub in S\u00fcdfrankreich so richtig genie\u00dfen l\u00e4sst.<\/span><\/p>\n<p>Abseits ausgetretener touristischer Pfade f\u00fchren die Wanderungen auf die karstigen Gipfel und Hochfl\u00e4chen der Causses und des Mont Loz\u00e8re, von denen sich grandiose Fernblicke bieten. Weite Teile der Cevennen sind Nationalpark, verstreut liegen malerische D\u00f6rfer und St\u00e4dtchen. Die Landschaft am \u00dcbergang zwischen dem Massif Central und dem Rh\u00f4netal punktet mit nahezu unber\u00fchrter Natur. Es geht zu kleinen Wasserf\u00e4llen, H\u00f6hlen und durch die atemberaubenden Schluchten der Fl\u00fcsse Tarn, Jonte und Dourbie. Eindrucksvoll sind auch die fast parallel eingeschnittenen Gardont\u00e4ler.<\/p>\n<p>Die Tourenauswahl in diesem Wanderf\u00fchrer reicht von einfachen, gem\u00fctlichen Spazierg\u00e4ngen, die viel Zeit f\u00fcr Besichtigungen und Badestopps lassen, bis zu anspruchsvollen Wanderungen in der wilden Bergwelt.<\/p>\n<p>Jeder Tourenvorschlag wird mit einer zuverl\u00e4ssigen Wegbeschreibung, einem Kartenausschnitt mit Routeneintrag und einem aussagekr\u00e4ftigen H\u00f6henprofil vorgestellt. Gepr\u00fcfte GPS-Tracks zum Download machen die Orientierung unterwegs einfach. Au\u00dferdem liefert der Wanderf\u00fchrer viele Tipps zu Einkehrm\u00f6glichkeiten und Sehensw\u00fcrdigkeiten \u2013 der ideale Begleiter also f\u00fcr einen abwechslungsreichen Urlaub in S\u00fcdfrankreich.<\/p>\n<p>56 Wanderk\u00e4rtchen im Ma\u00dfstab 1:25.000 und 1:50.000, 56 H\u00f6henprofile, zwei \u00dcbersichtskarten im Ma\u00dfstab 1:800.000 und 1:1.700.000, GPS-Daten zum Download<br \/>\n200 Seiten;<br \/>\n6., aktualisierte Auflage 2024<\/p>\n<p>&nbsp;<\/p>","protected":false},"excerpt":{"rendered":"<p>Mit Grands Causses, Aigoual-Massiv und Mont Loz\u00e8re Gr\u00fcne Berge, karge Hochfl\u00e4chen, eine s\u00fcdliche Flora und tiefe Schluchten mit wilden Fl\u00fcssen, die immer wieder zum Baden einladen: Die Cevennen und die Ard\u00e8che im S\u00fcden Frankreichs begeistern mit ihrer einzigartigen Landschaft. Zum Wandern bieten die Berge und Schluchten fantastische M\u00f6glichkeiten. Der Rother Wanderf\u00fchrer \u00bbCevennen \u2013 Ard\u00e8che\u00ab stellt [&#8230;]\n","protected":false},"featured_media":174368,"template":"","meta":[],"product_brand":[],"product_cat":[21605],"product_tag":[],"class_list":{"0":"post-152882","1":"product","2":"type-product","3":"status-publish","4":"has-post-thumbnail","6":"product_cat-wanderfuehrer-trekking","7":"pa_autor-forst","8":"pa_erscheinungsjahr-27339","9":"pa_region-frankreich","10":"pa_sprache-de","12":"first","13":"instock","14":"taxable","15":"shipping-taxable","16":"purchasable","17":"product-type-simple"},"_links":{"self":[{"href":"https:\/\/pizbube.ch\/en\/wp-json\/wp\/v2\/product\/152882","targetHints":{"allow":["GET"]}}],"collection":[{"href":"https:\/\/pizbube.ch\/en\/wp-json\/wp\/v2\/product"}],"about":[{"href":"https:\/\/pizbube.ch\/en\/wp-json\/wp\/v2\/types\/product"}],"wp:featuredmedia":[{"embeddable":true,"href":"https:\/\/pizbube.ch\/en\/wp-json\/wp\/v2\/media\/174368"}],"wp:attachment":[{"href":"https:\/\/pizbube.ch\/en\/wp-json\/wp\/v2\/media?parent=152882"}],"wp:term":[{"taxonomy":"product_brand","embeddable":true,"href":"https:\/\/pizbube.ch\/en\/wp-json\/wp\/v2\/product_brand?post=152882"},{"taxonomy":"product_cat","embeddable":true,"href":"https:\/\/pizbube.ch\/en\/wp-json\/wp\/v2\/product_cat?post=152882"},{"taxonomy":"product_tag","embeddable":true,"href":"https:\/\/pizbube.ch\/en\/wp-json\/wp\/v2\/product_tag?post=152882"}],"curies":[{"name":"wp","href":"https:\/\/api.w.org\/{rel}","templated":true}]}}