{"id":152883,"date":"2021-01-15T12:33:17","date_gmt":"2021-01-15T12:33:17","guid":{"rendered":"https:\/\/codengine3.ch\/?product=import-placeholder-for-205063"},"modified":"2021-01-15T14:38:25","modified_gmt":"2021-01-15T14:38:25","slug":"escalades-a-l-hortus","status":"publish","type":"product","link":"https:\/\/pizbube.ch\/en\/shop\/escalades-a-l-hortus\/","title":{"rendered":"Escalades \u00e0 l&#8216; Hortus"},"content":{"rendered":"<p>La falaise de l&#8217;Hortus est une face d&#8217;une centaine de m\u00e8tres de haut. Il y a<br \/>\nquelques voies d&#8217;une longueur dans le socle et au-dessus de la vire.<\/p>\n<p>L&#8217;int\u00e9r\u00eat du site r\u00e9side principalement dans les voies de plusieurs longueurs<br \/>\n(60m \u00e0 120m).  <\/p>\n<p>Beaucoup de voies sont r\u00e9\u00e9quip\u00e9es avec un \u00e9quipement espac\u00e9 spits, goujons et<br \/>\npitons, les coinceurs peuvent \u00eatre utiles. Les voies les moins classiques ne<br \/>\nsont pas r\u00e9\u00e9quip\u00e9es, l&#8217;\u00e9quipement y est v\u00e9tuste et souvent incomplet. Ainsi,<br \/>\nce site d&#8217;escalade s&#8217;adresse \u00e0 un public exp\u00e9riment\u00e9.<\/p>","protected":false},"excerpt":{"rendered":"<p>La falaise de l&#8217;Hortus est une face d&#8217;une centaine de m\u00e8tres de haut. Il y a quelques voies d&#8217;une longueur dans le socle et au-dessus de la vire. L&#8217;int\u00e9r\u00eat du site r\u00e9side principalement dans les voies de plusieurs longueurs (60m \u00e0 120m). Beaucoup de voies sont r\u00e9\u00e9quip\u00e9es avec un \u00e9quipement espac\u00e9 spits, goujons et pitons, [&#8230;]\n","protected":false},"featured_media":33659,"template":"","meta":[],"product_brand":[],"product_cat":[21539],"product_tag":[],"class_list":{"0":"post-152883","1":"product","2":"type-product","3":"status-publish","4":"has-post-thumbnail","6":"product_cat-fuehrerliteratur-sportklettern-bouldern","7":"pa_autor-fabre-roumanille","8":"pa_erscheinungsjahr-22292","9":"pa_region-frankreich","10":"pa_sprache-fr","12":"first","13":"instock","14":"taxable","15":"shipping-taxable","16":"purchasable","17":"product-type-simple"},"_links":{"self":[{"href":"https:\/\/pizbube.ch\/en\/wp-json\/wp\/v2\/product\/152883","targetHints":{"allow":["GET"]}}],"collection":[{"href":"https:\/\/pizbube.ch\/en\/wp-json\/wp\/v2\/product"}],"about":[{"href":"https:\/\/pizbube.ch\/en\/wp-json\/wp\/v2\/types\/product"}],"wp:featuredmedia":[{"embeddable":true,"href":"https:\/\/pizbube.ch\/en\/wp-json\/wp\/v2\/media\/33659"}],"wp:attachment":[{"href":"https:\/\/pizbube.ch\/en\/wp-json\/wp\/v2\/media?parent=152883"}],"wp:term":[{"taxonomy":"product_brand","embeddable":true,"href":"https:\/\/pizbube.ch\/en\/wp-json\/wp\/v2\/product_brand?post=152883"},{"taxonomy":"product_cat","embeddable":true,"href":"https:\/\/pizbube.ch\/en\/wp-json\/wp\/v2\/product_cat?post=152883"},{"taxonomy":"product_tag","embeddable":true,"href":"https:\/\/pizbube.ch\/en\/wp-json\/wp\/v2\/product_tag?post=152883"}],"curies":[{"name":"wp","href":"https:\/\/api.w.org\/{rel}","templated":true}]}}