{"id":152885,"date":"2021-01-15T12:33:23","date_gmt":"2021-01-15T12:33:23","guid":{"rendered":"https:\/\/codengine3.ch\/?product=import-placeholder-for-207925"},"modified":"2024-05-28T16:09:35","modified_gmt":"2024-05-28T14:09:35","slug":"gaston-rebuffat-la-montagne-pour-amie","status":"publish","type":"product","link":"https:\/\/pizbube.ch\/en\/shop\/gaston-rebuffat-la-montagne-pour-amie\/","title":{"rendered":"Gaston R\u00e9buffat &#8211; La montagne pour amie"},"content":{"rendered":"<p>Apr\u00e8s le succ\u00e8s du beau livre \u00e9ponyme, la biographie de Gaston R\u00e9buffat est<br \/>\nici r\u00e9\u00e9dit\u00e9e dans une version revue et augment\u00e9e, dans laquelle Yves Ballu a<br \/>\nsouhait\u00e9 apporter des pr\u00e9cisions jusqu\u2019alors tenues secr\u00e8tes notamment sur la<br \/>\nr\u00e9alit\u00e9 et les dessous de l\u2019exp\u00e9dition de 1950 sur l\u2019Annapurna.<\/p>\n<p>Gaston R\u00e9buffat, mort en 1985, a occup\u00e9 une place de premier plan dans<br \/>\nl\u2019histoire de l\u2019alpinisme mondial. Sa longue silhouette, sa d\u00e9marche<br \/>\ntranquille, son parler vrai qui \u00e9voquait \u00e0 merveille le monde de la haute<br \/>\nmontagne, ses attitudes toujours harmonieuses dans une gestuelle de<br \/>\nl\u2019alpinisme dont il a \u00e9t\u00e9 le po\u00e8te-p\u00e9dagogue inoubliable, son pull-over<br \/>\njacquard ; tout, chez Gaston R\u00e9buffat concourait \u00e0 une philosophie de<br \/>\nl\u2019alpinisme tr\u00e8s personnelle.<\/p>\n<p>C\u2019est cette philosophie \u2014 novatrice \u00e0 bien des \u00e9gards \u2014 qui a inspir\u00e9 des<br \/>\nvocations nombreuses de guides, d\u2019alpinistes, et plus g\u00e9n\u00e9ralement suscit\u00e9 de<br \/>\nla part du grand public une r\u00e9elle admiration.<br \/>\nN\u00e9 \u00e0 Marseille, Gaston R\u00e9buffat d\u00e9couvre l\u2019escalade dans le massif des<br \/>\nCalanques tout proche, puis la haute montagne, gr\u00e2ce \u00e0 un ami \u00ab grand fr\u00e8re en<br \/>\nalpinisme \u00bb. Au fil de ses choix successifs, on suit la progression du jeune<br \/>\ngrimpeur vers un destin trac\u00e9 qu\u2019il atteindra gr\u00e2ce \u00e0 une t\u00e9nacit\u00e9 hors du<br \/>\ncommun : R\u00e9buffat a choisi la montagne, il veut y vivre, et donc en vivre.<\/p>\n<p>Devenu le plus jeune guide dipl\u00f4m\u00e9 de France, il s\u2019installe \u00e0 Chamonix pour y<br \/>\nexercer le m\u00e9tier dont il a toujours r\u00eav\u00e9. D\u00e9sormais il est de la montagne<br \/>\ncomme on est d\u2019un pays. Le nombre et la qualit\u00e9 de ses ascensions lui vaudront<br \/>\nd\u2019\u00eatre s\u00e9lectionn\u00e9 dans l\u2019\u00e9quipe de l\u2019Annapurna avec ses amis Terray et<br \/>\nLachenal sous l\u2019autorit\u00e9 de Maurice Herzog. Cette exp\u00e9dition historique sera<br \/>\nune \u00e9tape importante dans sa vie, une \u00e9tape difficile dont il gardera un<br \/>\nsouvenir amer.<br \/>\nIl compl\u00e8te ensuite son activit\u00e9 de guide avec celles d\u2019\u00e9crivain, de cin\u00e9aste<br \/>\net de conf\u00e9rencier dans lesquelles il va se r\u00e9v\u00e9ler au monde entier comme la<br \/>\nfigure embl\u00e9matique d\u2019un alpinisme apais\u00e9 dont les valeurs sont d\u2019abord celles<br \/>\nde la montagne comprise, amie, apprivois\u00e9e\u2026<\/p>","protected":false},"excerpt":{"rendered":"<p>Apr\u00e8s le succ\u00e8s du beau livre \u00e9ponyme, la biographie de Gaston R\u00e9buffat est ici r\u00e9\u00e9dit\u00e9e dans une version revue et augment\u00e9e, dans laquelle Yves Ballu a souhait\u00e9 apporter des pr\u00e9cisions jusqu\u2019alors tenues secr\u00e8tes notamment sur la r\u00e9alit\u00e9 et les dessous de l\u2019exp\u00e9dition de 1950 sur l\u2019Annapurna. Gaston R\u00e9buffat, mort en 1985, a occup\u00e9 une place [&#8230;]\n","protected":false},"featured_media":38851,"template":"","meta":[],"product_brand":[],"product_cat":[21542],"product_tag":[],"class_list":{"0":"post-152885","1":"product","2":"type-product","3":"status-publish","4":"has-post-thumbnail","6":"product_cat-sachbuecher-dokumentationen","7":"pa_autor-ballu","8":"pa_erscheinungsjahr-21610","9":"pa_region-frankreich","10":"pa_sprache-fr","12":"first","13":"outofstock","14":"taxable","15":"shipping-taxable","16":"purchasable","17":"product-type-simple"},"_links":{"self":[{"href":"https:\/\/pizbube.ch\/en\/wp-json\/wp\/v2\/product\/152885","targetHints":{"allow":["GET"]}}],"collection":[{"href":"https:\/\/pizbube.ch\/en\/wp-json\/wp\/v2\/product"}],"about":[{"href":"https:\/\/pizbube.ch\/en\/wp-json\/wp\/v2\/types\/product"}],"wp:featuredmedia":[{"embeddable":true,"href":"https:\/\/pizbube.ch\/en\/wp-json\/wp\/v2\/media\/38851"}],"wp:attachment":[{"href":"https:\/\/pizbube.ch\/en\/wp-json\/wp\/v2\/media?parent=152885"}],"wp:term":[{"taxonomy":"product_brand","embeddable":true,"href":"https:\/\/pizbube.ch\/en\/wp-json\/wp\/v2\/product_brand?post=152885"},{"taxonomy":"product_cat","embeddable":true,"href":"https:\/\/pizbube.ch\/en\/wp-json\/wp\/v2\/product_cat?post=152885"},{"taxonomy":"product_tag","embeddable":true,"href":"https:\/\/pizbube.ch\/en\/wp-json\/wp\/v2\/product_tag?post=152885"}],"curies":[{"name":"wp","href":"https:\/\/api.w.org\/{rel}","templated":true}]}}