{"id":152886,"date":"2021-01-15T12:33:23","date_gmt":"2021-01-15T12:33:23","guid":{"rendered":"https:\/\/codengine3.ch\/?product=import-placeholder-for-208102"},"modified":"2024-07-18T12:05:39","modified_gmt":"2024-07-18T10:05:39","slug":"premieres-ascensions-dans-le-massif-du-mont-blanc","status":"publish","type":"product","link":"https:\/\/pizbube.ch\/en\/shop\/premieres-ascensions-dans-le-massif-du-mont-blanc\/","title":{"rendered":"Premi\u00e8res ascensions dans le massif du Mont-Blanc"},"content":{"rendered":"<p>En laissant la parole aux acteurs de la conqu\u00eate du massif du Mont-Blanc, cet<br \/>\nouvrage donne le r\u00e9cit de quinze premi\u00e8res ascensions historiques (1770-1904)<br \/>\nde quinze sommets mythiques.<\/p>\n<p>Sur un ton neutre ou conqu\u00e9rant, vif, pol\u00e9miques ou d\u00e9suet, voici d\u00e9crits les<br \/>\ncheminements originels, les tentatives et les \u00e9checs, l\u2019instant o\u00f9 les<br \/>\npionniers foul\u00e8rent pour la premi\u00e8re fois le Buet, le mont Blanc du Tacul,<br \/>\nl\u2019aiguille du Midi, celle d\u2019Argenti\u00e8re, le Dolent, la Verte et les Drus, les<br \/>\nJorasses, le Gr\u00e9pon, les Grands Charmoz, la R\u00e9publique&#8230;<\/p>\n<p>Et plus principalement, apr\u00e8s le brassage de deux cents ans de pol\u00e9mique et de<br \/>\nrelations partiales, cette anthologie livre le r\u00e9cit le plus exact qui puisse<br \/>\n\u00eatre de la premi\u00e8re ascension du mont Blanc, in\u00e9dit en fran\u00e7ais, par Michel<br \/>\nPaccard (d\u2019apr\u00e8s ses notes) et Jacques Balmat.<\/p>\n<p>320 pages , 300 illustrations<\/p>","protected":false},"excerpt":{"rendered":"<p>En laissant la parole aux acteurs de la conqu\u00eate du massif du Mont-Blanc, cet ouvrage donne le r\u00e9cit de quinze premi\u00e8res ascensions historiques (1770-1904) de quinze sommets mythiques. Sur un ton neutre ou conqu\u00e9rant, vif, pol\u00e9miques ou d\u00e9suet, voici d\u00e9crits les cheminements originels, les tentatives et les \u00e9checs, l\u2019instant o\u00f9 les pionniers foul\u00e8rent pour la [&#8230;]\n","protected":false},"featured_media":173981,"template":"","meta":[],"product_brand":[],"product_cat":[21542],"product_tag":[],"class_list":{"0":"post-152886","1":"product","2":"type-product","3":"status-publish","4":"has-post-thumbnail","6":"product_cat-sachbuecher-dokumentationen","7":"pa_autor-jullien-perret","8":"pa_erscheinungsjahr-21586","9":"pa_region-frankreich","10":"pa_sprache-fr","12":"first","13":"outofstock","14":"taxable","15":"shipping-taxable","16":"purchasable","17":"product-type-simple"},"_links":{"self":[{"href":"https:\/\/pizbube.ch\/en\/wp-json\/wp\/v2\/product\/152886","targetHints":{"allow":["GET"]}}],"collection":[{"href":"https:\/\/pizbube.ch\/en\/wp-json\/wp\/v2\/product"}],"about":[{"href":"https:\/\/pizbube.ch\/en\/wp-json\/wp\/v2\/types\/product"}],"wp:featuredmedia":[{"embeddable":true,"href":"https:\/\/pizbube.ch\/en\/wp-json\/wp\/v2\/media\/173981"}],"wp:attachment":[{"href":"https:\/\/pizbube.ch\/en\/wp-json\/wp\/v2\/media?parent=152886"}],"wp:term":[{"taxonomy":"product_brand","embeddable":true,"href":"https:\/\/pizbube.ch\/en\/wp-json\/wp\/v2\/product_brand?post=152886"},{"taxonomy":"product_cat","embeddable":true,"href":"https:\/\/pizbube.ch\/en\/wp-json\/wp\/v2\/product_cat?post=152886"},{"taxonomy":"product_tag","embeddable":true,"href":"https:\/\/pizbube.ch\/en\/wp-json\/wp\/v2\/product_tag?post=152886"}],"curies":[{"name":"wp","href":"https:\/\/api.w.org\/{rel}","templated":true}]}}