{"id":152887,"date":"2021-01-15T12:33:23","date_gmt":"2021-01-15T12:33:23","guid":{"rendered":"https:\/\/codengine3.ch\/?product=import-placeholder-for-203758"},"modified":"2021-01-15T14:26:18","modified_gmt":"2021-01-15T14:26:18","slug":"pedriza-vias-conocidas-y-desconocidas","status":"publish","type":"product","link":"https:\/\/pizbube.ch\/en\/shop\/pedriza-vias-conocidas-y-desconocidas\/","title":{"rendered":"Pedriza V\u00edas conocidas y desconocidas"},"content":{"rendered":"<p>En esta gu\u00eda sobre La Pedriza, una de las mejores escuelas de escalada de<br \/>\nEspa\u00f1a, se incluyen 80 riscos actualizados con 111 croquis y 16 panor\u00e1micas,<br \/>\ntodo sobre excelentes fotograf\u00edas a todo color para una r\u00e1pida localizaci\u00f3n de<br \/>\nlos mejores itinerarios. V\u00edas cl\u00e1sicas, itinerarios equipados de varios<br \/>\nlargos, rutas con descuelgue, placas de adherencia, fisuras de empotramiento,<br \/>\nmuros de setas e incluso alg\u00fan itinerario invernal ordenados en cuatro<br \/>\npr\u00e1cticos cap\u00edtulos.<br \/>\nIncluye todo tipo de dificultades (desde IV+ hasta 8a+ ) y gran n\u00famero de<br \/>\npropuestas in\u00e9ditas hasta la fecha, \u00fatiles para los que se inician en La<br \/>\nPedriza o para consumados pedriceros.<\/p>","protected":false},"excerpt":{"rendered":"<p>En esta gu\u00eda sobre La Pedriza, una de las mejores escuelas de escalada de Espa\u00f1a, se incluyen 80 riscos actualizados con 111 croquis y 16 panor\u00e1micas, todo sobre excelentes fotograf\u00edas a todo color para una r\u00e1pida localizaci\u00f3n de los mejores itinerarios. V\u00edas cl\u00e1sicas, itinerarios equipados de varios largos, rutas con descuelgue, placas de adherencia, fisuras [&#8230;]\n","protected":false},"featured_media":31433,"template":"","meta":[],"product_brand":[],"product_cat":[21539],"product_tag":[],"class_list":{"0":"post-152887","1":"product","2":"type-product","3":"status-publish","4":"has-post-thumbnail","6":"product_cat-fuehrerliteratur-sportklettern-bouldern","7":"pa_autor-nunez","8":"pa_erscheinungsjahr-21776","9":"pa_region-spanien","10":"pa_sprache-sp","12":"first","13":"instock","14":"taxable","15":"shipping-taxable","16":"purchasable","17":"product-type-simple"},"_links":{"self":[{"href":"https:\/\/pizbube.ch\/en\/wp-json\/wp\/v2\/product\/152887","targetHints":{"allow":["GET"]}}],"collection":[{"href":"https:\/\/pizbube.ch\/en\/wp-json\/wp\/v2\/product"}],"about":[{"href":"https:\/\/pizbube.ch\/en\/wp-json\/wp\/v2\/types\/product"}],"wp:featuredmedia":[{"embeddable":true,"href":"https:\/\/pizbube.ch\/en\/wp-json\/wp\/v2\/media\/31433"}],"wp:attachment":[{"href":"https:\/\/pizbube.ch\/en\/wp-json\/wp\/v2\/media?parent=152887"}],"wp:term":[{"taxonomy":"product_brand","embeddable":true,"href":"https:\/\/pizbube.ch\/en\/wp-json\/wp\/v2\/product_brand?post=152887"},{"taxonomy":"product_cat","embeddable":true,"href":"https:\/\/pizbube.ch\/en\/wp-json\/wp\/v2\/product_cat?post=152887"},{"taxonomy":"product_tag","embeddable":true,"href":"https:\/\/pizbube.ch\/en\/wp-json\/wp\/v2\/product_tag?post=152887"}],"curies":[{"name":"wp","href":"https:\/\/api.w.org\/{rel}","templated":true}]}}