{"id":152891,"date":"2021-01-15T12:33:24","date_gmt":"2021-01-15T12:33:24","guid":{"rendered":"https:\/\/codengine3.ch\/?product=import-placeholder-for-202418"},"modified":"2021-01-15T12:36:06","modified_gmt":"2021-01-15T12:36:06","slug":"canyoning-touren-schweiz","status":"publish","type":"product","link":"https:\/\/pizbube.ch\/en\/shop\/canyoning-touren-schweiz\/","title":{"rendered":"Canyoning Touren Schweiz"},"content":{"rendered":"<p>Canyoning en Suisse<br \/>\nCanyoning-Le vie Svizzere  <\/p>\n<p>Auswahlf\u00fchrer mit 31 Schluchten in der ganzen Schweiz.<br \/>\nSchwierigkeitsbewertungen, Situationspl\u00e4ne, exakte Topos, Adressen f\u00fcr<br \/>\nAusk\u00fcnfte, Beitr\u00e4ge \u00fcber Geologie, Metereologie und Hydrologie<\/p>","protected":false},"excerpt":{"rendered":"<p>Canyoning en Suisse Canyoning-Le vie Svizzere Auswahlf\u00fchrer mit 31 Schluchten in der ganzen Schweiz. Schwierigkeitsbewertungen, Situationspl\u00e4ne, exakte Topos, Adressen f\u00fcr Ausk\u00fcnfte, Beitr\u00e4ge \u00fcber Geologie, Metereologie und Hydrologie<\/p>","protected":false},"featured_media":29804,"template":"","meta":[],"product_brand":[],"product_cat":[21650],"product_tag":[],"class_list":{"0":"post-152891","1":"product","2":"type-product","3":"status-publish","4":"has-post-thumbnail","6":"product_cat-canyoningfuehrer","7":"pa_autor-brunner-betrisey","8":"pa_erscheinungsjahr-22242","9":"pa_region-schweiz","10":"pa_sprache-d","11":"pa_sprache-f","12":"pa_sprache-i","14":"first","15":"instock","16":"taxable","17":"shipping-taxable","18":"purchasable","19":"product-type-simple"},"_links":{"self":[{"href":"https:\/\/pizbube.ch\/en\/wp-json\/wp\/v2\/product\/152891","targetHints":{"allow":["GET"]}}],"collection":[{"href":"https:\/\/pizbube.ch\/en\/wp-json\/wp\/v2\/product"}],"about":[{"href":"https:\/\/pizbube.ch\/en\/wp-json\/wp\/v2\/types\/product"}],"wp:featuredmedia":[{"embeddable":true,"href":"https:\/\/pizbube.ch\/en\/wp-json\/wp\/v2\/media\/29804"}],"wp:attachment":[{"href":"https:\/\/pizbube.ch\/en\/wp-json\/wp\/v2\/media?parent=152891"}],"wp:term":[{"taxonomy":"product_brand","embeddable":true,"href":"https:\/\/pizbube.ch\/en\/wp-json\/wp\/v2\/product_brand?post=152891"},{"taxonomy":"product_cat","embeddable":true,"href":"https:\/\/pizbube.ch\/en\/wp-json\/wp\/v2\/product_cat?post=152891"},{"taxonomy":"product_tag","embeddable":true,"href":"https:\/\/pizbube.ch\/en\/wp-json\/wp\/v2\/product_tag?post=152891"}],"curies":[{"name":"wp","href":"https:\/\/api.w.org\/{rel}","templated":true}]}}