{"id":152894,"date":"2021-01-15T12:33:25","date_gmt":"2021-01-15T12:33:25","guid":{"rendered":"https:\/\/codengine3.ch\/?product=import-placeholder-for-204314"},"modified":"2021-01-15T14:31:56","modified_gmt":"2021-01-15T14:31:56","slug":"alpenvereinsjahrbuch-berg-2007","status":"publish","type":"product","link":"https:\/\/pizbube.ch\/en\/shop\/alpenvereinsjahrbuch-berg-2007\/","title":{"rendered":"Alpenvereinsjahrbuch BERG 2007"},"content":{"rendered":"<p>Das Alpenvereinsjahrbuch ist das unverzichtbare Standardwerk f\u00fcr jeden<br \/>\nBegfreund: Keine andere Publikation bietet diese Vielfalt alpiner Themen und<br \/>\nversammelt soviel bergsteigerische Prominenz und Kompetenz zu diesem Preis &#8211;<br \/>\nund das in h\u00f6chster Qualit\u00e4t!<br \/>\nAus dem Inhalt:<br \/>\n&#8211; Top-Thema H\u00fctten und Wege<br \/>\n&#8211; Gebietsthema Gro\u00dfglockner<br \/>\n&#8211; Weitere Gebiete: Zanskar, Ruwenzori, Sikkim<br \/>\n&#8211; Alpinismus-Chronik &#8211; Beitr\u00e4ge von bzw. \u00fcber Marietta Uhden, Gerlinde<br \/>\nKaltenbrunner, Alexander Huber, Stefan Glowacz und Bernd Arnold<br \/>\nGratis dabei: die v\u00f6llig neu \u00fcberarbeitete Alpenvereinskarte 40,<br \/>\nGlocknergruppe, im Ma\u00dfstab 1:25.000<\/p>","protected":false},"excerpt":{"rendered":"<p>Das Alpenvereinsjahrbuch ist das unverzichtbare Standardwerk f\u00fcr jeden Begfreund: Keine andere Publikation bietet diese Vielfalt alpiner Themen und versammelt soviel bergsteigerische Prominenz und Kompetenz zu diesem Preis &#8211; und das in h\u00f6chster Qualit\u00e4t! Aus dem Inhalt: &#8211; Top-Thema H\u00fctten und Wege &#8211; Gebietsthema Gro\u00dfglockner &#8211; Weitere Gebiete: Zanskar, Ruwenzori, Sikkim &#8211; Alpinismus-Chronik &#8211; Beitr\u00e4ge von [&#8230;]\n","protected":false},"featured_media":32146,"template":"","meta":[],"product_brand":[],"product_cat":[21542],"product_tag":[],"class_list":{"0":"post-152894","1":"product","2":"type-product","3":"status-publish","4":"has-post-thumbnail","6":"product_cat-sachbuecher-dokumentationen","7":"pa_autor-dav-oeav","8":"pa_erscheinungsjahr-21763","9":"pa_region-deutschland","10":"pa_sprache-de","12":"first","13":"instock","14":"taxable","15":"shipping-taxable","16":"purchasable","17":"product-type-simple"},"_links":{"self":[{"href":"https:\/\/pizbube.ch\/en\/wp-json\/wp\/v2\/product\/152894","targetHints":{"allow":["GET"]}}],"collection":[{"href":"https:\/\/pizbube.ch\/en\/wp-json\/wp\/v2\/product"}],"about":[{"href":"https:\/\/pizbube.ch\/en\/wp-json\/wp\/v2\/types\/product"}],"wp:featuredmedia":[{"embeddable":true,"href":"https:\/\/pizbube.ch\/en\/wp-json\/wp\/v2\/media\/32146"}],"wp:attachment":[{"href":"https:\/\/pizbube.ch\/en\/wp-json\/wp\/v2\/media?parent=152894"}],"wp:term":[{"taxonomy":"product_brand","embeddable":true,"href":"https:\/\/pizbube.ch\/en\/wp-json\/wp\/v2\/product_brand?post=152894"},{"taxonomy":"product_cat","embeddable":true,"href":"https:\/\/pizbube.ch\/en\/wp-json\/wp\/v2\/product_cat?post=152894"},{"taxonomy":"product_tag","embeddable":true,"href":"https:\/\/pizbube.ch\/en\/wp-json\/wp\/v2\/product_tag?post=152894"}],"curies":[{"name":"wp","href":"https:\/\/api.w.org\/{rel}","templated":true}]}}