{"id":152895,"date":"2021-01-15T12:33:25","date_gmt":"2021-01-15T12:33:25","guid":{"rendered":"https:\/\/codengine3.ch\/?product=import-placeholder-for-206730"},"modified":"2021-01-15T14:51:18","modified_gmt":"2021-01-15T14:51:18","slug":"alpenvereinsjahrbuch-berg-2018","status":"publish","type":"product","link":"https:\/\/pizbube.ch\/en\/shop\/alpenvereinsjahrbuch-berg-2018\/","title":{"rendered":"Alpenvereinsjahrbuch BERG 2018"},"content":{"rendered":"<p>Das Jahrbuch BERG 2018 bietet mit erstklassigen Beitr\u00e4gen namhafter Autoren<br \/>\nund Fotografen einen einzigartigen \u00dcberblick \u00fcber die wichtigsten Themen und<br \/>\nTrends aus der Welt der Berge und des Bergsports.<\/p>\n<p>Der BergWelten-Schwerpunkt widmet sich diesmal dem &#171;K\u00f6nig der Hohen Tauern&#187;<br \/>\n&#8211; dem Gro\u00dfglockner und seiner faszinierenden Umgebung. Hier im Dreil\u00e4ndereck<br \/>\nTirol kulminiert nicht nur die Alpenrepublik, am Gro\u00dfglockner verdichten sich<br \/>\nauch Geschichte, Mythos und Wissenschaft auf besondere Weise. H\u00f6chste Zeit<br \/>\nalso, sich selbst ein Bild von dieser Bergwelt zu machen z. B. auf dem<br \/>\nsiebent\u00e4gigen H\u00fcttentrek der Glocknerrunde.<\/p>\n<p>BergFokus besch\u00e4ftigt sich im diesj\u00e4hrigen Thema &#171;Bergsport und Gesundheit&#187;<br \/>\nmit den zahlreichen positiven Wechselwirkungen zwischen Bergsport und<br \/>\nGesundheit, beleuchtet aber auch kritische Themen wie die Auswirkungen des<br \/>\nKletterns als Leistungssport oder die h\u00f6here Sterblichkeitsrate von M\u00e4nnern am<br \/>\nBerg.<\/p>\n<p>In der Rubrik BergSteigen geht es u. a. um den neuen Trend zum H\u00fcttenwandern.<br \/>\nBergMenschen stellt au\u00dfergew\u00f6hnliche Pers\u00f6nlichkeiten vor, wie zum Beispiel<br \/>\nBilli Bierling, die deutsche H\u00f6henbergsteigerin und Mitarbeiterin der<br \/>\nSchweizer Humanit\u00e4ren Hilfe.<\/p>\n<p>BergWissen wagt den geologischen Blick auf die Lebenserwartung von Gebirgen<br \/>\nund blickt in die Zukunft der Alpen: Hat Biken das Zeug zum neuen Skifahren zu<br \/>\nwerden? Lassen Sie sich in BergKultur von Bodo Hell \u00fcberraschen: Der<br \/>\n\u00f6sterreichische Schriftsteller verbringt seit mehr als 30 Jahren den Sommer<br \/>\nals Senner auf einer Alm am Dachstein, von dem er viel zu erz\u00e4hlen hat.<\/p>\n<p>256 Seiten, ca. 230 farb.und zahlreiche sw. Abb., 21 x 26 cm, gebunden<\/p>","protected":false},"excerpt":{"rendered":"<p>Das Jahrbuch BERG 2018 bietet mit erstklassigen Beitr\u00e4gen namhafter Autoren und Fotografen einen einzigartigen \u00dcberblick \u00fcber die wichtigsten Themen und Trends aus der Welt der Berge und des Bergsports. Der BergWelten-Schwerpunkt widmet sich diesmal dem &#171;K\u00f6nig der Hohen Tauern&#187; &#8211; dem Gro\u00dfglockner und seiner faszinierenden Umgebung. Hier im Dreil\u00e4ndereck Tirol kulminiert nicht nur die Alpenrepublik, [&#8230;]\n","protected":false},"featured_media":35958,"template":"","meta":[],"product_brand":[],"product_cat":[21542],"product_tag":[],"class_list":{"0":"post-152895","1":"product","2":"type-product","3":"status-publish","4":"has-post-thumbnail","6":"product_cat-sachbuecher-dokumentationen","7":"pa_autor-kohler","8":"pa_erscheinungsjahr-21574","9":"pa_region-deutschland","10":"pa_sprache-de","12":"first","13":"instock","14":"taxable","15":"shipping-taxable","16":"purchasable","17":"product-type-simple"},"_links":{"self":[{"href":"https:\/\/pizbube.ch\/en\/wp-json\/wp\/v2\/product\/152895","targetHints":{"allow":["GET"]}}],"collection":[{"href":"https:\/\/pizbube.ch\/en\/wp-json\/wp\/v2\/product"}],"about":[{"href":"https:\/\/pizbube.ch\/en\/wp-json\/wp\/v2\/types\/product"}],"wp:featuredmedia":[{"embeddable":true,"href":"https:\/\/pizbube.ch\/en\/wp-json\/wp\/v2\/media\/35958"}],"wp:attachment":[{"href":"https:\/\/pizbube.ch\/en\/wp-json\/wp\/v2\/media?parent=152895"}],"wp:term":[{"taxonomy":"product_brand","embeddable":true,"href":"https:\/\/pizbube.ch\/en\/wp-json\/wp\/v2\/product_brand?post=152895"},{"taxonomy":"product_cat","embeddable":true,"href":"https:\/\/pizbube.ch\/en\/wp-json\/wp\/v2\/product_cat?post=152895"},{"taxonomy":"product_tag","embeddable":true,"href":"https:\/\/pizbube.ch\/en\/wp-json\/wp\/v2\/product_tag?post=152895"}],"curies":[{"name":"wp","href":"https:\/\/api.w.org\/{rel}","templated":true}]}}