{"id":152898,"date":"2021-01-15T12:33:26","date_gmt":"2021-01-15T12:33:26","guid":{"rendered":"https:\/\/codengine3.ch\/?product=import-placeholder-for-202118"},"modified":"2021-01-15T12:33:30","modified_gmt":"2021-01-15T12:33:30","slug":"braunbaeren","status":"publish","type":"product","link":"https:\/\/pizbube.ch\/en\/shop\/braunbaeren\/","title":{"rendered":"Braunb\u00e4ren"},"content":{"rendered":"<p>reich illustrierte Brosch\u00fcre \u00fcber den Meister Petz: Erkenntnisse der letzten<br \/>\nzwei Jahrzehnte durch B\u00e4renforscher beidseits des Atlantik gewonnenen<br \/>\nErkenntnissen.<\/p>","protected":false},"excerpt":{"rendered":"<p>reich illustrierte Brosch\u00fcre \u00fcber den Meister Petz: Erkenntnisse der letzten zwei Jahrzehnte durch B\u00e4renforscher beidseits des Atlantik gewonnenen Erkenntnissen.<\/p>","protected":false},"featured_media":45070,"template":"","meta":[],"product_brand":[],"product_cat":[21542],"product_tag":[],"class_list":{"0":"post-152898","1":"product","2":"type-product","3":"status-publish","4":"has-post-thumbnail","6":"product_cat-sachbuecher-dokumentationen","7":"pa_autor-lups","8":"pa_erscheinungsjahr-22236","9":"pa_region-fauna-flora-geologie-glaziologie","10":"pa_sprache-de","12":"first","13":"instock","14":"taxable","15":"shipping-taxable","16":"purchasable","17":"product-type-simple"},"_links":{"self":[{"href":"https:\/\/pizbube.ch\/en\/wp-json\/wp\/v2\/product\/152898","targetHints":{"allow":["GET"]}}],"collection":[{"href":"https:\/\/pizbube.ch\/en\/wp-json\/wp\/v2\/product"}],"about":[{"href":"https:\/\/pizbube.ch\/en\/wp-json\/wp\/v2\/types\/product"}],"wp:featuredmedia":[{"embeddable":true,"href":"https:\/\/pizbube.ch\/en\/wp-json\/wp\/v2\/media\/45070"}],"wp:attachment":[{"href":"https:\/\/pizbube.ch\/en\/wp-json\/wp\/v2\/media?parent=152898"}],"wp:term":[{"taxonomy":"product_brand","embeddable":true,"href":"https:\/\/pizbube.ch\/en\/wp-json\/wp\/v2\/product_brand?post=152898"},{"taxonomy":"product_cat","embeddable":true,"href":"https:\/\/pizbube.ch\/en\/wp-json\/wp\/v2\/product_cat?post=152898"},{"taxonomy":"product_tag","embeddable":true,"href":"https:\/\/pizbube.ch\/en\/wp-json\/wp\/v2\/product_tag?post=152898"}],"curies":[{"name":"wp","href":"https:\/\/api.w.org\/{rel}","templated":true}]}}