{"id":152901,"date":"2021-01-15T12:33:31","date_gmt":"2021-01-15T12:33:31","guid":{"rendered":"https:\/\/codengine3.ch\/?product=import-placeholder-for-207006"},"modified":"2021-01-15T14:54:13","modified_gmt":"2021-01-15T14:54:13","slug":"dolomiten-west-die-40-schoensten-touren","status":"publish","type":"product","link":"https:\/\/pizbube.ch\/en\/shop\/dolomiten-west-die-40-schoensten-touren\/","title":{"rendered":"Dolomiten West &#8211; Die 40 sch\u00f6nsten Touren"},"content":{"rendered":"<p>Hochabtei, Gr\u00f6dner Tal, Seiser Alm, Rosengarten, Fassatal  <\/p>\n<p>Gr\u00f6dner Tal, Langkofel und Seiser Alm sind Dolomitenklassiker \u2013 Luis Trenker<br \/>\nl\u00e4sst gr\u00fc\u00dfen. Genauso vielf\u00e4ltig pr\u00e4sentieren sich die Tourenm\u00f6glichkeiten im<br \/>\nHochabtei und rund um das Fassatal: beliebte Wanderungen, aber auch einsame<br \/>\nWege. Wer gerne abseits der ausgetretenen Pfade unterwegs ist, kann auch in<br \/>\nden westlichen Dolomiten viel Neues entdecken. Die Palette der 40 Touren<br \/>\nreicht von der gem\u00fctlichen Almwanderung bis zur gro\u00dfen Gipfel\u00fcberschreitung<br \/>\n168 Seiten, ca. 140 Abbildungen, Format 11,5 x 17,5 cm  <\/p>","protected":false},"excerpt":{"rendered":"<p>Hochabtei, Gr\u00f6dner Tal, Seiser Alm, Rosengarten, Fassatal Gr\u00f6dner Tal, Langkofel und Seiser Alm sind Dolomitenklassiker \u2013 Luis Trenker l\u00e4sst gr\u00fc\u00dfen. Genauso vielf\u00e4ltig pr\u00e4sentieren sich die Tourenm\u00f6glichkeiten im Hochabtei und rund um das Fassatal: beliebte Wanderungen, aber auch einsame Wege. Wer gerne abseits der ausgetretenen Pfade unterwegs ist, kann auch in den westlichen Dolomiten viel Neues [&#8230;]\n","protected":false},"featured_media":36581,"template":"","meta":[],"product_brand":[],"product_cat":[21605],"product_tag":[],"class_list":{"0":"post-152901","1":"product","2":"type-product","3":"status-publish","4":"has-post-thumbnail","6":"product_cat-wanderfuehrer-trekking","7":"pa_autor-huesler","8":"pa_erscheinungsjahr-21621","9":"pa_region-italien","10":"pa_sprache-de","12":"first","13":"outofstock","14":"taxable","15":"shipping-taxable","16":"purchasable","17":"product-type-simple"},"_links":{"self":[{"href":"https:\/\/pizbube.ch\/en\/wp-json\/wp\/v2\/product\/152901","targetHints":{"allow":["GET"]}}],"collection":[{"href":"https:\/\/pizbube.ch\/en\/wp-json\/wp\/v2\/product"}],"about":[{"href":"https:\/\/pizbube.ch\/en\/wp-json\/wp\/v2\/types\/product"}],"wp:featuredmedia":[{"embeddable":true,"href":"https:\/\/pizbube.ch\/en\/wp-json\/wp\/v2\/media\/36581"}],"wp:attachment":[{"href":"https:\/\/pizbube.ch\/en\/wp-json\/wp\/v2\/media?parent=152901"}],"wp:term":[{"taxonomy":"product_brand","embeddable":true,"href":"https:\/\/pizbube.ch\/en\/wp-json\/wp\/v2\/product_brand?post=152901"},{"taxonomy":"product_cat","embeddable":true,"href":"https:\/\/pizbube.ch\/en\/wp-json\/wp\/v2\/product_cat?post=152901"},{"taxonomy":"product_tag","embeddable":true,"href":"https:\/\/pizbube.ch\/en\/wp-json\/wp\/v2\/product_tag?post=152901"}],"curies":[{"name":"wp","href":"https:\/\/api.w.org\/{rel}","templated":true}]}}