{"id":152902,"date":"2021-01-15T12:33:31","date_gmt":"2021-01-15T12:33:31","guid":{"rendered":"https:\/\/codengine3.ch\/?product=import-placeholder-for-202505"},"modified":"2023-06-28T15:25:54","modified_gmt":"2023-06-28T13:25:54","slug":"dolomiten-3-gadertal-von-bruneck-bis-corvara","status":"publish","type":"product","link":"https:\/\/pizbube.ch\/en\/shop\/dolomiten-3-gadertal-von-bruneck-bis-corvara\/","title":{"rendered":"Dolomiten 3. Gadertal &#8211; Von Bruneck bis Corvara"},"content":{"rendered":"<p><span class=\"value\">Steil aufragende Felsriesen, kristallklare Bergseen, herrliche Aussichtspunkte und luftige Gipfel \u2013 in den Dolomiten l\u00e4sst sich eine grandiose Hochgebirgswelt entdecken. Das Gadertal ist eines der bekannten T\u00e4ler der Dolomiten mit vielen sch\u00f6nen Orten, Burgen und Kl\u00f6stern. Fanes und Sennes sowie die gro\u00dfartigen Gebirgsst\u00f6cke Sella, Puez und Peitlerkofel umgeben das Gadertal. Obwohl es eine beliebte Urlaubsregion ist, finden sich hier auch so manche unbekannten Wanderziele. Der Rother Wanderf\u00fchrer \u00bbDolomiten 3\u00ab stellt 55 abwechslungsreiche Touren von Bruneck bis Corvara vor.<\/span><\/p>\n<p>Viele der Wanderungen sind leichte Genusstouren f\u00fcr einen halben oder ganzen Tag. Nat\u00fcrlich sind auch anspruchsvollere Touren in der Auswahl enthalten. Atemberaubende Tiefblicke ins Gadertal bietet beispielsweise der Heiligkreuzkofel. Mit dem Piz Bo\u00e9, dem h\u00f6chsten Punkt der Sella, besteigt man einen Dreitausender mit herrlichem Panorama. Entspannende Tage, fern von Trubel und Hektik, erlebt man im Campilltal und im schmucken Sonnendorf Wengen.<\/p>\n<p>Jede Tour wird mit einer exakten Tourenbeschreibung, einem Wanderk\u00e4rtchen mit eingezeichnetem Routenverlauf und einem aussagekr\u00e4ftigen H\u00f6henprofil vorgestellt. Zudem stehen GPS-Daten zum Download bereit. Eine Kurzinfo liefert Hinweise zu Anforderungen, Einkehrm\u00f6glichkeiten, Varianten und vielem mehr. Urlauber werden sich au\u00dferdem \u00fcber die Ausflugstipps f\u00fcr wanderfreie Tage freuen.<\/p>\n<p>&nbsp;<\/p>\n<p>8. Auflage 2022<br \/>\n174 Seiten mit 64 Farbabbildungen<br \/>\n55 H\u00f6henprofile, 55 Wanderk\u00e4rtchen im Ma\u00dfstab 1:50.000, zwei \u00dcbersichtskarten im Ma\u00dfstab 1:250.000 und 1:500.000<br \/>\nFormat 11,5 x 16,5 cm<br \/>\nkartoniert mit Polytex-Laminierung<\/p>","protected":false},"excerpt":{"rendered":"<p>Steil aufragende Felsriesen, kristallklare Bergseen, herrliche Aussichtspunkte und luftige Gipfel \u2013 in den Dolomiten l\u00e4sst sich eine grandiose Hochgebirgswelt entdecken. Das Gadertal ist eines der bekannten T\u00e4ler der Dolomiten mit vielen sch\u00f6nen Orten, Burgen und Kl\u00f6stern. Fanes und Sennes sowie die gro\u00dfartigen Gebirgsst\u00f6cke Sella, Puez und Peitlerkofel umgeben das Gadertal. Obwohl es eine beliebte Urlaubsregion [&#8230;]\n","protected":false},"featured_media":168276,"template":"","meta":[],"product_brand":[],"product_cat":[21605],"product_tag":[],"class_list":{"0":"post-152902","1":"product","2":"type-product","3":"status-publish","4":"has-post-thumbnail","6":"product_cat-wanderfuehrer-trekking","7":"pa_autor-hauleitner","8":"pa_erscheinungsjahr-27013","9":"pa_region-italien","10":"pa_sprache-de","12":"first","13":"instock","14":"taxable","15":"shipping-taxable","16":"purchasable","17":"product-type-simple"},"_links":{"self":[{"href":"https:\/\/pizbube.ch\/en\/wp-json\/wp\/v2\/product\/152902","targetHints":{"allow":["GET"]}}],"collection":[{"href":"https:\/\/pizbube.ch\/en\/wp-json\/wp\/v2\/product"}],"about":[{"href":"https:\/\/pizbube.ch\/en\/wp-json\/wp\/v2\/types\/product"}],"wp:featuredmedia":[{"embeddable":true,"href":"https:\/\/pizbube.ch\/en\/wp-json\/wp\/v2\/media\/168276"}],"wp:attachment":[{"href":"https:\/\/pizbube.ch\/en\/wp-json\/wp\/v2\/media?parent=152902"}],"wp:term":[{"taxonomy":"product_brand","embeddable":true,"href":"https:\/\/pizbube.ch\/en\/wp-json\/wp\/v2\/product_brand?post=152902"},{"taxonomy":"product_cat","embeddable":true,"href":"https:\/\/pizbube.ch\/en\/wp-json\/wp\/v2\/product_cat?post=152902"},{"taxonomy":"product_tag","embeddable":true,"href":"https:\/\/pizbube.ch\/en\/wp-json\/wp\/v2\/product_tag?post=152902"}],"curies":[{"name":"wp","href":"https:\/\/api.w.org\/{rel}","templated":true}]}}