{"id":152903,"date":"2021-01-15T12:33:31","date_gmt":"2021-01-15T12:33:31","guid":{"rendered":"https:\/\/codengine3.ch\/?product=import-placeholder-for-206437"},"modified":"2022-08-12T14:09:14","modified_gmt":"2022-08-12T12:09:14","slug":"suedtirol-ohne-auto","status":"publish","type":"product","link":"https:\/\/pizbube.ch\/en\/shop\/suedtirol-ohne-auto\/","title":{"rendered":"S\u00fcdtirol ohne Auto"},"content":{"rendered":"<p>51 Wanderungen. Mit Bus, Zug und Seilbahn in die Berge<\/p>\n<p>In S\u00fcdtirol gibt es inzwischen ein breit gef\u00e4chertes und gut funktionierendes<br \/>\nNetz an \u00f6ffentlichen Verkehrsmitteln. Zu diesem Verkehrsverbund geh\u00f6ren nicht<br \/>\nnur Bus und Bahn, sondern auch viele Seil- und Standseilbahnen. Ein gut<br \/>\nabgestimmter Fahrplan, sowie eine gro\u00dfe Anzahl verschiedenster Abonnements<br \/>\nerm\u00f6glichen eine effi ziente und auch g\u00fcnstige Reise durch das Land S\u00fcdtirol.<br \/>\nWas also liegt n\u00e4her, als das Auto in der Garage zu lassen und die<br \/>\n\u00f6ffentlichen Verkehrsmittel zu nutzen?<\/p>\n<p>Mit den Seil- und Standseilbahnen geht es vom Tal oft hoch hinauf und mitten<br \/>\nhinein ins perfekte Wandergebiet. W\u00e4hrend man bei der Anfahrt mit dem<br \/>\nPrivatauto an die R\u00fcckkehr zum Ausgangspunkt gebunden ist, ergeben sich bei<br \/>\nBenutzung der \u00f6ffentlichen Verkehrsmittel ganz andere Perspektiven:<br \/>\nWeitwanderungen, Wanderungen entlang der vielen H\u00f6henwege und \u00dcberschreitungen<br \/>\nbilden eine interessante und reizvolle Variante. Und wenn es am Ende der<br \/>\nWanderung bei dem einen oder anderen Gl\u00e4schen etwas sp\u00e4ter wird, sollte dies<br \/>\nauch kein Problem sein!<\/p>","protected":false},"excerpt":{"rendered":"<p>51 Wanderungen. Mit Bus, Zug und Seilbahn in die Berge In S\u00fcdtirol gibt es inzwischen ein breit gef\u00e4chertes und gut funktionierendes Netz an \u00f6ffentlichen Verkehrsmitteln. Zu diesem Verkehrsverbund geh\u00f6ren nicht nur Bus und Bahn, sondern auch viele Seil- und Standseilbahnen. Ein gut abgestimmter Fahrplan, sowie eine gro\u00dfe Anzahl verschiedenster Abonnements erm\u00f6glichen eine effi ziente und [&#8230;]\n","protected":false},"featured_media":35481,"template":"","meta":[],"product_brand":[],"product_cat":[21605],"product_tag":[],"class_list":{"0":"post-152903","1":"product","2":"type-product","3":"status-publish","4":"has-post-thumbnail","6":"product_cat-wanderfuehrer-trekking","7":"pa_autor-ladurner","8":"pa_erscheinungsjahr-21830","9":"pa_region-italien","10":"pa_sprache-de","12":"first","13":"outofstock","14":"taxable","15":"shipping-taxable","16":"purchasable","17":"product-type-simple"},"_links":{"self":[{"href":"https:\/\/pizbube.ch\/en\/wp-json\/wp\/v2\/product\/152903","targetHints":{"allow":["GET"]}}],"collection":[{"href":"https:\/\/pizbube.ch\/en\/wp-json\/wp\/v2\/product"}],"about":[{"href":"https:\/\/pizbube.ch\/en\/wp-json\/wp\/v2\/types\/product"}],"wp:featuredmedia":[{"embeddable":true,"href":"https:\/\/pizbube.ch\/en\/wp-json\/wp\/v2\/media\/35481"}],"wp:attachment":[{"href":"https:\/\/pizbube.ch\/en\/wp-json\/wp\/v2\/media?parent=152903"}],"wp:term":[{"taxonomy":"product_brand","embeddable":true,"href":"https:\/\/pizbube.ch\/en\/wp-json\/wp\/v2\/product_brand?post=152903"},{"taxonomy":"product_cat","embeddable":true,"href":"https:\/\/pizbube.ch\/en\/wp-json\/wp\/v2\/product_cat?post=152903"},{"taxonomy":"product_tag","embeddable":true,"href":"https:\/\/pizbube.ch\/en\/wp-json\/wp\/v2\/product_tag?post=152903"}],"curies":[{"name":"wp","href":"https:\/\/api.w.org\/{rel}","templated":true}]}}