{"id":152905,"date":"2021-01-15T12:33:31","date_gmt":"2021-01-15T12:33:31","guid":{"rendered":"https:\/\/codengine3.ch\/?product=import-placeholder-for-207047"},"modified":"2021-01-15T14:54:37","modified_gmt":"2021-01-15T14:54:37","slug":"tiers-berggeschichten-rund-um-rosengarten-und-schlern","status":"publish","type":"product","link":"https:\/\/pizbube.ch\/en\/shop\/tiers-berggeschichten-rund-um-rosengarten-und-schlern\/","title":{"rendered":"Tiers &#8211; Berggeschichten rund um Rosengarten und Schlern"},"content":{"rendered":"<p>Das Dorf Tiers unterm Rosengarten spielte schon fr\u00fchzeitig eine bedeutende<br \/>\nRolle bei der Erschlie\u00dfung der S\u00fcdtiroler Bergwelt. Sp\u00e4testens nach<br \/>\nFertigstellung der Brennerbahn im Jahre 1867 nutzen Wirtschaftstreibende die<br \/>\nGunst der Stunde und holten die ersten Touristen ins Tal, darunter viele<br \/>\nBergsteiger und Bergbegeisterte aus aller Herren L\u00e4nder, die Tiers als<br \/>\nAusgangsort f\u00fcr Bergtouren ins Schlern- und Rosengartengebiet nutzten. Aber<br \/>\nauch Einheimische, vor allem Bozner, starteten von Tiers aus ihre<br \/>\nalpinistischen Abenteuer. Gasth\u00e4user entstanden und Sch\u00fctzh\u00fctten sowie<br \/>\nKlettergilden, die sie bev\u00f6lkerten. Die Bergrettung hielt Einzug ins Tal,<br \/>\nErstbesteigungen folgten, neue Routen wurden er\u00f6ffnet, die Rekorde purzelten.  <\/p>\n<p>Von all dem erz\u00e4hlt das Lesebuch, von den Gipfelsiegen am Rosengarten, den<br \/>\nWagemutigen an den Vajolett\u00fcrmen und den Extremen am Stabeler. Aber auch von<br \/>\nder Entstehung der Heub\u00e4der und des gastronomischen Angebots, dem Schicksal<br \/>\nvon Wilderern und anderen Haudegen, dem Drang der Forschenden unterm Schlern<br \/>\nund Rosengarten sowie den Hexen, die sich in dieser schroffen S\u00fcdtiroler<br \/>\nBergwelt tummeln sollen.  <\/p>","protected":false},"excerpt":{"rendered":"<p>Das Dorf Tiers unterm Rosengarten spielte schon fr\u00fchzeitig eine bedeutende Rolle bei der Erschlie\u00dfung der S\u00fcdtiroler Bergwelt. Sp\u00e4testens nach Fertigstellung der Brennerbahn im Jahre 1867 nutzen Wirtschaftstreibende die Gunst der Stunde und holten die ersten Touristen ins Tal, darunter viele Bergsteiger und Bergbegeisterte aus aller Herren L\u00e4nder, die Tiers als Ausgangsort f\u00fcr Bergtouren ins Schlern- [&#8230;]\n","protected":false},"featured_media":36628,"template":"","meta":[],"product_brand":[],"product_cat":[21629],"product_tag":[],"class_list":{"0":"post-152905","1":"product","2":"type-product","3":"status-publish","4":"has-post-thumbnail","6":"product_cat-belletristik","7":"pa_autor-solderer","8":"pa_erscheinungsjahr-21621","9":"pa_region-italien","10":"pa_sprache-de","12":"first","13":"instock","14":"taxable","15":"shipping-taxable","16":"purchasable","17":"product-type-simple"},"_links":{"self":[{"href":"https:\/\/pizbube.ch\/en\/wp-json\/wp\/v2\/product\/152905","targetHints":{"allow":["GET"]}}],"collection":[{"href":"https:\/\/pizbube.ch\/en\/wp-json\/wp\/v2\/product"}],"about":[{"href":"https:\/\/pizbube.ch\/en\/wp-json\/wp\/v2\/types\/product"}],"wp:featuredmedia":[{"embeddable":true,"href":"https:\/\/pizbube.ch\/en\/wp-json\/wp\/v2\/media\/36628"}],"wp:attachment":[{"href":"https:\/\/pizbube.ch\/en\/wp-json\/wp\/v2\/media?parent=152905"}],"wp:term":[{"taxonomy":"product_brand","embeddable":true,"href":"https:\/\/pizbube.ch\/en\/wp-json\/wp\/v2\/product_brand?post=152905"},{"taxonomy":"product_cat","embeddable":true,"href":"https:\/\/pizbube.ch\/en\/wp-json\/wp\/v2\/product_cat?post=152905"},{"taxonomy":"product_tag","embeddable":true,"href":"https:\/\/pizbube.ch\/en\/wp-json\/wp\/v2\/product_tag?post=152905"}],"curies":[{"name":"wp","href":"https:\/\/api.w.org\/{rel}","templated":true}]}}