{"id":152906,"date":"2021-01-15T12:33:31","date_gmt":"2021-01-15T12:33:31","guid":{"rendered":"https:\/\/codengine3.ch\/?product=import-placeholder-for-205161"},"modified":"2021-01-15T14:39:10","modified_gmt":"2021-01-15T14:39:10","slug":"schweiz-wildstrubel-runde-outdoorhandbuch-band-204","status":"publish","type":"product","link":"https:\/\/pizbube.ch\/en\/shop\/schweiz-wildstrubel-runde-outdoorhandbuch-band-204\/","title":{"rendered":"Schweiz: Wildstrubel-Runde (OutdoorHandbuch Band 204)"},"content":{"rendered":"<p>Die Wildstrubel-Runde ist eine sechst\u00e4gige Treckingtour rund um das<br \/>\nWildstrubelmassiv, welches sich zwischen dem Wallis und dem Berner Oberland<br \/>\nerhebt. Auf der &#8218;Tour Wildstrubel&#8216; bewegen sich Bergwanderer auf historischen<br \/>\nPfaden die so bekannte Orte wie Kandersteg, Leukerbad, Crans-Montana, Lenk und<br \/>\nAdelboden miteinander verbinden. Ber\u00fchmt-ber\u00fcchtigte Pass\u00fcberg\u00e4nge und<br \/>\nSaumwege wie die Gemmi oder der Rawilpass liegen auf der Route und f\u00fcr<br \/>\nerfahrene Alpinwanderer bietet sich gar die M\u00f6glichkeit einer Wildstrubel-<br \/>\nBesteigung. F\u00fcr die &#8218;Tour Wildstrubel&#8216;, eine anspruchsvolle Passroute, sind<br \/>\nTrittsicherheit, Kondition und Bergerfahrung erforderlich. Die<br \/>\nH\u00f6henunterschiede sind enorm und die t\u00e4glichen Gehzeiten liegen zwischen<br \/>\nsieben und acht Stunden. Tiefster Punkt ist Lenk im Obersimmental (1.068 m<br \/>\n\u00fc.M.), h\u00f6chster Punkt sind die Wildstrubelh\u00fctten (2.791 m \u00fc.M.) bzw. der<br \/>\nWildstrubel-Westgipfel (3.243 m \u00fc.M.). Im Verlauf der Runde f\u00fchren die<br \/>\neinzelnen Tagesetappen sowohl durch karge, alpine Landschaften wie auch durch<br \/>\nliebliche, gr\u00fcne Alpregionen und so erleben aufmerksame Wanderer nicht nur<br \/>\nspektakul\u00e4re Aussichten sondern auch eine artenreiche Tier- und Pflanzenwelt.  <\/p>\n<p>Die Tour ist durchgehend markiert doch dank einem weit verzweigten Netz an<br \/>\nWanderwegen l\u00e4sst sich die Wildstrubel-Runde auch individuell gestalten. Mit<br \/>\nBergbahnen als Auf- und Abstiegshilfen kann die Route verk\u00fcrzt, mit<br \/>\naussichtsreichen Abstechern auf luftige Wandergipfel variantenreich verl\u00e4ngert<br \/>\nwerden. Auch die Wahl der \u00dcbernachtungen l\u00e4sst keine W\u00fcnsche offen: entweder<br \/>\nhoch \u00fcber dem Alltag in romantischen H\u00fctten und Berggasth\u00e4usern, oder aber in<br \/>\nden Talorten in denen nicht nur Pensionen und Hotels sondern auch preiswerte<br \/>\nTouristenlager offen stehen.<br \/>\n127 Seiten, 9 Farbkarten, 6 weitere Karten, 39 farbige Abbildungen  <\/p>","protected":false},"excerpt":{"rendered":"<p>Die Wildstrubel-Runde ist eine sechst\u00e4gige Treckingtour rund um das Wildstrubelmassiv, welches sich zwischen dem Wallis und dem Berner Oberland erhebt. Auf der &#8218;Tour Wildstrubel&#8216; bewegen sich Bergwanderer auf historischen Pfaden die so bekannte Orte wie Kandersteg, Leukerbad, Crans-Montana, Lenk und Adelboden miteinander verbinden. Ber\u00fchmt-ber\u00fcchtigte Pass\u00fcberg\u00e4nge und Saumwege wie die Gemmi oder der Rawilpass liegen auf [&#8230;]\n","protected":false},"featured_media":33785,"template":"","meta":[],"product_brand":[],"product_cat":[21605],"product_tag":[],"class_list":{"0":"post-152906","1":"product","2":"type-product","3":"status-publish","4":"has-post-thumbnail","6":"product_cat-wanderfuehrer-trekking","7":"pa_autor-ihle","8":"pa_erscheinungsjahr-21591","9":"pa_region-schweiz","10":"pa_sprache-de","12":"first","13":"instock","14":"taxable","15":"shipping-taxable","16":"purchasable","17":"product-type-simple"},"_links":{"self":[{"href":"https:\/\/pizbube.ch\/en\/wp-json\/wp\/v2\/product\/152906","targetHints":{"allow":["GET"]}}],"collection":[{"href":"https:\/\/pizbube.ch\/en\/wp-json\/wp\/v2\/product"}],"about":[{"href":"https:\/\/pizbube.ch\/en\/wp-json\/wp\/v2\/types\/product"}],"wp:featuredmedia":[{"embeddable":true,"href":"https:\/\/pizbube.ch\/en\/wp-json\/wp\/v2\/media\/33785"}],"wp:attachment":[{"href":"https:\/\/pizbube.ch\/en\/wp-json\/wp\/v2\/media?parent=152906"}],"wp:term":[{"taxonomy":"product_brand","embeddable":true,"href":"https:\/\/pizbube.ch\/en\/wp-json\/wp\/v2\/product_brand?post=152906"},{"taxonomy":"product_cat","embeddable":true,"href":"https:\/\/pizbube.ch\/en\/wp-json\/wp\/v2\/product_cat?post=152906"},{"taxonomy":"product_tag","embeddable":true,"href":"https:\/\/pizbube.ch\/en\/wp-json\/wp\/v2\/product_tag?post=152906"}],"curies":[{"name":"wp","href":"https:\/\/api.w.org\/{rel}","templated":true}]}}