{"id":152907,"date":"2021-01-15T12:33:31","date_gmt":"2021-01-15T12:33:31","guid":{"rendered":"https:\/\/codengine3.ch\/?product=import-placeholder-for-202897"},"modified":"2021-01-15T12:40:16","modified_gmt":"2021-01-15T12:40:16","slug":"berner-oberland","status":"publish","type":"product","link":"https:\/\/pizbube.ch\/en\/shop\/berner-oberland\/","title":{"rendered":"Berner Oberland"},"content":{"rendered":"<p>48 Gipfeltouren, Hochtouren, H\u00f6henwege und Klettersteige  <\/p>\n<p>Im Reich von Eiger, M\u00f6nch und Jungfrau<br \/>\nDas Berner Oberland, eine Tourismus-Region mit Weltruhm, bietet zahlreiche<br \/>\nTourenm\u00f6glichkeiten: malerische Seen, gr\u00fcnen Voralpen, hohe<br \/>\nWanderdreitausender und gro\u00dfe Gletscher. Das Autorenteam Deuble\/H\u00fcsler\/Meier<br \/>\nstellt 48 Routen rund um Thuner- und Brienzersee sowie vom Simmen- bis zum<br \/>\nHaslital vor, von der einfachen Wanderung bis zur klassischen Hochtour an<br \/>\nM\u00f6nch oder Bl\u00fcemlisalphorn. Ein kompetenter F\u00fchrer mit vielen Tipps und<br \/>\nDetailkarten!  <\/p>","protected":false},"excerpt":{"rendered":"<p>48 Gipfeltouren, Hochtouren, H\u00f6henwege und Klettersteige Im Reich von Eiger, M\u00f6nch und Jungfrau Das Berner Oberland, eine Tourismus-Region mit Weltruhm, bietet zahlreiche Tourenm\u00f6glichkeiten: malerische Seen, gr\u00fcnen Voralpen, hohe Wanderdreitausender und gro\u00dfe Gletscher. Das Autorenteam Deuble\/H\u00fcsler\/Meier stellt 48 Routen rund um Thuner- und Brienzersee sowie vom Simmen- bis zum Haslital vor, von der einfachen Wanderung bis [&#8230;]\n","protected":false},"featured_media":45070,"template":"","meta":[],"product_brand":[],"product_cat":[21605],"product_tag":[],"class_list":{"0":"post-152907","1":"product","2":"type-product","3":"status-publish","4":"has-post-thumbnail","6":"product_cat-wanderfuehrer-trekking","7":"pa_autor-huesler-deuble-meier","8":"pa_erscheinungsjahr-21830","9":"pa_region-schweiz","10":"pa_sprache-de","12":"first","13":"instock","14":"taxable","15":"shipping-taxable","16":"purchasable","17":"product-type-simple"},"_links":{"self":[{"href":"https:\/\/pizbube.ch\/en\/wp-json\/wp\/v2\/product\/152907","targetHints":{"allow":["GET"]}}],"collection":[{"href":"https:\/\/pizbube.ch\/en\/wp-json\/wp\/v2\/product"}],"about":[{"href":"https:\/\/pizbube.ch\/en\/wp-json\/wp\/v2\/types\/product"}],"wp:featuredmedia":[{"embeddable":true,"href":"https:\/\/pizbube.ch\/en\/wp-json\/wp\/v2\/media\/45070"}],"wp:attachment":[{"href":"https:\/\/pizbube.ch\/en\/wp-json\/wp\/v2\/media?parent=152907"}],"wp:term":[{"taxonomy":"product_brand","embeddable":true,"href":"https:\/\/pizbube.ch\/en\/wp-json\/wp\/v2\/product_brand?post=152907"},{"taxonomy":"product_cat","embeddable":true,"href":"https:\/\/pizbube.ch\/en\/wp-json\/wp\/v2\/product_cat?post=152907"},{"taxonomy":"product_tag","embeddable":true,"href":"https:\/\/pizbube.ch\/en\/wp-json\/wp\/v2\/product_tag?post=152907"}],"curies":[{"name":"wp","href":"https:\/\/api.w.org\/{rel}","templated":true}]}}