{"id":152908,"date":"2021-01-15T12:33:32","date_gmt":"2021-01-15T12:33:32","guid":{"rendered":"https:\/\/codengine3.ch\/?product=import-placeholder-for-206860"},"modified":"2021-01-15T14:52:46","modified_gmt":"2021-01-15T14:52:46","slug":"rund-um-bern","status":"publish","type":"product","link":"https:\/\/pizbube.ch\/en\/shop\/rund-um-bern\/","title":{"rendered":"Rund um Bern"},"content":{"rendered":"<p>Zwischen Biel, Burgdorf, Thun und Freiburg. 50 ausgew\u00e4hlte Wanderungen<\/p>\n<p>Bernbiet sagen die Berner liebevoll, und meinen dieses h\u00fcgelige, von der Aare<br \/>\nund der Sense durchflossene Land zwischen den Zinnen des Oberlandes, den<br \/>\nK\u00e4mmen des Juras, den Gr\u00e4ben des Emmentals und der Welt der Romandie. Eine<br \/>\n\u00fcberraschend abwechslungsreiche Wanderregion, mit sonnigen Bergen, dichten<br \/>\nW\u00e4ldern, wilden B\u00e4chen und badewarmen Seen, mit beh\u00e4bigen D\u00f6rfern, r\u00f6mischen<br \/>\nRuinen, sandigen W\u00e4nden und den h\u00fcbschen St\u00e4dten Biel und Solothurn, Burgdorf<br \/>\nund Thun, Freiburg und Neuenburg. Auch dort l\u00e4sst sich das ganze Jahr<br \/>\nwunderbar wandern. Wie nat\u00fcrlich auch in Bern selbst, der Hauptstadt des<br \/>\nBernbietes und der Schweiz &#8211; nicht nur am Sonntag en famille. Ein Wanderf\u00fchrer<br \/>\nf\u00fcr Familien, Spazierg\u00e4nger, Abenteurer, Kulturg\u00e4nger und Berner.<\/p>\n<p>Der bekannte Berner Alpinjournalist Daniel Anker f\u00fchrt uns mit diesem<br \/>\nWanderf\u00fchrer sicher und kenntnisreich zu den 50 lohnendsten Wanderzielen im<br \/>\nSeeland, Emmental, Gantrischgebiet, Schwarzenburger und Freiburgerland. Dabei<br \/>\nwird f\u00fcr jeden Anspruch etwas geboten: vom Stadtrundgang \u00fcber kurze<br \/>\nWanderungen zu Aussichtspunkten, Seen oder Burgen bis hin zu ausgewachsenen<br \/>\nTagestouren und einer f\u00fcnft\u00e4gigen Wanderung entlang der Aare und ihren Seen.<br \/>\nDie ausf\u00fchrlichen Wegbeschreibungen werden erg\u00e4nzt durch zahlreiche Hinweise<br \/>\nzur Historie, mit Anekdoten und Tipps zu Ausflugszielen. Detaillierte<br \/>\nKartenausschnitte mit eingetragenem Routenverlauf sowie aussagekr\u00e4ftige<br \/>\nH\u00f6henprofile machen alle Tourenvorschl\u00e4ge leicht und sicher nachvollziehbar.<br \/>\nDie exzellenten Farbfotos wecken die Vorfreude, Bern und seine wunderbare<br \/>\nUmgebung per pedes zu entdecken!<\/p>","protected":false},"excerpt":{"rendered":"<ul>\n<li><a href=\"https:\/\/pizbube.ch\/wp-content\/uploads\/attachments\/a_022\/769421AEF330E8A31303214E34BA61C3.pdf\" target=\"_blank\" rel=\"noopener\">PDF: rund um bern_inhalt<\/a><\/li>\n<\/ul>","protected":false},"featured_media":36300,"template":"","meta":[],"product_brand":[],"product_cat":[21605],"product_tag":[],"class_list":{"0":"post-152908","1":"product","2":"type-product","3":"status-publish","4":"has-post-thumbnail","6":"product_cat-wanderfuehrer-trekking","7":"pa_autor-anker","8":"pa_erscheinungsjahr-21568","9":"pa_region-schweiz","10":"pa_sprache-de","12":"first","13":"instock","14":"taxable","15":"shipping-taxable","16":"purchasable","17":"product-type-simple"},"_links":{"self":[{"href":"https:\/\/pizbube.ch\/en\/wp-json\/wp\/v2\/product\/152908","targetHints":{"allow":["GET"]}}],"collection":[{"href":"https:\/\/pizbube.ch\/en\/wp-json\/wp\/v2\/product"}],"about":[{"href":"https:\/\/pizbube.ch\/en\/wp-json\/wp\/v2\/types\/product"}],"wp:featuredmedia":[{"embeddable":true,"href":"https:\/\/pizbube.ch\/en\/wp-json\/wp\/v2\/media\/36300"}],"wp:attachment":[{"href":"https:\/\/pizbube.ch\/en\/wp-json\/wp\/v2\/media?parent=152908"}],"wp:term":[{"taxonomy":"product_brand","embeddable":true,"href":"https:\/\/pizbube.ch\/en\/wp-json\/wp\/v2\/product_brand?post=152908"},{"taxonomy":"product_cat","embeddable":true,"href":"https:\/\/pizbube.ch\/en\/wp-json\/wp\/v2\/product_cat?post=152908"},{"taxonomy":"product_tag","embeddable":true,"href":"https:\/\/pizbube.ch\/en\/wp-json\/wp\/v2\/product_tag?post=152908"}],"curies":[{"name":"wp","href":"https:\/\/api.w.org\/{rel}","templated":true}]}}