{"id":152909,"date":"2021-01-15T12:33:32","date_gmt":"2021-01-15T12:33:32","guid":{"rendered":"https:\/\/codengine3.ch\/?product=import-placeholder-for-202128"},"modified":"2021-02-03T22:01:06","modified_gmt":"2021-02-03T21:01:06","slug":"bergwetter-fuer-sport-und-freizeit","status":"publish","type":"product","link":"https:\/\/pizbube.ch\/en\/shop\/bergwetter-fuer-sport-und-freizeit\/","title":{"rendered":"Bergwetter f\u00fcr Sport und Freizeit"},"content":{"rendered":"<p>F\u00fcr Spazierg\u00e4nger n\u00fctzlich, f\u00fcr Bergg\u00e4nger lebenswichtig: die richtige<br \/>\nEinsch\u00e4tzung der Wetterentwicklung im Gebirge.<\/p>","protected":false},"excerpt":{"rendered":"<p>F\u00fcr Spazierg\u00e4nger n\u00fctzlich, f\u00fcr Bergg\u00e4nger lebenswichtig: die richtige Einsch\u00e4tzung der Wetterentwicklung im Gebirge.<\/p>","protected":false},"featured_media":45070,"template":"","meta":[],"product_brand":[],"product_cat":[21538],"product_tag":[],"class_list":{"0":"post-152909","1":"product","2":"type-product","3":"status-publish","4":"has-post-thumbnail","6":"product_cat-lehrbuecher","7":"pa_autor-sachweh","8":"pa_erscheinungsjahr-21750","9":"pa_region-orientierung-wetter-ausbildung","10":"pa_sprache-de","12":"first","13":"instock","14":"taxable","15":"shipping-taxable","16":"purchasable","17":"product-type-simple"},"_links":{"self":[{"href":"https:\/\/pizbube.ch\/en\/wp-json\/wp\/v2\/product\/152909","targetHints":{"allow":["GET"]}}],"collection":[{"href":"https:\/\/pizbube.ch\/en\/wp-json\/wp\/v2\/product"}],"about":[{"href":"https:\/\/pizbube.ch\/en\/wp-json\/wp\/v2\/types\/product"}],"wp:featuredmedia":[{"embeddable":true,"href":"https:\/\/pizbube.ch\/en\/wp-json\/wp\/v2\/media\/45070"}],"wp:attachment":[{"href":"https:\/\/pizbube.ch\/en\/wp-json\/wp\/v2\/media?parent=152909"}],"wp:term":[{"taxonomy":"product_brand","embeddable":true,"href":"https:\/\/pizbube.ch\/en\/wp-json\/wp\/v2\/product_brand?post=152909"},{"taxonomy":"product_cat","embeddable":true,"href":"https:\/\/pizbube.ch\/en\/wp-json\/wp\/v2\/product_cat?post=152909"},{"taxonomy":"product_tag","embeddable":true,"href":"https:\/\/pizbube.ch\/en\/wp-json\/wp\/v2\/product_tag?post=152909"}],"curies":[{"name":"wp","href":"https:\/\/api.w.org\/{rel}","templated":true}]}}