{"id":152910,"date":"2021-01-15T12:33:32","date_gmt":"2021-01-15T12:33:32","guid":{"rendered":"https:\/\/codengine3.ch\/?product=import-placeholder-for-202129"},"modified":"2021-01-15T12:33:37","modified_gmt":"2021-01-15T12:33:37","slug":"vom-rhonegletscher-zum-genfersee","status":"publish","type":"product","link":"https:\/\/pizbube.ch\/en\/shop\/vom-rhonegletscher-zum-genfersee\/","title":{"rendered":"Vom Rhonegletscher zum Genfersee"},"content":{"rendered":"<p>20 Wandertage mit 4- 7 st\u00fcndigen Wanderungen: aus der dreiw\u00f6chigen Tour k\u00f6nnen<br \/>\nkleinere zusammenh\u00e4ngende Wanderungen zusammengestellt werden.<\/p>","protected":false},"excerpt":{"rendered":"<p>20 Wandertage mit 4- 7 st\u00fcndigen Wanderungen: aus der dreiw\u00f6chigen Tour k\u00f6nnen kleinere zusammenh\u00e4ngende Wanderungen zusammengestellt werden.<\/p>","protected":false},"featured_media":45070,"template":"","meta":[],"product_brand":[],"product_cat":[21605],"product_tag":[],"class_list":{"0":"post-152910","1":"product","2":"type-product","3":"status-publish","4":"has-post-thumbnail","6":"product_cat-wanderfuehrer-trekking","7":"pa_autor-balimann","8":"pa_erscheinungsjahr-21750","9":"pa_region-schweiz","10":"pa_sprache-de","12":"first","13":"instock","14":"taxable","15":"shipping-taxable","16":"purchasable","17":"product-type-simple"},"_links":{"self":[{"href":"https:\/\/pizbube.ch\/en\/wp-json\/wp\/v2\/product\/152910","targetHints":{"allow":["GET"]}}],"collection":[{"href":"https:\/\/pizbube.ch\/en\/wp-json\/wp\/v2\/product"}],"about":[{"href":"https:\/\/pizbube.ch\/en\/wp-json\/wp\/v2\/types\/product"}],"wp:featuredmedia":[{"embeddable":true,"href":"https:\/\/pizbube.ch\/en\/wp-json\/wp\/v2\/media\/45070"}],"wp:attachment":[{"href":"https:\/\/pizbube.ch\/en\/wp-json\/wp\/v2\/media?parent=152910"}],"wp:term":[{"taxonomy":"product_brand","embeddable":true,"href":"https:\/\/pizbube.ch\/en\/wp-json\/wp\/v2\/product_brand?post=152910"},{"taxonomy":"product_cat","embeddable":true,"href":"https:\/\/pizbube.ch\/en\/wp-json\/wp\/v2\/product_cat?post=152910"},{"taxonomy":"product_tag","embeddable":true,"href":"https:\/\/pizbube.ch\/en\/wp-json\/wp\/v2\/product_tag?post=152910"}],"curies":[{"name":"wp","href":"https:\/\/api.w.org\/{rel}","templated":true}]}}