{"id":152911,"date":"2021-01-15T12:33:32","date_gmt":"2021-01-15T12:33:32","guid":{"rendered":"https:\/\/codengine3.ch\/?product=import-placeholder-for-202130"},"modified":"2025-07-29T17:03:43","modified_gmt":"2025-07-29T15:03:43","slug":"am-wege-zur-leuchtenden-pyramide","status":"publish","type":"product","link":"https:\/\/pizbube.ch\/en\/shop\/am-wege-zur-leuchtenden-pyramide\/","title":{"rendered":"Am Wege zur leuchtenden Pyramide"},"content":{"rendered":"<p>Das Weisshorn und seine 100-j\u00e4hrige H\u00fctte: Dokumentation \u00fcber H\u00fctte und Berg.<\/p>\n<p>100 Jahre Weisshornh\u00fctte;<br \/>\nEinladender, spannend geschriebener, mit vielen alten Skizzen, Stichen, Fotos,<br \/>\nFaksimiles und Portr\u00e4ts aufgelockerter Dokumentarband. 96 S.<\/p>","protected":false},"excerpt":{"rendered":"<p>Das Weisshorn und seine 100-j\u00e4hrige H\u00fctte: Dokumentation \u00fcber H\u00fctte und Berg. 100 Jahre Weisshornh\u00fctte; Einladender, spannend geschriebener, mit vielen alten Skizzen, Stichen, Fotos, Faksimiles und Portr\u00e4ts aufgelockerter Dokumentarband. 96 S.<\/p>","protected":false},"featured_media":29519,"template":"","meta":[],"product_brand":[],"product_cat":[21542],"product_tag":[],"class_list":{"0":"post-152911","1":"product","2":"type-product","3":"status-publish","4":"has-post-thumbnail","6":"product_cat-sachbuecher-dokumentationen","7":"pa_autor-kuster-perren","8":"pa_erscheinungsjahr-21750","9":"pa_region-schweiz","10":"pa_sprache-de","12":"first","13":"onbackorder","14":"taxable","15":"shipping-taxable","16":"purchasable","17":"product-type-simple"},"_links":{"self":[{"href":"https:\/\/pizbube.ch\/en\/wp-json\/wp\/v2\/product\/152911","targetHints":{"allow":["GET"]}}],"collection":[{"href":"https:\/\/pizbube.ch\/en\/wp-json\/wp\/v2\/product"}],"about":[{"href":"https:\/\/pizbube.ch\/en\/wp-json\/wp\/v2\/types\/product"}],"wp:featuredmedia":[{"embeddable":true,"href":"https:\/\/pizbube.ch\/en\/wp-json\/wp\/v2\/media\/29519"}],"wp:attachment":[{"href":"https:\/\/pizbube.ch\/en\/wp-json\/wp\/v2\/media?parent=152911"}],"wp:term":[{"taxonomy":"product_brand","embeddable":true,"href":"https:\/\/pizbube.ch\/en\/wp-json\/wp\/v2\/product_brand?post=152911"},{"taxonomy":"product_cat","embeddable":true,"href":"https:\/\/pizbube.ch\/en\/wp-json\/wp\/v2\/product_cat?post=152911"},{"taxonomy":"product_tag","embeddable":true,"href":"https:\/\/pizbube.ch\/en\/wp-json\/wp\/v2\/product_tag?post=152911"}],"curies":[{"name":"wp","href":"https:\/\/api.w.org\/{rel}","templated":true}]}}