{"id":152920,"date":"2021-01-15T12:33:40","date_gmt":"2021-01-15T12:33:40","guid":{"rendered":"https:\/\/codengine3.ch\/?product=import-placeholder-for-207283"},"modified":"2021-01-15T16:01:35","modified_gmt":"2021-01-15T16:01:35","slug":"guia-da-floresta","status":"publish","type":"product","link":"https:\/\/pizbube.ch\/en\/shop\/guia-da-floresta\/","title":{"rendered":"Guia da Floresta"},"content":{"rendered":"<p>\nEscaladas no Maci\u00e7o da Tijuca, Rio de Janeiro, Brasil  <\/p>\n<p>Topoguidebook with 26 described rockclimbing areas around Tijuca, Pedra da<br \/>\nG\u00e1vea and Corcovado \/ Rio, Brasil.<\/p>\n<p>Este \u00e9 o guia de escaladas do Maci\u00e7o da Tijuca, no Rio de Janeiro, que abriga<br \/>\numa das maiores florestas urbanas do mundo, protegida pelo Parque Nacional da<br \/>\nTijuca desde 1961. S\u00e3o 362 vias, distribu\u00eddas em 30 locais. Com os mapas,<br \/>\nfotos e croquis do Guia da Floresta, \u00e9 poss\u00edvel explorar todo o potencial das<br \/>\nvias desta regi\u00e3o.  <\/p>\n<p>O Guia da Floresta traz todas as informa\u00e7\u00f5es sobre as vias de escalada do<br \/>\nCorcovado, Pedra da G\u00e1vea, Pico da Tijuca, Pedra Bonita, Agulhinha da G\u00e1vea,<br \/>\nBico do Papagaio, Barrinha, Campo Escola 2000, Paineiras, Morro Dona Marta,<br \/>\nAder\u00eancias do Sumar\u00e9, Castelos da Taquara, Andara\u00ed Maior, Pico dos Quatro,<br \/>\nPico da Tijuca-Mirim, Fal\u00e9sia da Asa Delta, Primatas, Morro da Moganga, Morro<br \/>\ndo Sumar\u00e9, Parque Lage, entre outros, bem como as dificuldades e o equipamento<br \/>\nnecess\u00e1rio em cada uma delas.  <\/p>\n<p>S\u00e3o centenas de vias apresentadas em croquis, mais de 100 fotos, 20 desenhos e<br \/>\nmapas. Para aqueles que preferem caminhadas, os mesmos autores do Guia de<br \/>\nFloresta lan\u00e7aram um mapa colorido em grande formato, 60x90cm, com as trilhas<br \/>\nque levam \u00e0s principais montanhas do Parque Nacional da Tijuca, \u00e9 o Mapa das<br \/>\nTrilhas do Maci\u00e7o da Tijuca.<\/p>\n<p>2n updated &#038; revised edition 2012  <\/p>","protected":false},"excerpt":{"rendered":"<p>Escaladas no Maci\u00e7o da Tijuca, Rio de Janeiro, Brasil Topoguidebook with 26 described rockclimbing areas around Tijuca, Pedra da G\u00e1vea and Corcovado \/ Rio, Brasil. Este \u00e9 o guia de escaladas do Maci\u00e7o da Tijuca, no Rio de Janeiro, que abriga uma das maiores florestas urbanas do mundo, protegida pelo Parque Nacional da Tijuca desde [&#8230;]\n","protected":false},"featured_media":31406,"template":"","meta":[],"product_brand":[],"product_cat":[21539],"product_tag":[],"class_list":{"0":"post-152920","1":"product","2":"type-product","3":"status-publish","4":"has-post-thumbnail","6":"product_cat-fuehrerliteratur-sportklettern-bouldern","7":"pa_autor-daflon-de-queiroz","8":"pa_erscheinungsjahr-21621","9":"pa_region-amerika-sued","10":"pa_sprache-en-port","12":"first","13":"instock","14":"taxable","15":"shipping-taxable","16":"purchasable","17":"product-type-simple"},"_links":{"self":[{"href":"https:\/\/pizbube.ch\/en\/wp-json\/wp\/v2\/product\/152920","targetHints":{"allow":["GET"]}}],"collection":[{"href":"https:\/\/pizbube.ch\/en\/wp-json\/wp\/v2\/product"}],"about":[{"href":"https:\/\/pizbube.ch\/en\/wp-json\/wp\/v2\/types\/product"}],"wp:featuredmedia":[{"embeddable":true,"href":"https:\/\/pizbube.ch\/en\/wp-json\/wp\/v2\/media\/31406"}],"wp:attachment":[{"href":"https:\/\/pizbube.ch\/en\/wp-json\/wp\/v2\/media?parent=152920"}],"wp:term":[{"taxonomy":"product_brand","embeddable":true,"href":"https:\/\/pizbube.ch\/en\/wp-json\/wp\/v2\/product_brand?post=152920"},{"taxonomy":"product_cat","embeddable":true,"href":"https:\/\/pizbube.ch\/en\/wp-json\/wp\/v2\/product_cat?post=152920"},{"taxonomy":"product_tag","embeddable":true,"href":"https:\/\/pizbube.ch\/en\/wp-json\/wp\/v2\/product_tag?post=152920"}],"curies":[{"name":"wp","href":"https:\/\/api.w.org\/{rel}","templated":true}]}}