{"id":152922,"date":"2021-01-15T12:33:40","date_gmt":"2021-01-15T12:33:40","guid":{"rendered":"https:\/\/codengine3.ch\/?product=import-placeholder-for-207300"},"modified":"2025-12-02T12:01:30","modified_gmt":"2025-12-02T11:01:30","slug":"guia-de-escaladas-da-urca","status":"publish","type":"product","link":"https:\/\/pizbube.ch\/en\/shop\/guia-de-escaladas-da-urca\/","title":{"rendered":"Guia de Escaladas da Urca"},"content":{"rendered":"<p>Topof\u00fchrer Rio de Janeiro, Brasilien &#8211; topoguidebook of Rio, Brasil:<br \/>\nmore than 357 routes, boulders around Rio!<\/p>\n<p>Described areas are: Morro da Babilonia, Morro da Urca (Zuckerhut), Pao de<br \/>\nA\u00e7ucar, Boulders<\/p>\n<p>A Urca, no Rio de Janeiro, \u00e9 o mais conhecido e tradicional centro de escalada<br \/>\ndo Brasil. S\u00e3o 357 vias e variantes no P\u00e3o de A\u00e7\u00facar, Morro da Urca, Morro da<br \/>\nBabil\u00f4nia, Parede dos \u00c1cidos e Pedra do Urubu, al\u00e9m de muitos boulders.<\/p>\n<p>Com a ajuda do Guia de Escaladas da Urca, qualquer escalador conseguir\u00e1<br \/>\nlocalizar todas as vias do local e saber de antem\u00e3o o equipamento necess\u00e1rio<br \/>\nem cada caso, mesmo sem nunca ter estado no local.<\/p>\n<p>Afinal, esta obra, com 240 p\u00e1ginas, re\u00fane os croquis de mais de 220 vias, al\u00e9m<br \/>\nde 180 fotos, 20 desenhos e um cap\u00edtulo sobre a hist\u00f3ria da escalada na Urca.<\/p>","protected":false},"excerpt":{"rendered":"<p>Topof\u00fchrer Rio de Janeiro, Brasilien &#8211; topoguidebook of Rio, Brasil: more than 357 routes, boulders around Rio! Described areas are: Morro da Babilonia, Morro da Urca (Zuckerhut), Pao de A\u00e7ucar, Boulders A Urca, no Rio de Janeiro, \u00e9 o mais conhecido e tradicional centro de escalada do Brasil. S\u00e3o 357 vias e variantes no P\u00e3o [&#8230;]\n","protected":false},"featured_media":37065,"template":"","meta":[],"product_brand":[],"product_cat":[21539],"product_tag":[],"class_list":{"0":"post-152922","1":"product","2":"type-product","3":"status-publish","4":"has-post-thumbnail","6":"product_cat-fuehrerliteratur-sportklettern-bouldern","7":"pa_autor-daflon-de-queiroz","8":"pa_erscheinungsjahr-21586","9":"pa_region-amerika-sued","10":"pa_sprache-en-portug","12":"first","13":"outofstock","14":"taxable","15":"shipping-taxable","16":"purchasable","17":"product-type-simple"},"_links":{"self":[{"href":"https:\/\/pizbube.ch\/en\/wp-json\/wp\/v2\/product\/152922","targetHints":{"allow":["GET"]}}],"collection":[{"href":"https:\/\/pizbube.ch\/en\/wp-json\/wp\/v2\/product"}],"about":[{"href":"https:\/\/pizbube.ch\/en\/wp-json\/wp\/v2\/types\/product"}],"wp:featuredmedia":[{"embeddable":true,"href":"https:\/\/pizbube.ch\/en\/wp-json\/wp\/v2\/media\/37065"}],"wp:attachment":[{"href":"https:\/\/pizbube.ch\/en\/wp-json\/wp\/v2\/media?parent=152922"}],"wp:term":[{"taxonomy":"product_brand","embeddable":true,"href":"https:\/\/pizbube.ch\/en\/wp-json\/wp\/v2\/product_brand?post=152922"},{"taxonomy":"product_cat","embeddable":true,"href":"https:\/\/pizbube.ch\/en\/wp-json\/wp\/v2\/product_cat?post=152922"},{"taxonomy":"product_tag","embeddable":true,"href":"https:\/\/pizbube.ch\/en\/wp-json\/wp\/v2\/product_tag?post=152922"}],"curies":[{"name":"wp","href":"https:\/\/api.w.org\/{rel}","templated":true}]}}