{"id":152927,"date":"2021-01-15T12:33:41","date_gmt":"2021-01-15T12:33:41","guid":{"rendered":"https:\/\/codengine3.ch\/?product=import-placeholder-for-202145"},"modified":"2021-01-15T12:33:46","modified_gmt":"2021-01-15T12:33:46","slug":"le-mont-esthete","status":"publish","type":"product","link":"https:\/\/pizbube.ch\/en\/shop\/le-mont-esthete\/","title":{"rendered":"Le Mont Esth\u00e8te"},"content":{"rendered":"<p>Skis ou grampons aux pieds, sac ou parapente au dos- mais toujours l&#8216; objectif<br \/>\nen bandouilli\u00e8re, Perraudin exprime sa sensibilit\u00e9 \u00e0 travers textes et photos.<br \/>\nL&#8216; ensemble met en lumi\u00e8re l&#8216; univers de l&#8216; Alpe, en une mosa\u00efque saisonni\u00e8re<br \/>\noriginale!<\/p>","protected":false},"excerpt":{"rendered":"<p>Skis ou grampons aux pieds, sac ou parapente au dos- mais toujours l&#8216; objectif en bandouilli\u00e8re, Perraudin exprime sa sensibilit\u00e9 \u00e0 travers textes et photos. L&#8216; ensemble met en lumi\u00e8re l&#8216; univers de l&#8216; Alpe, en une mosa\u00efque saisonni\u00e8re originale!<\/p>","protected":false},"featured_media":45070,"template":"","meta":[],"product_brand":[],"product_cat":[21580],"product_tag":[],"class_list":{"0":"post-152927","1":"product","2":"type-product","3":"status-publish","4":"has-post-thumbnail","6":"product_cat-kunst-kultur","7":"pa_autor-perraudin","8":"pa_erscheinungsjahr-21750","9":"pa_region-schweiz","10":"pa_sprache-fr","12":"first","13":"instock","14":"taxable","15":"shipping-taxable","16":"purchasable","17":"product-type-simple"},"_links":{"self":[{"href":"https:\/\/pizbube.ch\/en\/wp-json\/wp\/v2\/product\/152927","targetHints":{"allow":["GET"]}}],"collection":[{"href":"https:\/\/pizbube.ch\/en\/wp-json\/wp\/v2\/product"}],"about":[{"href":"https:\/\/pizbube.ch\/en\/wp-json\/wp\/v2\/types\/product"}],"wp:featuredmedia":[{"embeddable":true,"href":"https:\/\/pizbube.ch\/en\/wp-json\/wp\/v2\/media\/45070"}],"wp:attachment":[{"href":"https:\/\/pizbube.ch\/en\/wp-json\/wp\/v2\/media?parent=152927"}],"wp:term":[{"taxonomy":"product_brand","embeddable":true,"href":"https:\/\/pizbube.ch\/en\/wp-json\/wp\/v2\/product_brand?post=152927"},{"taxonomy":"product_cat","embeddable":true,"href":"https:\/\/pizbube.ch\/en\/wp-json\/wp\/v2\/product_cat?post=152927"},{"taxonomy":"product_tag","embeddable":true,"href":"https:\/\/pizbube.ch\/en\/wp-json\/wp\/v2\/product_tag?post=152927"}],"curies":[{"name":"wp","href":"https:\/\/api.w.org\/{rel}","templated":true}]}}