{"id":152929,"date":"2021-01-15T12:33:41","date_gmt":"2021-01-15T12:33:41","guid":{"rendered":"https:\/\/codengine3.ch\/?product=import-placeholder-for-204214"},"modified":"2021-01-15T14:30:57","modified_gmt":"2021-01-15T14:30:57","slug":"le-temps-dun-vertige-dvd","status":"publish","type":"product","link":"https:\/\/pizbube.ch\/en\/shop\/le-temps-dun-vertige-dvd\/","title":{"rendered":"Le temps d&#8217;un vertige DVD"},"content":{"rendered":"<p>D\u00e9couvrez les exp\u00e9ditions lointaines du GMHM.<br \/>\nLe groupe militaire de haute montagne nous entra\u00eene aux quatre coins du globe<br \/>\ndans un fabuleux voyage. \u00c0 travers le quotidien de ces hommes, rythm\u00e9 par le<br \/>\ngo\u00fbt de l&#8217;effort et de l&#8217;\u00e9motion, nous allons partager les exp\u00e9ditions<br \/>\nlointaines de ce groupe et d\u00e9couvrir le portrait d&#8217;une \u00e9quipe hors norme de<br \/>\nl&#8217;alpinisme de l&#8217;arm\u00e9e de terre.<br \/>\nDVD, 52 min.<\/p>","protected":false},"excerpt":{"rendered":"<p>D\u00e9couvrez les exp\u00e9ditions lointaines du GMHM. Le groupe militaire de haute montagne nous entra\u00eene aux quatre coins du globe dans un fabuleux voyage. \u00c0 travers le quotidien de ces hommes, rythm\u00e9 par le go\u00fbt de l&#8217;effort et de l&#8217;\u00e9motion, nous allons partager les exp\u00e9ditions lointaines de ce groupe et d\u00e9couvrir le portrait d&#8217;une \u00e9quipe hors [&#8230;]\n","protected":false},"featured_media":32004,"template":"","meta":[],"product_brand":[],"product_cat":[21628],"product_tag":[],"class_list":{"0":"post-152929","1":"product","2":"type-product","3":"status-publish","4":"has-post-thumbnail","6":"product_cat-video-dvd-multimedia","7":"pa_autor-ecpad-leon","8":"pa_erscheinungsjahr-21776","9":"pa_region-frankreich","10":"pa_sprache-fr","12":"first","13":"instock","14":"taxable","15":"shipping-taxable","16":"purchasable","17":"product-type-simple"},"_links":{"self":[{"href":"https:\/\/pizbube.ch\/en\/wp-json\/wp\/v2\/product\/152929","targetHints":{"allow":["GET"]}}],"collection":[{"href":"https:\/\/pizbube.ch\/en\/wp-json\/wp\/v2\/product"}],"about":[{"href":"https:\/\/pizbube.ch\/en\/wp-json\/wp\/v2\/types\/product"}],"wp:featuredmedia":[{"embeddable":true,"href":"https:\/\/pizbube.ch\/en\/wp-json\/wp\/v2\/media\/32004"}],"wp:attachment":[{"href":"https:\/\/pizbube.ch\/en\/wp-json\/wp\/v2\/media?parent=152929"}],"wp:term":[{"taxonomy":"product_brand","embeddable":true,"href":"https:\/\/pizbube.ch\/en\/wp-json\/wp\/v2\/product_brand?post=152929"},{"taxonomy":"product_cat","embeddable":true,"href":"https:\/\/pizbube.ch\/en\/wp-json\/wp\/v2\/product_cat?post=152929"},{"taxonomy":"product_tag","embeddable":true,"href":"https:\/\/pizbube.ch\/en\/wp-json\/wp\/v2\/product_tag?post=152929"}],"curies":[{"name":"wp","href":"https:\/\/api.w.org\/{rel}","templated":true}]}}