{"id":152930,"date":"2021-01-15T12:33:41","date_gmt":"2021-01-15T12:33:41","guid":{"rendered":"https:\/\/codengine3.ch\/?product=import-placeholder-for-206817"},"modified":"2025-08-27T10:44:51","modified_gmt":"2025-08-27T08:44:51","slug":"la-montagne-sous-presse-200-ans-de-drames-et-dexploits","status":"publish","type":"product","link":"https:\/\/pizbube.ch\/en\/shop\/la-montagne-sous-presse-200-ans-de-drames-et-dexploits\/","title":{"rendered":"La montagne sous presse &#8211; 200 ans de drames et d&#8217;exploits"},"content":{"rendered":"<p>Entre les hommes et la montagne, c\u2019est une longue histoire, vieille de<br \/>\nplusieurs si\u00e8cles \u2013 et certainement bien plus vieille que celle de la presse,<br \/>\nvoire de l\u2019imprimerie. Sans doute nos anc\u00eatres ont-ils racont\u00e9 leurs exploits.<br \/>\nMais la tradition orale s\u2019est perdue dans la nuit des temps, et il ne nous<br \/>\nreste aujourd\u2019hui que les \u00e9crits \u2013 manuscrits, livres et journaux \u2013 pour<br \/>\nretracer l\u2019histoire de l\u2019alpinisme.<\/p>\n<p>Et la comparaison entre ces diff\u00e9rentes formes d\u2019expression \u2013 qui constituent<br \/>\nautant de prismes \u2013 n\u2019est pas sans int\u00e9r\u00eat. Dans la presse, l\u2019\u00e9v\u00e9nement est<br \/>\ntrait\u00e9 \u00e0 chaud, de fa\u00e7on directe, parfois brutale. Dans les livres, la forme<br \/>\nest plus polic\u00e9e, le propos plus mature, l\u2019actualit\u00e9 prend la pose \u2013 elle<br \/>\ndevient \u00ab pr\u00e9sentable \u00bb.<\/p>\n<p>Pourtant, il s\u2019agit de la m\u00eame montagne. Le mod\u00e8le est rest\u00e9 quasi intact, \u00e0<br \/>\nquelques \u00e9boulements pr\u00e8s, et nonobstant une inexorable d\u00e9cr\u00e9pitude de sa<br \/>\ncouverture glaciaire. On peut donc appr\u00e9cier \u00e0 loisir les \u00ab interpr\u00e9tations \u00bb<br \/>\ndes g\u00e9n\u00e9rations successives, et mesurer leur \u00e9volution. Yves Ballu, grand<br \/>\ncollectionneur de livres, journaux, photos de montagne, nous en fait la<br \/>\nd\u00e9monstration dans cet ouvrage.<\/p>\n<p>320 pages<br \/>\nFormat broch\u00e9 : 23,5cm x 27,5cm<\/p>","protected":false},"excerpt":{"rendered":"<p>Entre les hommes et la montagne, c\u2019est une longue histoire, vieille de plusieurs si\u00e8cles \u2013 et certainement bien plus vieille que celle de la presse, voire de l\u2019imprimerie. Sans doute nos anc\u00eatres ont-ils racont\u00e9 leurs exploits. Mais la tradition orale s\u2019est perdue dans la nuit des temps, et il ne nous reste aujourd\u2019hui que les [&#8230;]\n","protected":false},"featured_media":181085,"template":"","meta":[],"product_brand":[],"product_cat":[21542],"product_tag":[],"class_list":{"0":"post-152930","1":"product","2":"type-product","3":"status-publish","4":"has-post-thumbnail","6":"product_cat-sachbuecher-dokumentationen","7":"pa_autor-ballu","8":"pa_erscheinungsjahr-21546","9":"pa_region-frankreich","10":"pa_sprache-fr","12":"first","13":"onbackorder","14":"taxable","15":"shipping-taxable","16":"purchasable","17":"product-type-simple"},"_links":{"self":[{"href":"https:\/\/pizbube.ch\/en\/wp-json\/wp\/v2\/product\/152930","targetHints":{"allow":["GET"]}}],"collection":[{"href":"https:\/\/pizbube.ch\/en\/wp-json\/wp\/v2\/product"}],"about":[{"href":"https:\/\/pizbube.ch\/en\/wp-json\/wp\/v2\/types\/product"}],"wp:featuredmedia":[{"embeddable":true,"href":"https:\/\/pizbube.ch\/en\/wp-json\/wp\/v2\/media\/181085"}],"wp:attachment":[{"href":"https:\/\/pizbube.ch\/en\/wp-json\/wp\/v2\/media?parent=152930"}],"wp:term":[{"taxonomy":"product_brand","embeddable":true,"href":"https:\/\/pizbube.ch\/en\/wp-json\/wp\/v2\/product_brand?post=152930"},{"taxonomy":"product_cat","embeddable":true,"href":"https:\/\/pizbube.ch\/en\/wp-json\/wp\/v2\/product_cat?post=152930"},{"taxonomy":"product_tag","embeddable":true,"href":"https:\/\/pizbube.ch\/en\/wp-json\/wp\/v2\/product_tag?post=152930"}],"curies":[{"name":"wp","href":"https:\/\/api.w.org\/{rel}","templated":true}]}}