{"id":152931,"date":"2021-01-15T12:33:41","date_gmt":"2021-01-15T12:33:41","guid":{"rendered":"https:\/\/codengine3.ch\/?product=import-placeholder-for-203370"},"modified":"2021-01-15T14:22:35","modified_gmt":"2021-01-15T14:22:35","slug":"cimes-2003","status":"publish","type":"product","link":"https:\/\/pizbube.ch\/en\/shop\/cimes-2003\/","title":{"rendered":"Cimes 2003"},"content":{"rendered":"<p>Publication annuelle du Groupe de Haute Montagne. En premi\u00e8re partie<br \/>\n(Ant\u00e9cimes), trois r\u00e9flexions sur le sens du symbole, du voyage et de<br \/>\nl&#8217;aventure. Une deuxi\u00e8me partie est consacr\u00e9e au Nanga Parbat, montagne<br \/>\nhimalayenne conquise la m\u00eame ann\u00e9e que l&#8217;Everest, en 1953. La troisi\u00e8me partie<br \/>\nouvre une enqu\u00eate sur la pratique du Solo. Elle juxtapose des t\u00e9moignages, des<br \/>\nr\u00e9cits, des r\u00e9flexions, faisant intervenir aussi bien des acteurs de<br \/>\nl&#8217;alpinisme solitaire que des observateurs ext\u00e9rieurs \u00e0 cette pratique.  <\/p>","protected":false},"excerpt":{"rendered":"<p>Publication annuelle du Groupe de Haute Montagne. En premi\u00e8re partie (Ant\u00e9cimes), trois r\u00e9flexions sur le sens du symbole, du voyage et de l&#8217;aventure. Une deuxi\u00e8me partie est consacr\u00e9e au Nanga Parbat, montagne himalayenne conquise la m\u00eame ann\u00e9e que l&#8217;Everest, en 1953. La troisi\u00e8me partie ouvre une enqu\u00eate sur la pratique du Solo. Elle juxtapose des [&#8230;]\n","protected":false},"featured_media":30959,"template":"","meta":[],"product_brand":[],"product_cat":[21542],"product_tag":[],"class_list":{"0":"post-152931","1":"product","2":"type-product","3":"status-publish","4":"has-post-thumbnail","6":"product_cat-sachbuecher-dokumentationen","7":"pa_autor-ghm","8":"pa_erscheinungsjahr-21920","9":"pa_region-frankreich","10":"pa_sprache-fr","12":"first","13":"instock","14":"taxable","15":"shipping-taxable","16":"purchasable","17":"product-type-simple"},"_links":{"self":[{"href":"https:\/\/pizbube.ch\/en\/wp-json\/wp\/v2\/product\/152931","targetHints":{"allow":["GET"]}}],"collection":[{"href":"https:\/\/pizbube.ch\/en\/wp-json\/wp\/v2\/product"}],"about":[{"href":"https:\/\/pizbube.ch\/en\/wp-json\/wp\/v2\/types\/product"}],"wp:featuredmedia":[{"embeddable":true,"href":"https:\/\/pizbube.ch\/en\/wp-json\/wp\/v2\/media\/30959"}],"wp:attachment":[{"href":"https:\/\/pizbube.ch\/en\/wp-json\/wp\/v2\/media?parent=152931"}],"wp:term":[{"taxonomy":"product_brand","embeddable":true,"href":"https:\/\/pizbube.ch\/en\/wp-json\/wp\/v2\/product_brand?post=152931"},{"taxonomy":"product_cat","embeddable":true,"href":"https:\/\/pizbube.ch\/en\/wp-json\/wp\/v2\/product_cat?post=152931"},{"taxonomy":"product_tag","embeddable":true,"href":"https:\/\/pizbube.ch\/en\/wp-json\/wp\/v2\/product_tag?post=152931"}],"curies":[{"name":"wp","href":"https:\/\/api.w.org\/{rel}","templated":true}]}}