{"id":152944,"date":"2021-01-15T12:33:48","date_gmt":"2021-01-15T12:33:48","guid":{"rendered":"https:\/\/codengine3.ch\/?product=import-placeholder-for-202156"},"modified":"2021-01-15T12:33:52","modified_gmt":"2021-01-15T12:33:52","slug":"suedtirol-mountain-bike-aktiv","status":"publish","type":"product","link":"https:\/\/pizbube.ch\/en\/shop\/suedtirol-mountain-bike-aktiv\/","title":{"rendered":"S\u00fcdtirol  Mountain Bike aktiv"},"content":{"rendered":"<p>50 Spitzen-Touren , pr\u00e4zise Wegbeschreibungen, \u00fcbersichtliche Tourendaten,<br \/>\nStreckenskizzen, H\u00f6henprofile<\/p>","protected":false},"excerpt":{"rendered":"<p>50 Spitzen-Touren , pr\u00e4zise Wegbeschreibungen, \u00fcbersichtliche Tourendaten, Streckenskizzen, H\u00f6henprofile<\/p>","protected":false},"featured_media":29543,"template":"","meta":[],"product_brand":[],"product_cat":[21606],"product_tag":[],"class_list":{"0":"post-152944","1":"product","2":"type-product","3":"status-publish","4":"has-post-thumbnail","6":"product_cat-mountainbikefuehrer","7":"pa_autor-klose","8":"pa_erscheinungsjahr-21750","9":"pa_region-italien","10":"pa_sprache-de","12":"first","13":"outofstock","14":"taxable","15":"shipping-taxable","16":"purchasable","17":"product-type-simple"},"_links":{"self":[{"href":"https:\/\/pizbube.ch\/en\/wp-json\/wp\/v2\/product\/152944","targetHints":{"allow":["GET"]}}],"collection":[{"href":"https:\/\/pizbube.ch\/en\/wp-json\/wp\/v2\/product"}],"about":[{"href":"https:\/\/pizbube.ch\/en\/wp-json\/wp\/v2\/types\/product"}],"wp:featuredmedia":[{"embeddable":true,"href":"https:\/\/pizbube.ch\/en\/wp-json\/wp\/v2\/media\/29543"}],"wp:attachment":[{"href":"https:\/\/pizbube.ch\/en\/wp-json\/wp\/v2\/media?parent=152944"}],"wp:term":[{"taxonomy":"product_brand","embeddable":true,"href":"https:\/\/pizbube.ch\/en\/wp-json\/wp\/v2\/product_brand?post=152944"},{"taxonomy":"product_cat","embeddable":true,"href":"https:\/\/pizbube.ch\/en\/wp-json\/wp\/v2\/product_cat?post=152944"},{"taxonomy":"product_tag","embeddable":true,"href":"https:\/\/pizbube.ch\/en\/wp-json\/wp\/v2\/product_tag?post=152944"}],"curies":[{"name":"wp","href":"https:\/\/api.w.org\/{rel}","templated":true}]}}