{"id":152947,"date":"2021-01-15T12:33:48","date_gmt":"2021-01-15T12:33:48","guid":{"rendered":"https:\/\/codengine3.ch\/?product=import-placeholder-for-204027"},"modified":"2021-01-15T14:29:01","modified_gmt":"2021-01-15T14:29:01","slug":"meine-groessten-abenteuer-taschenbuch","status":"publish","type":"product","link":"https:\/\/pizbube.ch\/en\/shop\/meine-groessten-abenteuer-taschenbuch\/","title":{"rendered":"Meine gr\u00f6ssten Abenteuer (Taschenbuch)"},"content":{"rendered":"<p>Der weltber\u00fchmte Bergsteiger Walter Bonatti schl\u00e4gt ein neues Kapitel seiner<br \/>\nVita auf: Im Stil klassischer Abenteuerliteratur erz\u00e4hlt er von seinen Reisen<br \/>\nin die extremsten Regionen der Erde und von den grandiosen Begegnungen mit der<br \/>\nganzen Kraft und Wildheit der Natur.<br \/>\n1965 setzte der bekannte Bergsteiger Bonatti mit der Winter-Erstbesteigung der<br \/>\nMatterhorn-Nordwand seiner alpinistischen Karriere ein bewu\u00dftes Ende. Nach den<br \/>\ngro\u00dfen Bergen suchte er eine Welt von unendlicher Weite. Bonatti reiste in die<br \/>\nk\u00e4lteste bewohnte Gegend der Welt, nach Jakutien, im \u00e4u\u00dfersten Nordosten<br \/>\nSibiriens, oder auf den Spuren von Conan Doyle ins Herz des venezolanischen<br \/>\nHochlands. Er stieg inaktive Vulkane, tauchte mit Haien und Barrakudas, erlag<br \/>\nam Kap Hoorn der gleichen Faszination wie die alten Seefahrer. 40 Tage lang<br \/>\nfolgte er auf Sumatra der F\u00e4hrte eines Tigers und lernte seine Spuren zu<br \/>\nlesen, in Regenw\u00e4ldern und W\u00fcsten lebte er mit den Ureinwohnern der letzten<br \/>\nunber\u00fchrten Gegenden. (Taschenbuch)<\/p>","protected":false},"excerpt":{"rendered":"<p>Der weltber\u00fchmte Bergsteiger Walter Bonatti schl\u00e4gt ein neues Kapitel seiner Vita auf: Im Stil klassischer Abenteuerliteratur erz\u00e4hlt er von seinen Reisen in die extremsten Regionen der Erde und von den grandiosen Begegnungen mit der ganzen Kraft und Wildheit der Natur. 1965 setzte der bekannte Bergsteiger Bonatti mit der Winter-Erstbesteigung der Matterhorn-Nordwand seiner alpinistischen Karriere ein [&#8230;]\n","protected":false},"featured_media":31759,"template":"","meta":[],"product_brand":[],"product_cat":[21542],"product_tag":[],"class_list":{"0":"post-152947","1":"product","2":"type-product","3":"status-publish","4":"has-post-thumbnail","6":"product_cat-sachbuecher-dokumentationen","7":"pa_autor-bonatti","8":"pa_erscheinungsjahr-21776","9":"pa_region-italien","10":"pa_sprache-de","12":"first","13":"instock","14":"taxable","15":"shipping-taxable","16":"purchasable","17":"product-type-simple"},"_links":{"self":[{"href":"https:\/\/pizbube.ch\/en\/wp-json\/wp\/v2\/product\/152947","targetHints":{"allow":["GET"]}}],"collection":[{"href":"https:\/\/pizbube.ch\/en\/wp-json\/wp\/v2\/product"}],"about":[{"href":"https:\/\/pizbube.ch\/en\/wp-json\/wp\/v2\/types\/product"}],"wp:featuredmedia":[{"embeddable":true,"href":"https:\/\/pizbube.ch\/en\/wp-json\/wp\/v2\/media\/31759"}],"wp:attachment":[{"href":"https:\/\/pizbube.ch\/en\/wp-json\/wp\/v2\/media?parent=152947"}],"wp:term":[{"taxonomy":"product_brand","embeddable":true,"href":"https:\/\/pizbube.ch\/en\/wp-json\/wp\/v2\/product_brand?post=152947"},{"taxonomy":"product_cat","embeddable":true,"href":"https:\/\/pizbube.ch\/en\/wp-json\/wp\/v2\/product_cat?post=152947"},{"taxonomy":"product_tag","embeddable":true,"href":"https:\/\/pizbube.ch\/en\/wp-json\/wp\/v2\/product_tag?post=152947"}],"curies":[{"name":"wp","href":"https:\/\/api.w.org\/{rel}","templated":true}]}}