{"id":152948,"date":"2021-01-15T12:33:49","date_gmt":"2021-01-15T12:33:49","guid":{"rendered":"https:\/\/codengine3.ch\/?product=import-placeholder-for-206401"},"modified":"2021-01-15T14:48:40","modified_gmt":"2021-01-15T14:48:40","slug":"die-berge-meines-lebens","status":"publish","type":"product","link":"https:\/\/pizbube.ch\/en\/shop\/die-berge-meines-lebens\/","title":{"rendered":"Die Berge meines Lebens"},"content":{"rendered":"<p>Die lebende Berglegende Walter Bonatti \u00fcber seine gr\u00f6\u00dften Erfolge und<br \/>\nNiederlagen am Berg.  <\/p>\n<p>Er gilt als einer der begabtesten Bergsteiger aller Zeiten: Walter Bonatti,<br \/>\nder gro\u00dfe italienische Alpinist und Abenteurer. Mit seinen Erstbesteigungen<br \/>\nund Neurouten hat er Alpingeschichte geschrieben, angefangen von der Ostwand<br \/>\ndes Grand Capucin im Montblancmassiv \u00fcber Touren in Peru, in Patagonien und im<br \/>\nHimalaja bis hin zum gro\u00dfartigen Finale, der Winterdurchsteigung der<br \/>\nMatterhornnordwand im Alleingang.<\/p>\n<p>F\u00fcr Bonatti selbst, der unter den Entbehrungen des Krieges eine harte Jugend<br \/>\nerlebt hatte, war das Bergsteigen in erster Linie eine Suche nach den eigenen<br \/>\nGrenzen. Und sobald er an diese Grenzen gelangte, hat er sie mit seiner<br \/>\nEntschlossenheit und seinem Einfallsreichtum verschoben. Mit Verve und<br \/>\nstilistischer Brillanz erz\u00e4hlt Bonatti von seinen Gratwanderungen in der<br \/>\nVertikalen, von den Grenzg\u00e4ngen zu den h\u00f6chsten Gipfeln und zu sich selbst.  <\/p>","protected":false},"excerpt":{"rendered":"<p>Die lebende Berglegende Walter Bonatti \u00fcber seine gr\u00f6\u00dften Erfolge und Niederlagen am Berg. Er gilt als einer der begabtesten Bergsteiger aller Zeiten: Walter Bonatti, der gro\u00dfe italienische Alpinist und Abenteurer. Mit seinen Erstbesteigungen und Neurouten hat er Alpingeschichte geschrieben, angefangen von der Ostwand des Grand Capucin im Montblancmassiv \u00fcber Touren in Peru, in Patagonien und [&#8230;]\n","protected":false},"featured_media":35424,"template":"","meta":[],"product_brand":[],"product_cat":[21542],"product_tag":[],"class_list":{"0":"post-152948","1":"product","2":"type-product","3":"status-publish","4":"has-post-thumbnail","6":"product_cat-sachbuecher-dokumentationen","7":"pa_autor-bonatti","8":"pa_erscheinungsjahr-21610","9":"pa_region-deutschland","10":"pa_sprache-de","12":"first","13":"outofstock","14":"taxable","15":"shipping-taxable","16":"purchasable","17":"product-type-simple"},"_links":{"self":[{"href":"https:\/\/pizbube.ch\/en\/wp-json\/wp\/v2\/product\/152948","targetHints":{"allow":["GET"]}}],"collection":[{"href":"https:\/\/pizbube.ch\/en\/wp-json\/wp\/v2\/product"}],"about":[{"href":"https:\/\/pizbube.ch\/en\/wp-json\/wp\/v2\/types\/product"}],"wp:featuredmedia":[{"embeddable":true,"href":"https:\/\/pizbube.ch\/en\/wp-json\/wp\/v2\/media\/35424"}],"wp:attachment":[{"href":"https:\/\/pizbube.ch\/en\/wp-json\/wp\/v2\/media?parent=152948"}],"wp:term":[{"taxonomy":"product_brand","embeddable":true,"href":"https:\/\/pizbube.ch\/en\/wp-json\/wp\/v2\/product_brand?post=152948"},{"taxonomy":"product_cat","embeddable":true,"href":"https:\/\/pizbube.ch\/en\/wp-json\/wp\/v2\/product_cat?post=152948"},{"taxonomy":"product_tag","embeddable":true,"href":"https:\/\/pizbube.ch\/en\/wp-json\/wp\/v2\/product_tag?post=152948"}],"curies":[{"name":"wp","href":"https:\/\/api.w.org\/{rel}","templated":true}]}}