{"id":152949,"date":"2021-01-15T12:33:49","date_gmt":"2021-01-15T12:33:49","guid":{"rendered":"https:\/\/codengine3.ch\/?product=import-placeholder-for-202703"},"modified":"2021-01-15T12:38:35","modified_gmt":"2021-01-15T12:38:35","slug":"meine-groessten-abenteuer-geb-ausg","status":"publish","type":"product","link":"https:\/\/pizbube.ch\/en\/shop\/meine-groessten-abenteuer-geb-ausg\/","title":{"rendered":"Meine gr\u00f6ssten Abenteuer (Geb. Ausg.)"},"content":{"rendered":"<p>1965 setzte der bekannte Bergsteiger Walter Bonatti mit der Winter-<br \/>\nErstbesteigung der Matterhorn-Nordwand seiner alpinistischen Karriere ein<br \/>\nbewu\u00dftes Ende. Nach den gro\u00dfen Bergen suchte er &#8218;eine Welt von unendlicher<br \/>\nWeite&#8216;. Bonatti reiste in die k\u00e4lteste bewohnte Gegend der Welt, nach<br \/>\nJakutien, im \u00e4u\u00dfersten Nordosten Sibiriens, oder auf den Spuren von Conan<br \/>\nDoyle ins Herz des venezolanischen Hochlands. Er stieg in aktive Vulkane,<br \/>\ntauchte mit Haien und Barrakudas, erlag am Kap Hoorn der gleichen Faszination<br \/>\nwie die alten Seefahrer. 40 Tage lang folgte er auf Sumatra der F\u00e4hrte eines<br \/>\nTigers und lernte seine Spuren zu lesen, in Regenw\u00e4ldern und W\u00fcsten lebte er<br \/>\nmit den Ureinwohnern der letzten unber\u00fchrten Gegenden. &#8218;Meine gr\u00f6\u00dften<br \/>\nAbenteuer&#8216; ist all diesen Reisen gewidmet, das Tagebuch eines modernen<br \/>\nEntdeckers, den es mit Hingabe \u00fcber die Grenzen der bekannten Welt<br \/>\nhinaustreibt. (Gebundene Ausg.)<\/p>","protected":false},"excerpt":{"rendered":"<p>1965 setzte der bekannte Bergsteiger Walter Bonatti mit der Winter- Erstbesteigung der Matterhorn-Nordwand seiner alpinistischen Karriere ein bewu\u00dftes Ende. Nach den gro\u00dfen Bergen suchte er &#8218;eine Welt von unendlicher Weite&#8216;. Bonatti reiste in die k\u00e4lteste bewohnte Gegend der Welt, nach Jakutien, im \u00e4u\u00dfersten Nordosten Sibiriens, oder auf den Spuren von Conan Doyle ins Herz des [&#8230;]\n","protected":false},"featured_media":30138,"template":"","meta":[],"product_brand":[],"product_cat":[21542],"product_tag":[],"class_list":{"0":"post-152949","1":"product","2":"type-product","3":"status-publish","4":"has-post-thumbnail","6":"product_cat-sachbuecher-dokumentationen","7":"pa_autor-bonatti","8":"pa_erscheinungsjahr-22144","9":"pa_region-italien","10":"pa_sprache-de","12":"first","13":"instock","14":"taxable","15":"shipping-taxable","16":"purchasable","17":"product-type-simple"},"_links":{"self":[{"href":"https:\/\/pizbube.ch\/en\/wp-json\/wp\/v2\/product\/152949","targetHints":{"allow":["GET"]}}],"collection":[{"href":"https:\/\/pizbube.ch\/en\/wp-json\/wp\/v2\/product"}],"about":[{"href":"https:\/\/pizbube.ch\/en\/wp-json\/wp\/v2\/types\/product"}],"wp:featuredmedia":[{"embeddable":true,"href":"https:\/\/pizbube.ch\/en\/wp-json\/wp\/v2\/media\/30138"}],"wp:attachment":[{"href":"https:\/\/pizbube.ch\/en\/wp-json\/wp\/v2\/media?parent=152949"}],"wp:term":[{"taxonomy":"product_brand","embeddable":true,"href":"https:\/\/pizbube.ch\/en\/wp-json\/wp\/v2\/product_brand?post=152949"},{"taxonomy":"product_cat","embeddable":true,"href":"https:\/\/pizbube.ch\/en\/wp-json\/wp\/v2\/product_cat?post=152949"},{"taxonomy":"product_tag","embeddable":true,"href":"https:\/\/pizbube.ch\/en\/wp-json\/wp\/v2\/product_tag?post=152949"}],"curies":[{"name":"wp","href":"https:\/\/api.w.org\/{rel}","templated":true}]}}