{"id":152952,"date":"2021-01-15T12:33:49","date_gmt":"2021-01-15T12:33:49","guid":{"rendered":"https:\/\/codengine3.ch\/?product=import-placeholder-for-204597"},"modified":"2021-01-15T14:34:46","modified_gmt":"2021-01-15T14:34:46","slug":"israel-von-galilaea-bis-eilat","status":"publish","type":"product","link":"https:\/\/pizbube.ch\/en\/shop\/israel-von-galilaea-bis-eilat\/","title":{"rendered":"Israel &#8211; von Galil\u00e4a bis Eilat"},"content":{"rendered":"<p>\nIsrael \u2013 ein kleines Land mit gro\u00dfen Kontrasten! Ein junger, westlich<br \/>\ngepr\u00e4gter Staat mit orientalischem Charme und B\u00fcrgern aus allen Ecken der<br \/>\nErde. Ein Land, das mit seinen vielen Sehensw\u00fcrdigkeiten bei Kultururlaubern<br \/>\nund Pilgern gleicherma\u00dfen beliebt ist. Die h\u00f6chst abwechslungsreiche Natur<br \/>\nIsraels l\u00e4sst sich am besten zu Fu\u00df erleben. Der Rother Wanderf\u00fchrer \u00bbIsrael\u00ab<br \/>\nl\u00e4dt mit 41 Touren zu einer Entdeckungsreise durch dieses kleine bekannte und<br \/>\ndoch unbekannte Land ein.<\/p>\n<p>Biblische Landschaften mit mediterranen Olivenhainen und Weinbergen, das Tote<br \/>\nMeer mit salzverkrusteten Ufern, ockerfarbene Felsw\u00fcsten unterhalb des<br \/>\nMeeresspiegels, heilige St\u00e4tten unterschiedlichster Kulturen und Religionen \u2013<br \/>\nsie hinterlassen bei jedem Wanderer unvergessliche Eindr\u00fccke. Und ganz<br \/>\nnebenbei bieten Wanderungen au\u00dfergew\u00f6hnliche Begegnungsm\u00f6glichkeiten mit den<br \/>\nj\u00fcdischen und arabischen Bewohnern, die ebenfalls gerne zu Fu\u00df unterwegs sind.<\/p>\n<p>Der Wanderf\u00fchrer stellt alle landschaftlichen Facetten Israels vor: die<br \/>\nbewaldeten H\u00f6hen Galil\u00e4as, die artenreichen Feuchtgebiete des Jordantals und<br \/>\ndie W\u00fcste Negev mit den gr\u00f6\u00dften Erosionskratern der Erde. Von sommerlichen<br \/>\nSpazierg\u00e4ngen durch D\u00fcnenlandschaften und an Traumstr\u00e4nden am Meer \u00fcber<br \/>\nausgedehnte Touren durch canyonartige Wadis (Trockent\u00e4ler) bis zu<br \/>\nanspruchsvollen Gipfelbesteigungen sind alle Schwierigkeitsgrade im Angebot.<br \/>\nEin einzigartiges Kuriosum: Manche Touren verlaufen bis zu \u00fcber 300 Meter<br \/>\nunter dem Meeresspiegel!<\/p>\n<p>Interessante Informationen zu geschichtlichen Hintergr\u00fcnden und biblische<br \/>\nVerweise machen viele Wanderungen zu einem kulturhistorischen Erlebnis. Alle<br \/>\nTourenvorschl\u00e4ge verf\u00fcgen \u00fcber genaue Wegbeschreibungen, Kartenausschnitte mit<br \/>\neingezeichnetem Wegverlauf und aussagekr\u00e4ftige H\u00f6henprofile. GPS-Daten stehen<br \/>\nzum Download bereit. Autor Winfried Borlinghaus kennt sich in Israel bestens<br \/>\naus \u2013 seine Tourenvorschl\u00e4ge befinden sich alle in ausgew\u00e4hlten, sicheren<br \/>\nGebieten.  <\/p>","protected":false},"excerpt":{"rendered":"<ul>\n<li><a href=\"https:\/\/pizbube.ch\/wp-content\/uploads\/attachments\/a_015\/554574B6CC6AAB86F915ECD700240BD7.pdf\" target=\"_blank\" rel=\"noopener\">PDF: inhaltsverzeichnis_israel.pdf<\/a><\/li>\n<\/ul>","protected":false},"featured_media":32756,"template":"","meta":[],"product_brand":[],"product_cat":[21605],"product_tag":[],"class_list":{"0":"post-152952","1":"product","2":"type-product","3":"status-publish","4":"has-post-thumbnail","6":"product_cat-wanderfuehrer-trekking","7":"pa_autor-borlinghaus","8":"pa_erscheinungsjahr-21574","9":"pa_region-asien","10":"pa_sprache-de","12":"first","13":"instock","14":"taxable","15":"shipping-taxable","16":"purchasable","17":"product-type-simple"},"_links":{"self":[{"href":"https:\/\/pizbube.ch\/en\/wp-json\/wp\/v2\/product\/152952","targetHints":{"allow":["GET"]}}],"collection":[{"href":"https:\/\/pizbube.ch\/en\/wp-json\/wp\/v2\/product"}],"about":[{"href":"https:\/\/pizbube.ch\/en\/wp-json\/wp\/v2\/types\/product"}],"wp:featuredmedia":[{"embeddable":true,"href":"https:\/\/pizbube.ch\/en\/wp-json\/wp\/v2\/media\/32756"}],"wp:attachment":[{"href":"https:\/\/pizbube.ch\/en\/wp-json\/wp\/v2\/media?parent=152952"}],"wp:term":[{"taxonomy":"product_brand","embeddable":true,"href":"https:\/\/pizbube.ch\/en\/wp-json\/wp\/v2\/product_brand?post=152952"},{"taxonomy":"product_cat","embeddable":true,"href":"https:\/\/pizbube.ch\/en\/wp-json\/wp\/v2\/product_cat?post=152952"},{"taxonomy":"product_tag","embeddable":true,"href":"https:\/\/pizbube.ch\/en\/wp-json\/wp\/v2\/product_tag?post=152952"}],"curies":[{"name":"wp","href":"https:\/\/api.w.org\/{rel}","templated":true}]}}