{"id":152956,"date":"2021-01-15T12:33:50","date_gmt":"2021-01-15T12:33:50","guid":{"rendered":"https:\/\/codengine3.ch\/?product=import-placeholder-for-206918"},"modified":"2023-09-02T10:04:10","modified_gmt":"2023-09-02T08:04:10","slug":"karawanken-und-steiner-alpen","status":"publish","type":"product","link":"https:\/\/pizbube.ch\/en\/shop\/karawanken-und-steiner-alpen\/","title":{"rendered":"Karawanken und Steiner Alpen"},"content":{"rendered":"<p>Berge und T\u00e4ler zwischen Drau und Save &#8211; 53 Touren<\/p>\n<p>Entlang der Grenze zwischen K\u00e4rnten und Slowenien erstrecken sich \u00fcber eine<br \/>\nL\u00e4nge von 120 Kilometern die Karawanken. Gemeinsam mit den Steiner Alpen<br \/>\nbilden sie ein wahres Wanderparadies.<\/p>\n<p>Vom Dreil\u00e4ndereck nahe Villach im Westen bis zum Ursulaberg im Osten, vom<br \/>\nRosental und Jauntal in K\u00e4rnten bis zum Savetal im Norden Sloweniens erstreckt<br \/>\nsich das Gebiet, das in diesem Rother Wanderf\u00fchrer pr\u00e4sentiert wird.<br \/>\nBeeindruckende Felsw\u00e4nde, tief eingeschnittene Schluchten, glasklare<br \/>\nGebirgsb\u00e4che, dazu liebliche T\u00e4ler und sanfte Almen \u2013 sowohl in den Karawanken<br \/>\nals auch in den Steiner Alpen ist die Landschaft ausgesprochen<br \/>\nabwechslungsreich und kaum erschlossen durch Stra\u00dfen oder Seilbahnen.<\/p>\n<p>Der Autor Helmut Lang, ein hervorragender Kenner dieser Gebirgsgegend, stellt<br \/>\n53 abwechslungsreiche Touren vor. Die Auswahl der Wanderungen ber\u00fccksichtigt<br \/>\nalle Anspr\u00fcche: von kurzen, einfachen Familienwanderungen in den T\u00e4lern bis zu<br \/>\nanspruchsvollen Gipfelbesteigungen mit Klettersteigeinlagen, von Rundwegen um<br \/>\nSeen und auf Almen bis zu natur- und kulturhistorischen Pfaden reichen die<br \/>\nVorschl\u00e4ge. Leicht erreichbar von Klagenfurt, Villach, Ljubljana oder den<br \/>\nK\u00e4rntner Seen und Slowenien aus, k\u00f6nnen fast alle Touren als Tagestouren<br \/>\nunternommen werden.<\/p>\n<p>Tourensteckbriefe, ausf\u00fchrliche Wegbeschreibungen, aussagekr\u00e4ftige<br \/>\nH\u00f6henprofile und detaillierte Kartenausschnitte machen alle Tourenvorschl\u00e4ge<br \/>\nleicht und sicher nachvollziehbar.<\/p>\n<p>184 Seiten mit 109 Farbabbildungen; 53 H\u00f6henprofile, 53 Wanderk\u00e4rtchen im<br \/>\nMa\u00dfstab 1:50.000 und 1:75.000, eine \u00dcbersichtskarte im Ma\u00dfstab 1:500.000; 2.<br \/>\n4., aktualisierte Auflage 2023<\/p>","protected":false},"excerpt":{"rendered":"<p>Berge und T\u00e4ler zwischen Drau und Save &#8211; 53 Touren Entlang der Grenze zwischen K\u00e4rnten und Slowenien erstrecken sich \u00fcber eine L\u00e4nge von 120 Kilometern die Karawanken. Gemeinsam mit den Steiner Alpen bilden sie ein wahres Wanderparadies. Vom Dreil\u00e4ndereck nahe Villach im Westen bis zum Ursulaberg im Osten, vom Rosental und Jauntal in K\u00e4rnten bis [&#8230;]\n","protected":false},"featured_media":168473,"template":"","meta":[],"product_brand":[],"product_cat":[21605],"product_tag":[],"class_list":{"0":"post-152956","1":"product","2":"type-product","3":"status-publish","4":"has-post-thumbnail","6":"product_cat-wanderfuehrer-trekking","7":"pa_autor-lang","8":"pa_erscheinungsjahr-27129","9":"pa_region-osteuropa","10":"pa_sprache-de","12":"first","13":"instock","14":"taxable","15":"shipping-taxable","16":"purchasable","17":"product-type-simple"},"_links":{"self":[{"href":"https:\/\/pizbube.ch\/en\/wp-json\/wp\/v2\/product\/152956","targetHints":{"allow":["GET"]}}],"collection":[{"href":"https:\/\/pizbube.ch\/en\/wp-json\/wp\/v2\/product"}],"about":[{"href":"https:\/\/pizbube.ch\/en\/wp-json\/wp\/v2\/types\/product"}],"wp:featuredmedia":[{"embeddable":true,"href":"https:\/\/pizbube.ch\/en\/wp-json\/wp\/v2\/media\/168473"}],"wp:attachment":[{"href":"https:\/\/pizbube.ch\/en\/wp-json\/wp\/v2\/media?parent=152956"}],"wp:term":[{"taxonomy":"product_brand","embeddable":true,"href":"https:\/\/pizbube.ch\/en\/wp-json\/wp\/v2\/product_brand?post=152956"},{"taxonomy":"product_cat","embeddable":true,"href":"https:\/\/pizbube.ch\/en\/wp-json\/wp\/v2\/product_cat?post=152956"},{"taxonomy":"product_tag","embeddable":true,"href":"https:\/\/pizbube.ch\/en\/wp-json\/wp\/v2\/product_tag?post=152956"}],"curies":[{"name":"wp","href":"https:\/\/api.w.org\/{rel}","templated":true}]}}