{"id":152959,"date":"2021-01-15T12:33:55","date_gmt":"2021-01-15T12:33:55","guid":{"rendered":"https:\/\/codengine3.ch\/?product=import-placeholder-for-202174"},"modified":"2025-10-28T17:00:27","modified_gmt":"2025-10-28T16:00:27","slug":"auswirkungen-der-klima-und-gletscheraenderung-auf-den-alpinismus","status":"publish","type":"product","link":"https:\/\/pizbube.ch\/en\/shop\/auswirkungen-der-klima-und-gletscheraenderung-auf-den-alpinismus\/","title":{"rendered":"Auswirkungen der Klima- und Gletscher\u00e4nderung auf den Alpinismus"},"content":{"rendered":"<p>Die Brosch\u00fcre fasst die Ergebnisse des Forschungsprojektes, das der<br \/>\nUmweltdachverband gemeinsam mit der ZAMG und der TU Wien durchgef\u00fchrt hat,<br \/>\nzusammen. Neben einer Fragebogenerhebung hinsichtlich der Auswirkung und der<br \/>\nKonsequenzen der Klima- und Gletscher\u00e4nderung f\u00fcr den heimischen Bergsport<br \/>\nwurde eine umfangreiche wissenschaftliche Analyse zu Folgen f\u00fcr Gletscher,<br \/>\nPermafrost, Wasserhaushalt sowie Tier- und Pflanzenwelt ausgearbeitet. Hrsg.:<br \/>\nUmweltdachverband, Wien, Juni 2006,<\/p>\n<p>96 Seiten<br \/>\n(Publikation NUR NOCH als CD-Rom im pdf-Format)<\/p>","protected":false},"excerpt":{"rendered":"<p>Die Brosch\u00fcre fasst die Ergebnisse des Forschungsprojektes, das der Umweltdachverband gemeinsam mit der ZAMG und der TU Wien durchgef\u00fchrt hat, zusammen. Neben einer Fragebogenerhebung hinsichtlich der Auswirkung und der Konsequenzen der Klima- und Gletscher\u00e4nderung f\u00fcr den heimischen Bergsport wurde eine umfangreiche wissenschaftliche Analyse zu Folgen f\u00fcr Gletscher, Permafrost, Wasserhaushalt sowie Tier- und Pflanzenwelt ausgearbeitet. Hrsg.: [&#8230;]\n","protected":false},"featured_media":29563,"template":"","meta":[],"product_brand":[],"product_cat":[21542],"product_tag":[],"class_list":{"0":"post-152959","1":"product","2":"type-product","3":"status-publish","4":"has-post-thumbnail","6":"product_cat-sachbuecher-dokumentationen","7":"pa_autor-behm-raffeiner-schoener","8":"pa_erscheinungsjahr-21842","9":"pa_region-oesterreich","10":"pa_sprache-de","12":"first","13":"outofstock","14":"taxable","15":"shipping-taxable","16":"purchasable","17":"product-type-simple"},"_links":{"self":[{"href":"https:\/\/pizbube.ch\/en\/wp-json\/wp\/v2\/product\/152959","targetHints":{"allow":["GET"]}}],"collection":[{"href":"https:\/\/pizbube.ch\/en\/wp-json\/wp\/v2\/product"}],"about":[{"href":"https:\/\/pizbube.ch\/en\/wp-json\/wp\/v2\/types\/product"}],"wp:featuredmedia":[{"embeddable":true,"href":"https:\/\/pizbube.ch\/en\/wp-json\/wp\/v2\/media\/29563"}],"wp:attachment":[{"href":"https:\/\/pizbube.ch\/en\/wp-json\/wp\/v2\/media?parent=152959"}],"wp:term":[{"taxonomy":"product_brand","embeddable":true,"href":"https:\/\/pizbube.ch\/en\/wp-json\/wp\/v2\/product_brand?post=152959"},{"taxonomy":"product_cat","embeddable":true,"href":"https:\/\/pizbube.ch\/en\/wp-json\/wp\/v2\/product_cat?post=152959"},{"taxonomy":"product_tag","embeddable":true,"href":"https:\/\/pizbube.ch\/en\/wp-json\/wp\/v2\/product_tag?post=152959"}],"curies":[{"name":"wp","href":"https:\/\/api.w.org\/{rel}","templated":true}]}}