{"id":152960,"date":"2021-01-15T12:33:55","date_gmt":"2021-01-15T12:33:55","guid":{"rendered":"https:\/\/codengine3.ch\/?product=import-placeholder-for-204931"},"modified":"2021-01-15T14:37:23","modified_gmt":"2021-01-15T14:37:23","slug":"wolkengucken","status":"publish","type":"product","link":"https:\/\/pizbube.ch\/en\/shop\/wolkengucken\/","title":{"rendered":"Wolkengucken"},"content":{"rendered":"<p>SIE WERDEN AUS ALLEN WOLKEN FALLEN! Dieses Buch wird Ihren Blick auf den<br \/>\nHimmel nachhaltig ver\u00e4ndern &#8230; Oder wussten Sie, wie es ist, aus einer H\u00f6he<br \/>\nvon 14 000 Metern durch die gef\u00fcrchtete Gewitterwolke Cumulonimbus zu fallen?<br \/>\nOder dass das Wasser in einer mittelgro\u00dfen Sch\u00f6nwetter-Wolke so schwer ist wie<br \/>\n80 Elefanten? Und dass manche Wolken besonders gef\u00fcrchtet sind, weil sie<br \/>\nErdbeben ank\u00fcndigen, andere hingegen von Segelfliegern wegen der Thermik<br \/>\nherbeigesehnt werden? Gavin Pretor-Pinney ist der gr\u00f6\u00dfte erkl\u00e4rte Fan der<br \/>\nWolken &#8211; ephemere Himmelsgebilde, die seiner Meinung nach stets untersch\u00e4tzt<br \/>\nwerden. Und dies, obwohl sich eigentlich kaum jemand ihrer Faszination<br \/>\nentziehen kann: Auf der ganzen Welt, in jeder Kultur und zu allen Zeiten<br \/>\nspielten sie eine besondere Rolle. Schon als Kinder sahen wir in den Wolken<br \/>\nTiere und seltsame Wesen und tr\u00e4umten davon, in ihnen zu versinken. In der<br \/>\ngriechischen Mythologie kam Zeus der Untreue seiner Ehefrau auf die Spur, als<br \/>\ner ihren Liebhaber mit einem Gattinnen-Double in Wolkenform verf\u00fchrte. Der<br \/>\njapanische Donnergott Raiden hinderte im 13. Jahrhundert &#8211; auf einer Wolke<br \/>\nsitzend und Blitze schleudernd &#8211; die Mongolen an der Invasion Japans. Und in<br \/>\nIndien werden Elefanten verehrt, da sie als spirituelle Verwandte der Regen &#8211;<br \/>\nund damit Segen &#8211; bringenden Cumuluswolken gelten. 1907 wurde angeblich ein<br \/>\n\u00fcber einem norwegischen Fjord navigierendes Ufo fotografiert &#8211; doch erst 60<br \/>\nJahre sp\u00e4ter entpuppte sich das seltsame Flugobjekt als besondere Variation<br \/>\nder Altocumulus lenticularis. Humorvoll und lehrreich zeigt Gavin Pretor-<br \/>\nPinney die Vielfalt der Wolken auf, erl\u00e4utert ihre Formen und ihre Entstehung<br \/>\nund enth\u00fcllt Wissenswertes, Unglaubliches und Poetisches aus Geschichte und<br \/>\nNaturwissenschaft, Kulturhistorie  <\/p>","protected":false},"excerpt":{"rendered":"<p>SIE WERDEN AUS ALLEN WOLKEN FALLEN! Dieses Buch wird Ihren Blick auf den Himmel nachhaltig ver\u00e4ndern &#8230; Oder wussten Sie, wie es ist, aus einer H\u00f6he von 14 000 Metern durch die gef\u00fcrchtete Gewitterwolke Cumulonimbus zu fallen? Oder dass das Wasser in einer mittelgro\u00dfen Sch\u00f6nwetter-Wolke so schwer ist wie 80 Elefanten? Und dass manche Wolken [&#8230;]\n","protected":false},"featured_media":33485,"template":"","meta":[],"product_brand":[],"product_cat":[21542],"product_tag":[],"class_list":{"0":"post-152960","1":"product","2":"type-product","3":"status-publish","4":"has-post-thumbnail","6":"product_cat-sachbuecher-dokumentationen","7":"pa_autor-pretor-pinney","8":"pa_erscheinungsjahr-21842","9":"pa_region-orientierung-wetter-ausbildung","10":"pa_sprache-de","12":"first","13":"instock","14":"taxable","15":"shipping-taxable","16":"purchasable","17":"product-type-simple"},"_links":{"self":[{"href":"https:\/\/pizbube.ch\/en\/wp-json\/wp\/v2\/product\/152960","targetHints":{"allow":["GET"]}}],"collection":[{"href":"https:\/\/pizbube.ch\/en\/wp-json\/wp\/v2\/product"}],"about":[{"href":"https:\/\/pizbube.ch\/en\/wp-json\/wp\/v2\/types\/product"}],"wp:featuredmedia":[{"embeddable":true,"href":"https:\/\/pizbube.ch\/en\/wp-json\/wp\/v2\/media\/33485"}],"wp:attachment":[{"href":"https:\/\/pizbube.ch\/en\/wp-json\/wp\/v2\/media?parent=152960"}],"wp:term":[{"taxonomy":"product_brand","embeddable":true,"href":"https:\/\/pizbube.ch\/en\/wp-json\/wp\/v2\/product_brand?post=152960"},{"taxonomy":"product_cat","embeddable":true,"href":"https:\/\/pizbube.ch\/en\/wp-json\/wp\/v2\/product_cat?post=152960"},{"taxonomy":"product_tag","embeddable":true,"href":"https:\/\/pizbube.ch\/en\/wp-json\/wp\/v2\/product_tag?post=152960"}],"curies":[{"name":"wp","href":"https:\/\/api.w.org\/{rel}","templated":true}]}}