{"id":152965,"date":"2021-01-15T12:33:56","date_gmt":"2021-01-15T12:33:56","guid":{"rendered":"https:\/\/codengine3.ch\/?product=import-placeholder-for-202168"},"modified":"2021-01-15T12:34:00","modified_gmt":"2021-01-15T12:34:00","slug":"winterwandern-in-graubuenden","status":"publish","type":"product","link":"https:\/\/pizbube.ch\/en\/shop\/winterwandern-in-graubuenden\/","title":{"rendered":"Winterwandern in Graub\u00fcnden"},"content":{"rendered":"<p>Ausgesuchte Winter-Wandervorschl\u00e4ge mit Varianten, Tipps, Spezialit\u00e4ten.  <\/p>\n<p>Viele gepfadete Wanderwege verlocken, die nahe und weitere Umgebung der<br \/>\nB\u00fcndner Ferienorte auch im Winter zu entdecken. 29 ausgew\u00e4hlte<br \/>\nWinterwanderungen und weitere Varianten werden hier in Wort und Bild<br \/>\nvorgestellt, mit Krokis und vielen Infos. Dazu werden noch weitere Winterhits<br \/>\nbeschrieben wie Schneeschuhwandern, Winterbr\u00e4uche, Humor auf Eis, Langlauf,<br \/>\nIce-Events und Schlitteln.  <\/p>","protected":false},"excerpt":{"rendered":"<p>Ausgesuchte Winter-Wandervorschl\u00e4ge mit Varianten, Tipps, Spezialit\u00e4ten. Viele gepfadete Wanderwege verlocken, die nahe und weitere Umgebung der B\u00fcndner Ferienorte auch im Winter zu entdecken. 29 ausgew\u00e4hlte Winterwanderungen und weitere Varianten werden hier in Wort und Bild vorgestellt, mit Krokis und vielen Infos. Dazu werden noch weitere Winterhits beschrieben wie Schneeschuhwandern, Winterbr\u00e4uche, Humor auf Eis, Langlauf, Ice-Events [&#8230;]\n","protected":false},"featured_media":29557,"template":"","meta":[],"product_brand":[],"product_cat":[21605],"product_tag":[],"class_list":{"0":"post-152965","1":"product","2":"type-product","3":"status-publish","4":"has-post-thumbnail","6":"product_cat-wanderfuehrer-trekking","7":"pa_autor-lieberherr","8":"pa_erscheinungsjahr-21763","9":"pa_region-schweiz","10":"pa_sprache-de","12":"first","13":"instock","14":"taxable","15":"shipping-taxable","16":"purchasable","17":"product-type-simple"},"_links":{"self":[{"href":"https:\/\/pizbube.ch\/en\/wp-json\/wp\/v2\/product\/152965","targetHints":{"allow":["GET"]}}],"collection":[{"href":"https:\/\/pizbube.ch\/en\/wp-json\/wp\/v2\/product"}],"about":[{"href":"https:\/\/pizbube.ch\/en\/wp-json\/wp\/v2\/types\/product"}],"wp:featuredmedia":[{"embeddable":true,"href":"https:\/\/pizbube.ch\/en\/wp-json\/wp\/v2\/media\/29557"}],"wp:attachment":[{"href":"https:\/\/pizbube.ch\/en\/wp-json\/wp\/v2\/media?parent=152965"}],"wp:term":[{"taxonomy":"product_brand","embeddable":true,"href":"https:\/\/pizbube.ch\/en\/wp-json\/wp\/v2\/product_brand?post=152965"},{"taxonomy":"product_cat","embeddable":true,"href":"https:\/\/pizbube.ch\/en\/wp-json\/wp\/v2\/product_cat?post=152965"},{"taxonomy":"product_tag","embeddable":true,"href":"https:\/\/pizbube.ch\/en\/wp-json\/wp\/v2\/product_tag?post=152965"}],"curies":[{"name":"wp","href":"https:\/\/api.w.org\/{rel}","templated":true}]}}