{"id":152966,"date":"2021-01-15T12:33:56","date_gmt":"2021-01-15T12:33:56","guid":{"rendered":"https:\/\/codengine3.ch\/?product=import-placeholder-for-205900"},"modified":"2025-10-16T16:35:24","modified_gmt":"2025-10-16T14:35:24","slug":"wandern-und-geniessen-im-winter","status":"publish","type":"product","link":"https:\/\/pizbube.ch\/en\/shop\/wandern-und-geniessen-im-winter\/","title":{"rendered":"Wandern und Geniessen im Winter"},"content":{"rendered":"<p>Die sch\u00f6nsten Schneeschuh- und Winterwander-Weekends in der Schweiz mit Berghotel-Komfort<\/p>\n<p>Das Schneeschuhlaufen in den Alpen einen wahren Boom. Der Autor beschreibt attraktiv, illustriert mit \u00fcber 250 erstklassigen Fotos die sch\u00f6nsten zweit\u00e4gigen Wanderungen in der Schweiz, verbunden mit der \u00dcbernachtung in einem komfortablen Berghotel, ganz nach dem Motto: Daunenbett und heisse Dusche statt Massenlager und Katzenw\u00e4sche.<\/p>\n<p>Das Buch enth\u00e4lt mehr als 30 der sch\u00f6nsten und lohnenswertesten zweit\u00e4gigen Touren in den Schweizer Alpen und im Jura. F\u00fcr die meisten der vorgestellten Orte werden sowohl zwei Winterwanderungen als auch zwei Schneeschuhtouren vorgeschlagen und detailliert beschrieben, mit Angaben zu Schwierigkeit und L\u00e4nge, Vorstellung der Bergh\u00e4user und praktischer \u00dcbersichtskarte.<\/p>\n<p>Die Touren sind allesamt eher leicht und nicht zu lang, und die Ausgangspunkte mit \u00f6ffentlichen Verkehrsmitteln erreichbar. Ein Buch f\u00fcr alle, die gerne in der Wunderwelt des Winters wandern oder mit Schneeschuhen losziehen und dabei nicht auf eine Prise Luxus verzichten wollen.<\/p>","protected":false},"excerpt":{"rendered":"<p>Die sch\u00f6nsten Schneeschuh- und Winterwander-Weekends in der Schweiz mit Berghotel-Komfort Das Schneeschuhlaufen in den Alpen einen wahren Boom. Der Autor beschreibt attraktiv, illustriert mit \u00fcber 250 erstklassigen Fotos die sch\u00f6nsten zweit\u00e4gigen Wanderungen in der Schweiz, verbunden mit der \u00dcbernachtung in einem komfortablen Berghotel, ganz nach dem Motto: Daunenbett und heisse Dusche statt Massenlager und Katzenw\u00e4sche. [&#8230;]\n","protected":false},"featured_media":177177,"template":"","meta":[],"product_brand":[],"product_cat":[21540,21542],"product_tag":[],"class_list":{"0":"post-152966","1":"product","2":"type-product","3":"status-publish","4":"has-post-thumbnail","6":"product_cat-fuehrerliteratur-alpin-winter","7":"product_cat-sachbuecher-dokumentationen","8":"pa_autor-staffelbach","9":"pa_erscheinungsjahr-21693","10":"pa_region-schweiz","11":"pa_sprache-de","13":"first","14":"outofstock","15":"taxable","16":"shipping-taxable","17":"purchasable","18":"product-type-simple"},"_links":{"self":[{"href":"https:\/\/pizbube.ch\/en\/wp-json\/wp\/v2\/product\/152966","targetHints":{"allow":["GET"]}}],"collection":[{"href":"https:\/\/pizbube.ch\/en\/wp-json\/wp\/v2\/product"}],"about":[{"href":"https:\/\/pizbube.ch\/en\/wp-json\/wp\/v2\/types\/product"}],"wp:featuredmedia":[{"embeddable":true,"href":"https:\/\/pizbube.ch\/en\/wp-json\/wp\/v2\/media\/177177"}],"wp:attachment":[{"href":"https:\/\/pizbube.ch\/en\/wp-json\/wp\/v2\/media?parent=152966"}],"wp:term":[{"taxonomy":"product_brand","embeddable":true,"href":"https:\/\/pizbube.ch\/en\/wp-json\/wp\/v2\/product_brand?post=152966"},{"taxonomy":"product_cat","embeddable":true,"href":"https:\/\/pizbube.ch\/en\/wp-json\/wp\/v2\/product_cat?post=152966"},{"taxonomy":"product_tag","embeddable":true,"href":"https:\/\/pizbube.ch\/en\/wp-json\/wp\/v2\/product_tag?post=152966"}],"curies":[{"name":"wp","href":"https:\/\/api.w.org\/{rel}","templated":true}]}}