{"id":152968,"date":"2021-01-15T12:33:56","date_gmt":"2021-01-15T12:33:56","guid":{"rendered":"https:\/\/codengine3.ch\/?product=import-placeholder-for-208044"},"modified":"2021-01-15T17:49:35","modified_gmt":"2021-01-15T17:49:35","slug":"schneeschuhtouren-graubuenden-sued-vom-unterengadin-bis-zum-averstal","status":"publish","type":"product","link":"https:\/\/pizbube.ch\/en\/shop\/schneeschuhtouren-graubuenden-sued-vom-unterengadin-bis-zum-averstal\/","title":{"rendered":"Schneeschuhtouren Graub\u00fcnden S\u00fcd &#8211; Vom Unterengadin bis zum Averstal"},"content":{"rendered":"<p>Der vorliegende Schneeschuhtourenf\u00fchrer deckt ein interessantes und<br \/>\nvariantenreiches Gebiet ab- von Tschlin bis Avers, vom Julierpass bis ins Val<br \/>\nM\u00fcstair.<\/p>\n<p>106 Touren und Varianten in allen Schwierigkeitsgraden &#8211; darunter 44<br \/>\nEinsteigertouren \u2013 sind detailliert beschrieben. Routenfotos geben in diesem<br \/>\nreich bebilderten F\u00fchrerwerk Einblick ins Gel\u00e4nde, Kartenskizzen bieten eine<br \/>\nerste Orientierung, und GPS-Koordinaten komplettieren den umfassenden<br \/>\nInfoservice.  <\/p>\n<p>Ein Standardwerk f\u00fcr Schneeschuhl\u00e4ufer, die den einsamen Genuss im weiten<br \/>\nWeiss des winterlichen S\u00fcdb\u00fcnden suchen.160 Seiten, Farbfotos und<br \/>\nTourenk\u00e4rtchen. Mit 44 Varianten f\u00fcr Einsteiger<\/p>","protected":false},"excerpt":{"rendered":"<p>Der vorliegende Schneeschuhtourenf\u00fchrer deckt ein interessantes und variantenreiches Gebiet ab- von Tschlin bis Avers, vom Julierpass bis ins Val M\u00fcstair. 106 Touren und Varianten in allen Schwierigkeitsgraden &#8211; darunter 44 Einsteigertouren \u2013 sind detailliert beschrieben. Routenfotos geben in diesem reich bebilderten F\u00fchrerwerk Einblick ins Gel\u00e4nde, Kartenskizzen bieten eine erste Orientierung, und GPS-Koordinaten komplettieren den umfassenden [&#8230;]\n","protected":false},"featured_media":39196,"template":"","meta":[],"product_brand":[],"product_cat":[21540],"product_tag":[],"class_list":{"0":"post-152968","1":"product","2":"type-product","3":"status-publish","4":"has-post-thumbnail","6":"product_cat-fuehrerliteratur-alpin-winter","7":"pa_autor-coulin","8":"pa_erscheinungsjahr-21621","9":"pa_region-schweiz","10":"pa_sprache-de","12":"first","13":"instock","14":"taxable","15":"shipping-taxable","16":"purchasable","17":"product-type-simple"},"_links":{"self":[{"href":"https:\/\/pizbube.ch\/en\/wp-json\/wp\/v2\/product\/152968","targetHints":{"allow":["GET"]}}],"collection":[{"href":"https:\/\/pizbube.ch\/en\/wp-json\/wp\/v2\/product"}],"about":[{"href":"https:\/\/pizbube.ch\/en\/wp-json\/wp\/v2\/types\/product"}],"wp:featuredmedia":[{"embeddable":true,"href":"https:\/\/pizbube.ch\/en\/wp-json\/wp\/v2\/media\/39196"}],"wp:attachment":[{"href":"https:\/\/pizbube.ch\/en\/wp-json\/wp\/v2\/media?parent=152968"}],"wp:term":[{"taxonomy":"product_brand","embeddable":true,"href":"https:\/\/pizbube.ch\/en\/wp-json\/wp\/v2\/product_brand?post=152968"},{"taxonomy":"product_cat","embeddable":true,"href":"https:\/\/pizbube.ch\/en\/wp-json\/wp\/v2\/product_cat?post=152968"},{"taxonomy":"product_tag","embeddable":true,"href":"https:\/\/pizbube.ch\/en\/wp-json\/wp\/v2\/product_tag?post=152968"}],"curies":[{"name":"wp","href":"https:\/\/api.w.org\/{rel}","templated":true}]}}