{"id":152969,"date":"2021-01-15T12:33:57","date_gmt":"2021-01-15T12:33:57","guid":{"rendered":"https:\/\/codengine3.ch\/?product=import-placeholder-for-202169"},"modified":"2021-01-15T12:34:00","modified_gmt":"2021-01-15T12:34:00","slug":"dem-himmel-entgegen","status":"publish","type":"product","link":"https:\/\/pizbube.ch\/en\/shop\/dem-himmel-entgegen\/","title":{"rendered":"Dem Himmel entgegen"},"content":{"rendered":"<p>Geschichten f\u00fcr alle, die Berge lieben: von den fr\u00fchen Entdeckern und<br \/>\nNaturschw\u00e4rmern bis in die Gegenwart, von Petrarca und Goethe bis K\u00e4stener,<br \/>\nHorvath und Messner! (Anthologie) Gebunden.<\/p>","protected":false},"excerpt":{"rendered":"<p>Geschichten f\u00fcr alle, die Berge lieben: von den fr\u00fchen Entdeckern und Naturschw\u00e4rmern bis in die Gegenwart, von Petrarca und Goethe bis K\u00e4stener, Horvath und Messner! (Anthologie) Gebunden.<\/p>","protected":false},"featured_media":29558,"template":"","meta":[],"product_brand":[],"product_cat":[21629],"product_tag":[],"class_list":{"0":"post-152969","1":"product","2":"type-product","3":"status-publish","4":"has-post-thumbnail","6":"product_cat-belletristik","7":"pa_autor-ritten","8":"pa_erscheinungsjahr-21750","9":"pa_region-deutschland","10":"pa_sprache-de","12":"first","13":"outofstock","14":"taxable","15":"shipping-taxable","16":"purchasable","17":"product-type-simple"},"_links":{"self":[{"href":"https:\/\/pizbube.ch\/en\/wp-json\/wp\/v2\/product\/152969","targetHints":{"allow":["GET"]}}],"collection":[{"href":"https:\/\/pizbube.ch\/en\/wp-json\/wp\/v2\/product"}],"about":[{"href":"https:\/\/pizbube.ch\/en\/wp-json\/wp\/v2\/types\/product"}],"wp:featuredmedia":[{"embeddable":true,"href":"https:\/\/pizbube.ch\/en\/wp-json\/wp\/v2\/media\/29558"}],"wp:attachment":[{"href":"https:\/\/pizbube.ch\/en\/wp-json\/wp\/v2\/media?parent=152969"}],"wp:term":[{"taxonomy":"product_brand","embeddable":true,"href":"https:\/\/pizbube.ch\/en\/wp-json\/wp\/v2\/product_brand?post=152969"},{"taxonomy":"product_cat","embeddable":true,"href":"https:\/\/pizbube.ch\/en\/wp-json\/wp\/v2\/product_cat?post=152969"},{"taxonomy":"product_tag","embeddable":true,"href":"https:\/\/pizbube.ch\/en\/wp-json\/wp\/v2\/product_tag?post=152969"}],"curies":[{"name":"wp","href":"https:\/\/api.w.org\/{rel}","templated":true}]}}