{"id":152970,"date":"2021-01-15T12:33:57","date_gmt":"2021-01-15T12:33:57","guid":{"rendered":"https:\/\/codengine3.ch\/?product=import-placeholder-for-202610"},"modified":"2021-01-15T12:37:46","modified_gmt":"2021-01-15T12:37:46","slug":"dem-himmel-entgegen-2","status":"publish","type":"product","link":"https:\/\/pizbube.ch\/en\/shop\/dem-himmel-entgegen-2\/","title":{"rendered":"Dem Himmel entgegen"},"content":{"rendered":"<p>Nicht erst die literarische Romantik entdeckte den Zauber der Berge, die bis<br \/>\nheute f\u00fcr Wanderer und Leser nichts von ihrem Reiz verloren haben. Ein<br \/>\nspannendes und poetisches Lesebuch von den fr\u00fchen Entdeckern der Gebirgswelt<br \/>\nbis zu den grossen Abenteuern und Erz\u00e4hlern der Gegenwart &#8211; von Petrarca und<br \/>\nGoethe, Ernest Hemingway und Hermann Hesse bis zu Reinhold Messner und Jon<br \/>\nKrakauer. Taschenbuch.<\/p>","protected":false},"excerpt":{"rendered":"<p>Nicht erst die literarische Romantik entdeckte den Zauber der Berge, die bis heute f\u00fcr Wanderer und Leser nichts von ihrem Reiz verloren haben. Ein spannendes und poetisches Lesebuch von den fr\u00fchen Entdeckern der Gebirgswelt bis zu den grossen Abenteuern und Erz\u00e4hlern der Gegenwart &#8211; von Petrarca und Goethe, Ernest Hemingway und Hermann Hesse bis zu [&#8230;]\n","protected":false},"featured_media":30026,"template":"","meta":[],"product_brand":[],"product_cat":[21629],"product_tag":[],"class_list":{"0":"post-152970","1":"product","2":"type-product","3":"status-publish","4":"has-post-thumbnail","6":"product_cat-belletristik","7":"pa_autor-ritten","8":"pa_erscheinungsjahr-22292","9":"pa_region-deutschland","10":"pa_sprache-de","12":"first","13":"outofstock","14":"taxable","15":"shipping-taxable","16":"purchasable","17":"product-type-simple"},"_links":{"self":[{"href":"https:\/\/pizbube.ch\/en\/wp-json\/wp\/v2\/product\/152970","targetHints":{"allow":["GET"]}}],"collection":[{"href":"https:\/\/pizbube.ch\/en\/wp-json\/wp\/v2\/product"}],"about":[{"href":"https:\/\/pizbube.ch\/en\/wp-json\/wp\/v2\/types\/product"}],"wp:featuredmedia":[{"embeddable":true,"href":"https:\/\/pizbube.ch\/en\/wp-json\/wp\/v2\/media\/30026"}],"wp:attachment":[{"href":"https:\/\/pizbube.ch\/en\/wp-json\/wp\/v2\/media?parent=152970"}],"wp:term":[{"taxonomy":"product_brand","embeddable":true,"href":"https:\/\/pizbube.ch\/en\/wp-json\/wp\/v2\/product_brand?post=152970"},{"taxonomy":"product_cat","embeddable":true,"href":"https:\/\/pizbube.ch\/en\/wp-json\/wp\/v2\/product_cat?post=152970"},{"taxonomy":"product_tag","embeddable":true,"href":"https:\/\/pizbube.ch\/en\/wp-json\/wp\/v2\/product_tag?post=152970"}],"curies":[{"name":"wp","href":"https:\/\/api.w.org\/{rel}","templated":true}]}}