{"id":152974,"date":"2021-01-15T12:33:57","date_gmt":"2021-01-15T12:33:57","guid":{"rendered":"https:\/\/codengine3.ch\/?product=import-placeholder-for-204108"},"modified":"2021-01-15T14:29:53","modified_gmt":"2021-01-15T14:29:53","slug":"topo-descalade-bleone-durance","status":"publish","type":"product","link":"https:\/\/pizbube.ch\/en\/shop\/topo-descalade-bleone-durance\/","title":{"rendered":"Topo d`Escalade Bl\u00e9one Durance"},"content":{"rendered":"<p>Il regroupe les sites d`escalade autour de Volx, Sisteron et Digne (Volx, St<br \/>\nJean, La Beaume, Courbons, Bl\u00e9gier et Chabri\u00e8res). Ils offrent des<br \/>\norientations diverses qui permettent de grimper dans cette zone toute l`ann\u00e9e.<br \/>\nCe topo est l`oeuvre collective des clubs de Digne, Manosque, Sisteron et<br \/>\nCh\u00e2teaux-Arnoux. L`\u00e9diteur est le comit\u00e9 d\u00e9partemental FFME du 04.<\/p>","protected":false},"excerpt":{"rendered":"<p>Il regroupe les sites d`escalade autour de Volx, Sisteron et Digne (Volx, St Jean, La Beaume, Courbons, Bl\u00e9gier et Chabri\u00e8res). Ils offrent des orientations diverses qui permettent de grimper dans cette zone toute l`ann\u00e9e. Ce topo est l`oeuvre collective des clubs de Digne, Manosque, Sisteron et Ch\u00e2teaux-Arnoux. L`\u00e9diteur est le comit\u00e9 d\u00e9partemental FFME du 04.<\/p>","protected":false},"featured_media":31861,"template":"","meta":[],"product_brand":[],"product_cat":[21539],"product_tag":[],"class_list":{"0":"post-152974","1":"product","2":"type-product","3":"status-publish","4":"has-post-thumbnail","6":"product_cat-fuehrerliteratur-sportklettern-bouldern","7":"pa_autor-ffme-04","8":"pa_erscheinungsjahr-21920","9":"pa_region-frankreich","10":"pa_sprache-fr","12":"first","13":"outofstock","14":"taxable","15":"shipping-taxable","16":"purchasable","17":"product-type-simple"},"_links":{"self":[{"href":"https:\/\/pizbube.ch\/en\/wp-json\/wp\/v2\/product\/152974","targetHints":{"allow":["GET"]}}],"collection":[{"href":"https:\/\/pizbube.ch\/en\/wp-json\/wp\/v2\/product"}],"about":[{"href":"https:\/\/pizbube.ch\/en\/wp-json\/wp\/v2\/types\/product"}],"wp:featuredmedia":[{"embeddable":true,"href":"https:\/\/pizbube.ch\/en\/wp-json\/wp\/v2\/media\/31861"}],"wp:attachment":[{"href":"https:\/\/pizbube.ch\/en\/wp-json\/wp\/v2\/media?parent=152974"}],"wp:term":[{"taxonomy":"product_brand","embeddable":true,"href":"https:\/\/pizbube.ch\/en\/wp-json\/wp\/v2\/product_brand?post=152974"},{"taxonomy":"product_cat","embeddable":true,"href":"https:\/\/pizbube.ch\/en\/wp-json\/wp\/v2\/product_cat?post=152974"},{"taxonomy":"product_tag","embeddable":true,"href":"https:\/\/pizbube.ch\/en\/wp-json\/wp\/v2\/product_tag?post=152974"}],"curies":[{"name":"wp","href":"https:\/\/api.w.org\/{rel}","templated":true}]}}