{"id":152976,"date":"2021-01-15T12:33:57","date_gmt":"2021-01-15T12:33:57","guid":{"rendered":"https:\/\/codengine3.ch\/?product=import-placeholder-for-202979"},"modified":"2026-03-05T09:37:59","modified_gmt":"2026-03-05T08:37:59","slug":"mein-tourenbuch","status":"publish","type":"product","link":"https:\/\/pizbube.ch\/en\/shop\/mein-tourenbuch\/","title":{"rendered":"Mein Tourenbuch"},"content":{"rendered":"<p class=\"mt-3\">Wander- und Gipfelbuch zum Ausf\u00fcllen und Gestalten \u2013 f\u00fcr alle Outdoor-Sportarten wie Wandern, Bergsteigen, Klettern, Ski- und Radtouren. Mit Platz f\u00fcr 75 Touren<\/p>\n<p><span class=\"value\">Wer viel drau\u00dfen unterwegs ist, sei es beim Wandern, mit dem Rad oder auf Skiern, m\u00f6chte sich gerne an seine Touren erinnern: an Gipfel, H\u00fctten und Almen, Gasth\u00e4user und Bierg\u00e4rten, an sch\u00f6ne Wege und Pfade, aber besonders auch an die vielen spannenden Entdeckungen und Erlebnisse unterwegs.<\/span><\/p>\n<p>\u00bbMein Tourenbuch\u00ab, das Wandertagebuch aus dem Rother Bergverlag, bietet Platz zum Eintragen von 75 Touren: Ziel und Wegverlauf, H\u00f6henmeter, Strecke und Dauer, Einkehr und Wetter, aber auch f\u00fcr die pers\u00f6nlichen Erlebnisse, f\u00fcr Fotos, Zeichnungen oder Stempel. Wer seine \u00bbJahresleistung\u00ab messen m\u00f6chte, addiert die Kilometer und H\u00f6henmeter einfach im Inhaltsverzeichnis.<\/p>\n<p>Das Buch mit der Umschlagfarbe Flamingo passt in jeden Rucksack. Ein Leseb\u00e4ndchen hilft beim schnellen Auffinden der aktuellen Tour, ein Gummiband h\u00e4lt das Buch im Gep\u00e4ck sicher verschlossen.<\/p>\n<p>160 Seiten; Gummiband zum Verschlie\u00dfen und Leseb\u00e4ndchen<br \/>\n17. Auflage 2026<\/p>","protected":false},"excerpt":{"rendered":"<p>Wander- und Gipfelbuch zum Ausf\u00fcllen und Gestalten \u2013 f\u00fcr alle Outdoor-Sportarten wie Wandern, Bergsteigen, Klettern, Ski- und Radtouren. Mit Platz f\u00fcr 75 Touren Wer viel drau\u00dfen unterwegs ist, sei es beim Wandern, mit dem Rad oder auf Skiern, m\u00f6chte sich gerne an seine Touren erinnern: an Gipfel, H\u00fctten und Almen, Gasth\u00e4user und Bierg\u00e4rten, an sch\u00f6ne [&#8230;]\n","protected":false},"featured_media":183341,"template":"","meta":[],"product_brand":[],"product_cat":[21542],"product_tag":[],"class_list":{"0":"post-152976","1":"product","2":"type-product","3":"status-publish","4":"has-post-thumbnail","6":"product_cat-sachbuecher-dokumentationen","7":"pa_autor-perwitzschky","8":"pa_erscheinungsjahr-27654","9":"pa_region-deutschland","10":"pa_sprache-de","12":"first","13":"instock","14":"taxable","15":"shipping-taxable","16":"purchasable","17":"product-type-simple"},"_links":{"self":[{"href":"https:\/\/pizbube.ch\/en\/wp-json\/wp\/v2\/product\/152976","targetHints":{"allow":["GET"]}}],"collection":[{"href":"https:\/\/pizbube.ch\/en\/wp-json\/wp\/v2\/product"}],"about":[{"href":"https:\/\/pizbube.ch\/en\/wp-json\/wp\/v2\/types\/product"}],"wp:featuredmedia":[{"embeddable":true,"href":"https:\/\/pizbube.ch\/en\/wp-json\/wp\/v2\/media\/183341"}],"wp:attachment":[{"href":"https:\/\/pizbube.ch\/en\/wp-json\/wp\/v2\/media?parent=152976"}],"wp:term":[{"taxonomy":"product_brand","embeddable":true,"href":"https:\/\/pizbube.ch\/en\/wp-json\/wp\/v2\/product_brand?post=152976"},{"taxonomy":"product_cat","embeddable":true,"href":"https:\/\/pizbube.ch\/en\/wp-json\/wp\/v2\/product_cat?post=152976"},{"taxonomy":"product_tag","embeddable":true,"href":"https:\/\/pizbube.ch\/en\/wp-json\/wp\/v2\/product_tag?post=152976"}],"curies":[{"name":"wp","href":"https:\/\/api.w.org\/{rel}","templated":true}]}}