{"id":152977,"date":"2021-01-15T12:33:57","date_gmt":"2021-01-15T12:33:57","guid":{"rendered":"https:\/\/codengine3.ch\/?product=import-placeholder-for-205524"},"modified":"2021-01-15T14:41:53","modified_gmt":"2021-01-15T14:41:53","slug":"gletscher","status":"publish","type":"product","link":"https:\/\/pizbube.ch\/en\/shop\/gletscher\/","title":{"rendered":"Gletscher"},"content":{"rendered":"<p>Auf einer Reise rund um die ganze Welt f\u00fchrt dieses Buch tief hinein in die<br \/>\neisige Welt der Gletscher. Erleben Sie die Eiskolosse in ihrer ganzen Majest\u00e4t<br \/>\nin atemberaubenden Fotos, begleitet von Erl\u00e4uterungen, die auch f\u00fcr den Laien<br \/>\nverst\u00e4ndlich sind. Wie Gletscher entstehen und funktionieren, wie sie die<br \/>\nLandschaft formen und welche Wechselwirkungen mit dem Klima sie pr\u00e4gen zeigt<br \/>\ndieser einzigartige Band. Faszination und Furcht kennzeichnen seit jeher das<br \/>\nVerh\u00e4ltnis der Menschen zu diesen Naturwundern. Doch Gletscher sind auch<br \/>\nscheinbar unersch\u00f6pfliche Ressourcen &#8211; ob als Eislieferanten oder nat\u00fcrliche<br \/>\nWasserspeicher, die im Sommer Seen und B\u00e4che speisen und so die Menschen mit<br \/>\nWasser und auch Strom versorgen. Heute ist das Interesse an Gletschern<br \/>\nbrisanter denn je. Denn: Sie sind eine Art Archiv, das wertvolle Informationen<br \/>\n\u00fcber die Klimaentwicklungen vergangener Zeiten liefert. Schlie\u00dflich geht es<br \/>\nauch um die Frage, wie die Zukunft der Gletscher aussehen wird.<\/p>","protected":false},"excerpt":{"rendered":"<p>Auf einer Reise rund um die ganze Welt f\u00fchrt dieses Buch tief hinein in die eisige Welt der Gletscher. Erleben Sie die Eiskolosse in ihrer ganzen Majest\u00e4t in atemberaubenden Fotos, begleitet von Erl\u00e4uterungen, die auch f\u00fcr den Laien verst\u00e4ndlich sind. Wie Gletscher entstehen und funktionieren, wie sie die Landschaft formen und welche Wechselwirkungen mit dem [&#8230;]\n","protected":false},"featured_media":34255,"template":"","meta":[],"product_brand":[],"product_cat":[21542],"product_tag":[],"class_list":{"0":"post-152977","1":"product","2":"type-product","3":"status-publish","4":"has-post-thumbnail","6":"product_cat-sachbuecher-dokumentationen","7":"pa_autor-wagnon","8":"pa_erscheinungsjahr-21591","9":"pa_region-frankreich","10":"pa_sprache-de","12":"first","13":"outofstock","14":"taxable","15":"shipping-taxable","16":"purchasable","17":"product-type-simple"},"_links":{"self":[{"href":"https:\/\/pizbube.ch\/en\/wp-json\/wp\/v2\/product\/152977","targetHints":{"allow":["GET"]}}],"collection":[{"href":"https:\/\/pizbube.ch\/en\/wp-json\/wp\/v2\/product"}],"about":[{"href":"https:\/\/pizbube.ch\/en\/wp-json\/wp\/v2\/types\/product"}],"wp:featuredmedia":[{"embeddable":true,"href":"https:\/\/pizbube.ch\/en\/wp-json\/wp\/v2\/media\/34255"}],"wp:attachment":[{"href":"https:\/\/pizbube.ch\/en\/wp-json\/wp\/v2\/media?parent=152977"}],"wp:term":[{"taxonomy":"product_brand","embeddable":true,"href":"https:\/\/pizbube.ch\/en\/wp-json\/wp\/v2\/product_brand?post=152977"},{"taxonomy":"product_cat","embeddable":true,"href":"https:\/\/pizbube.ch\/en\/wp-json\/wp\/v2\/product_cat?post=152977"},{"taxonomy":"product_tag","embeddable":true,"href":"https:\/\/pizbube.ch\/en\/wp-json\/wp\/v2\/product_tag?post=152977"}],"curies":[{"name":"wp","href":"https:\/\/api.w.org\/{rel}","templated":true}]}}