{"id":152978,"date":"2021-01-15T12:33:57","date_gmt":"2021-01-15T12:33:57","guid":{"rendered":"https:\/\/codengine3.ch\/?product=import-placeholder-for-205725"},"modified":"2021-01-15T14:43:27","modified_gmt":"2021-01-15T14:43:27","slug":"gletscher-in-der-schweiz","status":"publish","type":"product","link":"https:\/\/pizbube.ch\/en\/shop\/gletscher-in-der-schweiz\/","title":{"rendered":"Gletscher in der Schweiz"},"content":{"rendered":"<p>Jahrhundertelang schenkte man den &#8218;\u00dcberbleibseln der Eiszeit&#8216; keine besondere<br \/>\nAufmerksamkeit. Erst die sichtbaren Auswirkungen des Klimawandels haben den<br \/>\nGletschern zu einer st\u00e4rkeren Beachtung verholfen.<br \/>\nDieses Buch greift das neu erwachte, \u00f6ffentliche Interesse an diesen<br \/>\nmajest\u00e4tischen Regionen auf und bietet denjenigen Hilfe, die diese Gegenden<br \/>\nbesuchen m\u00f6chten oder sich \u00fcber die Schweizer Gletscher informieren wollen.<br \/>\nDie umfassende Beschreibung der wichtigsten Gletscher der Schweiz mit vielen<br \/>\neinzigartigen Bildern aus der Sammlung von Simon und Daniela Oberli wird<br \/>\nerg\u00e4nzt mit allgemeinen und speziellenHinweisen f\u00fcr Wanderer und Besucher.<br \/>\nLokale Besonderheiten, Geschichte, Wirtschaftsfaktoren, Zusammenh\u00e4nge in der<br \/>\nBesiedlung dieser Randregionen und Geologie werden zur Abrundung gestreift.  <\/p>","protected":false},"excerpt":{"rendered":"<p>Jahrhundertelang schenkte man den &#8218;\u00dcberbleibseln der Eiszeit&#8216; keine besondere Aufmerksamkeit. Erst die sichtbaren Auswirkungen des Klimawandels haben den Gletschern zu einer st\u00e4rkeren Beachtung verholfen. Dieses Buch greift das neu erwachte, \u00f6ffentliche Interesse an diesen majest\u00e4tischen Regionen auf und bietet denjenigen Hilfe, die diese Gegenden besuchen m\u00f6chten oder sich \u00fcber die Schweizer Gletscher informieren wollen. Die [&#8230;]\n","protected":false},"featured_media":34541,"template":"","meta":[],"product_brand":[],"product_cat":[21542],"product_tag":[],"class_list":{"0":"post-152978","1":"product","2":"type-product","3":"status-publish","4":"has-post-thumbnail","6":"product_cat-sachbuecher-dokumentationen","7":"pa_autor-blattner","8":"pa_erscheinungsjahr-21693","9":"pa_region-fauna-flora-geologie-glaziologie","10":"pa_sprache-de","12":"first","13":"outofstock","14":"taxable","15":"shipping-taxable","16":"purchasable","17":"product-type-simple"},"_links":{"self":[{"href":"https:\/\/pizbube.ch\/en\/wp-json\/wp\/v2\/product\/152978","targetHints":{"allow":["GET"]}}],"collection":[{"href":"https:\/\/pizbube.ch\/en\/wp-json\/wp\/v2\/product"}],"about":[{"href":"https:\/\/pizbube.ch\/en\/wp-json\/wp\/v2\/types\/product"}],"wp:featuredmedia":[{"embeddable":true,"href":"https:\/\/pizbube.ch\/en\/wp-json\/wp\/v2\/media\/34541"}],"wp:attachment":[{"href":"https:\/\/pizbube.ch\/en\/wp-json\/wp\/v2\/media?parent=152978"}],"wp:term":[{"taxonomy":"product_brand","embeddable":true,"href":"https:\/\/pizbube.ch\/en\/wp-json\/wp\/v2\/product_brand?post=152978"},{"taxonomy":"product_cat","embeddable":true,"href":"https:\/\/pizbube.ch\/en\/wp-json\/wp\/v2\/product_cat?post=152978"},{"taxonomy":"product_tag","embeddable":true,"href":"https:\/\/pizbube.ch\/en\/wp-json\/wp\/v2\/product_tag?post=152978"}],"curies":[{"name":"wp","href":"https:\/\/api.w.org\/{rel}","templated":true}]}}