{"id":152979,"date":"2021-01-15T12:33:58","date_gmt":"2021-01-15T12:33:58","guid":{"rendered":"https:\/\/codengine3.ch\/?product=import-placeholder-for-207371"},"modified":"2021-01-15T16:02:35","modified_gmt":"2021-01-15T16:02:35","slug":"naturnaher-tourismus-qualitaetsstandards-fuer-sanftes-reisen-in-den-alpen","status":"publish","type":"product","link":"https:\/\/pizbube.ch\/en\/shop\/naturnaher-tourismus-qualitaetsstandards-fuer-sanftes-reisen-in-den-alpen\/","title":{"rendered":"Naturnaher Tourismus &#8211; Qualit\u00e4tsstandards f\u00fcr sanftes Reisen in den Alpen"},"content":{"rendered":"<p>Um eine hohe Qualit\u00e4t des naturnahen Tourismus zu gew\u00e4hrleisten, ist ein<br \/>\nfunktionierendes Qualit\u00e4tsmanagement wichtig. Die Autoren pr\u00e4sentieren dazu<br \/>\nzehn Standards. Sie reichen vom Schutz der Natur, der Pflege der Landschaft,<br \/>\nder guten Architektur, der Raumplanung und der Angebotsentwicklung bis zum<br \/>\nnaturnahen Marketing und zur Umweltbildung im Tourismus.<\/p>\n<p>Diese Qualit\u00e4tsstandards wurden unter Einbezug von Expertinnen und Experten<br \/>\naus sechs Alpenl\u00e4ndern erarbeitet und in Fallstudien mit f\u00fcnf Regionen und<br \/>\neinem alpenweit t\u00e4tigen Reiseveranstalter \u00fcberpr\u00fcft. Als Ergebnis liegt eine<br \/>\nCheckliste zum naturnahen Tourismus in den Alpen vor. Damit wird<br \/>\nVerantwortlichen von Destinationen und Regionen ein Werkzeug an die Hand<br \/>\ngegeben, mit dem sie die eigene Arbeit reflektieren und weiterentwickeln<br \/>\nk\u00f6nnen.<\/p>","protected":false},"excerpt":{"rendered":"<ul>\n<li><a href=\"https:\/\/pizbube.ch\/wp-content\/uploads\/attachments\/a_024\/8623D2B600D9CAEC54972F27D0FFFFF3.pdf\" target=\"_blank\" rel=\"noopener\">PDF: Inhaltsverzeichnis<\/a><\/li>\n<\/ul>","protected":false},"featured_media":37273,"template":"","meta":[],"product_brand":[],"product_cat":[21542],"product_tag":[],"class_list":{"0":"post-152979","1":"product","2":"type-product","3":"status-publish","4":"has-post-thumbnail","6":"product_cat-sachbuecher-dokumentationen","7":"pa_autor-siegrist-gessner-ketterer","8":"pa_erscheinungsjahr-21597","9":"pa_region-schweiz","10":"pa_sprache-de","12":"first","13":"instock","14":"taxable","15":"shipping-taxable","16":"purchasable","17":"product-type-simple"},"_links":{"self":[{"href":"https:\/\/pizbube.ch\/en\/wp-json\/wp\/v2\/product\/152979","targetHints":{"allow":["GET"]}}],"collection":[{"href":"https:\/\/pizbube.ch\/en\/wp-json\/wp\/v2\/product"}],"about":[{"href":"https:\/\/pizbube.ch\/en\/wp-json\/wp\/v2\/types\/product"}],"wp:featuredmedia":[{"embeddable":true,"href":"https:\/\/pizbube.ch\/en\/wp-json\/wp\/v2\/media\/37273"}],"wp:attachment":[{"href":"https:\/\/pizbube.ch\/en\/wp-json\/wp\/v2\/media?parent=152979"}],"wp:term":[{"taxonomy":"product_brand","embeddable":true,"href":"https:\/\/pizbube.ch\/en\/wp-json\/wp\/v2\/product_brand?post=152979"},{"taxonomy":"product_cat","embeddable":true,"href":"https:\/\/pizbube.ch\/en\/wp-json\/wp\/v2\/product_cat?post=152979"},{"taxonomy":"product_tag","embeddable":true,"href":"https:\/\/pizbube.ch\/en\/wp-json\/wp\/v2\/product_tag?post=152979"}],"curies":[{"name":"wp","href":"https:\/\/api.w.org\/{rel}","templated":true}]}}